{"id":4764,"date":"2022-02-20T13:42:44","date_gmt":"2022-02-20T12:42:44","guid":{"rendered":"http:\/\/www.szabszinhaz.hu\/?page_id=4764"},"modified":"2022-02-20T13:44:33","modified_gmt":"2022-02-20T12:44:33","slug":"a-legkisebb-boszorkany","status":"publish","type":"page","link":"https:\/\/www.szabadszinhaz.hu\/en\/gyermekeloadasok\/a-legkisebb-boszorkany\/","title":{"rendered":"A legkisebb boszork\u00e1ny"},"content":{"rendered":"<p>[et_pb_section fb_built=&#8221;1&#8243; _builder_version=&#8221;4.14.1&#8243; _module_preset=&#8221;default&#8221; background_color=&#8221;#fff1d0&#8243; global_colors_info=&#8221;{}&#8221;][et_pb_row _builder_version=&#8221;4.14.1&#8243; _module_preset=&#8221;default&#8221; global_colors_info=&#8221;{}&#8221;][et_pb_column type=&#8221;4_4&#8243; _builder_version=&#8221;4.14.1&#8243; _module_preset=&#8221;default&#8221; global_colors_info=&#8221;{}&#8221;][et_pb_text _builder_version=&#8221;4.14.4&#8243; _module_preset=&#8221;default&#8221; text_text_color=&#8221;#000000&#8243; text_font_size=&#8221;28px&#8221; hover_enabled=&#8221;0&#8243; global_colors_info=&#8221;{}&#8221; sticky_enabled=&#8221;0&#8243;]<\/p>\n<p><strong>A legkisebb boszork\u00e1ny<\/strong><\/p>\n<p>[\/et_pb_text][\/et_pb_column][\/et_pb_row][et_pb_row _builder_version=&#8221;4.14.1&#8243; _module_preset=&#8221;default&#8221; custom_padding=&#8221;3px||0px|||&#8221; global_colors_info=&#8221;{}&#8221;][et_pb_column type=&#8221;4_4&#8243; _builder_version=&#8221;4.14.1&#8243; _module_preset=&#8221;default&#8221; global_colors_info=&#8221;{}&#8221;][et_pb_divider color=&#8221;#000000&#8243; divider_weight=&#8221;4px&#8221; _builder_version=&#8221;4.14.1&#8243; _module_preset=&#8221;default&#8221; custom_margin=&#8221;-10px||-58px|||&#8221; global_colors_info=&#8221;{}&#8221;][\/et_pb_divider][\/et_pb_column][\/et_pb_row][et_pb_row _builder_version=&#8221;4.14.1&#8243; _module_preset=&#8221;default&#8221; custom_padding=&#8221;3px|||||&#8221; global_colors_info=&#8221;{}&#8221;][et_pb_column type=&#8221;4_4&#8243; _builder_version=&#8221;4.14.1&#8243; _module_preset=&#8221;default&#8221; global_colors_info=&#8221;{}&#8221;][et_pb_text _builder_version=&#8221;4.14.4&#8243; _module_preset=&#8221;default&#8221; text_text_color=&#8221;#000000&#8243; text_font_size=&#8221;17px&#8221; text_orientation=&#8221;justified&#8221; hover_enabled=&#8221;0&#8243; global_colors_info=&#8221;{}&#8221; sticky_enabled=&#8221;0&#8243;]<\/p>\n<p style=\"text-align: center;\"><strong>Boszork\u00e1nypal\u00e1nta<\/strong><\/p>\n<p>Egy var\u00e1zslatos \u00e9jszak\u00e1n, h\u00e1ztet\u0151k\u00f6n kib\u00fav\u00f3, foszforeszk\u00e1l\u00f3 sepr\u0171k\u00f6n sz\u00e1guldoz\u00f3 boszik \u00fcld\u00f6zik Kir\u00e1ly Kis Mikl\u00f3st, hogy meg ne kaparinthassa a var\u00e1zser\u0151t, \u00edgy hatalmat jelk\u00e9pez\u0151 aranycsik\u00f3t, \u00e9s el ne \u00e9rhesse a boldogs\u00e1got jelent\u0151 t\u00fcnd\u00e9rl\u00e1nyt, T\u00fcnd\u00e9r Terci\u00e1t.<br \/>M\u00e9g a szomjas s\u00e1rk\u00e1ny szob\u00e1j\u00e1ba is becsalj\u00e1k a kir\u00e1lyfit a c\u00e9l \u00e9rdek\u00e9ben.<br \/>Egy , csak egy le\u00e1ny van, a boszik k\u00f6z\u00fcl , aki v\u00e9delm\u00e9be veszi a csetl\u0151 \u2013botl\u00f3 f\u0151h\u0151st, \u0151 Amarilla, a legkisebb a Anya banya boszork\u00e1ny l\u00e1nyai k\u00f6z\u00fcl. A j\u00f3 sz\u00e1nd\u00e9k azonban mit sem \u00e9rne seg\u00edt\u0151t\u00e1rsak n\u00e9lk\u00fcl. Kir\u00e1ly Kis Mikl\u00f3snak seg\u00edts\u00e9g\u00e9re siet a r\u00f3ka, a legkisebb csillagfi\u00fa, \u00e9s az \u00f6reg t\u00e1ltos is. \u00cdgy siker\u00fcl a kir\u00e1lyfinak legy\u0151znie a s\u00e1rk\u00e1nyt, feles\u00e9g\u00fcl vennie T\u00fcnd\u00e9r Terci\u00e1t, \u00e9s megszerezni a leggyorsabb t\u00e1ltost.<br \/>A vid\u00e1m jelenetekkel t\u0171zdelt sz\u00e9p-szomor\u00fa mese L\u00e1z\u00e1r Ervin. A legkisebb boszork\u00e1ny c. mes\u00e9je alapj\u00e1n k\u00e9sz\u00fclt.<br \/>A rendk\u00edv\u00fcl l\u00e1tv\u00e1nyos el\u0151ad\u00e1s kit\u0171n\u0151 csal\u00e1di program. A sz\u00edndarab t\u00e9rszervez\u00e9se a hagyom\u00e1nyost\u00f3l elt\u00e9r\u0151, a n\u00e9z\u0151 gyerekek mindv\u00e9gig r\u00e9szesei az \u00e9gbolton j\u00e1tsz\u00f3d\u00f3 jeleneteknek, mint apr\u00f3 csillagok. A szerepl\u0151k testk\u00f6zelben j\u00e1tszanak, \u00e9s mozognak. \u00dcl\u0151hely\u00fcl nagy felh\u0151k szolg\u00e1lnak, \u00edgy az eleg\u00e1ns alkalmi ruha helyett ink\u00e1bb k\u00e9nyelmes viselet aj\u00e1nlott, amelyben a gyerekek j\u00f3l \u00e9rzik magukat. A mese 3-93 \u00e9ves kor\u00fa gyermekeknek aj\u00e1nlhat\u00f3, vagyis minden sz\u00fcl\u0151, \u00e9s nagysz\u00fcl\u0151 \u00e9lvezni fogja az el\u0151ad\u00e1st, aki elj\u00f6n, els\u0151sorban a nyelvezetnek, a dramaturgi\u00e1nak, \u00e9s a t\u00e1rsulatnak k\u00f6sz\u00f6nhet\u0151en. Az el\u0151ad\u00e1s id\u0151tartama 50-55 perc, amely ide\u00e1lis a gyermekek sz\u00e1m\u00e1ra. A tapasztalatok szerint m\u00e9g a legmozg\u00e9konyabb, \u00e9s izg\u00e1ga gyerekek figyelm\u00e9t is siker\u00fcl fogva tartani ennyi id\u0151re, \u00edgy a sz\u00fcl\u0151knek nem kell att\u00f3l tartani, hogy a gyermeke nem a konvenci\u00f3k szerint viselkedik, s\u0151t kifejezetten felszabadul! Az el\u0151ad\u00e1s minderre alkalmat is ad, v\u00e1rjuk is a gyerekek aktivit\u00e1s\u00e1t, \u00edgy mindenki j\u00f3l \u00e9rzi mag\u00e1t.<br \/>Ebben az el\u0151ad\u00e1sban is a Szabad Sz\u00ednh\u00e1z csaknem teljes t\u00e1rsulat\u00e1t l\u00e1thatja a k\u00f6z\u00f6ns\u00e9g.<\/p>\n<p>[\/et_pb_text][\/et_pb_column][\/et_pb_row][\/et_pb_section]<\/p>\n","protected":false},"excerpt":{"rendered":"<p>A legkisebb boszork\u00e1nyBoszork\u00e1nypal\u00e1nta Egy var\u00e1zslatos \u00e9jszak\u00e1n, h\u00e1ztet\u0151k\u00f6n kib\u00fav\u00f3, foszforeszk\u00e1l\u00f3 sepr\u0171k\u00f6n sz\u00e1guldoz\u00f3 boszik \u00fcld\u00f6zik Kir\u00e1ly Kis Mikl\u00f3st, hogy meg ne kaparinthassa a var\u00e1zser\u0151t, \u00edgy hatalmat jelk\u00e9pez\u0151 aranycsik\u00f3t, \u00e9s el ne \u00e9rhesse [&hellip;]<\/p>\n","protected":false},"author":2,"featured_media":0,"parent":83,"menu_order":0,"comment_status":"closed","ping_status":"closed","template":"","meta":{"_et_pb_use_builder":"on","_et_pb_old_content":"","_et_gb_content_width":"","_price":"","_stock":"","_tribe_ticket_header":"","_tribe_default_ticket_provider":"","_ticket_start_date":"","_ticket_end_date":"","_tribe_ticket_show_description":"","_tribe_ticket_show_not_going":false,"_tribe_ticket_use_global_stock":"","_tribe_ticket_global_stock_level":"","_global_stock_mode":"","_global_stock_cap":"","_tribe_rsvp_for_event":"","_tribe_ticket_going_count":"","_tribe_ticket_not_going_count":"","_tribe_tickets_list":"[]","_tribe_ticket_has_attendee_info_fields":false,"footnotes":"","_tec_slr_enabled":"","_tec_slr_layout":""},"class_list":["post-4764","page","type-page","status-publish","hentry"],"yoast_head":"<!-- This site is optimized with the Yoast SEO plugin v25.0 - https:\/\/yoast.com\/wordpress\/plugins\/seo\/ -->\n<title>A legkisebb boszork\u00e1ny - Szabad Sz\u00ednh\u00e1z<\/title>\n<meta name=\"robots\" content=\"index, follow, max-snippet:-1, max-image-preview:large, max-video-preview:-1\" \/>\n<link rel=\"canonical\" href=\"https:\/\/www.szabadszinhaz.hu\/en\/gyermekeloadasok\/a-legkisebb-boszorkany\/\" \/>\n<meta property=\"og:locale\" content=\"en_US\" \/>\n<meta property=\"og:type\" content=\"article\" \/>\n<meta property=\"og:title\" content=\"A legkisebb boszork\u00e1ny - Szabad Sz\u00ednh\u00e1z\" \/>\n<meta property=\"og:description\" content=\"A legkisebb boszork\u00e1nyBoszork\u00e1nypal\u00e1nta Egy var\u00e1zslatos \u00e9jszak\u00e1n, h\u00e1ztet\u0151k\u00f6n kib\u00fav\u00f3, foszforeszk\u00e1l\u00f3 sepr\u0171k\u00f6n sz\u00e1guldoz\u00f3 boszik \u00fcld\u00f6zik Kir\u00e1ly Kis Mikl\u00f3st, hogy meg ne kaparinthassa a var\u00e1zser\u0151t, \u00edgy hatalmat jelk\u00e9pez\u0151 aranycsik\u00f3t, \u00e9s el ne \u00e9rhesse [&hellip;]\" \/>\n<meta property=\"og:url\" content=\"https:\/\/www.szabadszinhaz.hu\/en\/gyermekeloadasok\/a-legkisebb-boszorkany\/\" \/>\n<meta property=\"og:site_name\" content=\"Szabad Sz\u00ednh\u00e1z\" \/>\n<meta property=\"article:publisher\" content=\"https:\/\/www.facebook.com\/szabadszinhaz\" \/>\n<meta property=\"article:modified_time\" content=\"2022-02-20T12:44:33+00:00\" \/>\n<meta name=\"twitter:card\" content=\"summary_large_image\" \/>\n<meta name=\"twitter:label1\" content=\"Est. reading time\" \/>\n\t<meta name=\"twitter:data1\" content=\"3 minutes\" \/>\n<script type=\"application\/ld+json\" class=\"yoast-schema-graph\">{\"@context\":\"https:\/\/schema.org\",\"@graph\":[{\"@type\":\"WebPage\",\"@id\":\"https:\/\/www.szabadszinhaz.hu\/gyermekeloadasok\/a-legkisebb-boszorkany\/\",\"url\":\"https:\/\/www.szabadszinhaz.hu\/gyermekeloadasok\/a-legkisebb-boszorkany\/\",\"name\":\"A legkisebb boszork\u00e1ny - Szabad Sz\u00ednh\u00e1z\",\"isPartOf\":{\"@id\":\"https:\/\/www.szabadszinhaz.hu\/#website\"},\"datePublished\":\"2022-02-20T12:42:44+00:00\",\"dateModified\":\"2022-02-20T12:44:33+00:00\",\"breadcrumb\":{\"@id\":\"https:\/\/www.szabadszinhaz.hu\/gyermekeloadasok\/a-legkisebb-boszorkany\/#breadcrumb\"},\"inLanguage\":\"en-US\",\"potentialAction\":[{\"@type\":\"ReadAction\",\"target\":[\"https:\/\/www.szabadszinhaz.hu\/gyermekeloadasok\/a-legkisebb-boszorkany\/\"]}]},{\"@type\":\"BreadcrumbList\",\"@id\":\"https:\/\/www.szabadszinhaz.hu\/gyermekeloadasok\/a-legkisebb-boszorkany\/#breadcrumb\",\"itemListElement\":[{\"@type\":\"ListItem\",\"position\":1,\"name\":\"Kezd\u0151lap\",\"item\":\"https:\/\/www.szabadszinhaz.hu\/\"},{\"@type\":\"ListItem\",\"position\":2,\"name\":\"Gyermekel\u0151ad\u00e1sok\",\"item\":\"https:\/\/www.szabadszinhaz.hu\/gyermekeloadasok\/\"},{\"@type\":\"ListItem\",\"position\":3,\"name\":\"A legkisebb boszork\u00e1ny\"}]},{\"@type\":\"WebSite\",\"@id\":\"https:\/\/www.szabadszinhaz.hu\/#website\",\"url\":\"https:\/\/www.szabadszinhaz.hu\/\",\"name\":\"Szabad Sz\u00ednh\u00e1z\",\"description\":\"Szabad Sz\u00ednh\u00e1z\",\"publisher\":{\"@id\":\"https:\/\/www.szabadszinhaz.hu\/#organization\"},\"potentialAction\":[{\"@type\":\"SearchAction\",\"target\":{\"@type\":\"EntryPoint\",\"urlTemplate\":\"https:\/\/www.szabadszinhaz.hu\/?s={search_term_string}\"},\"query-input\":{\"@type\":\"PropertyValueSpecification\",\"valueRequired\":true,\"valueName\":\"search_term_string\"}}],\"inLanguage\":\"en-US\"},{\"@type\":\"Organization\",\"@id\":\"https:\/\/www.szabadszinhaz.hu\/#organization\",\"name\":\"Szabad Sz\u00ednh\u00e1z SZ\u00cdN-T\u00c9R Egyes\u00fclet\",\"url\":\"https:\/\/www.szabadszinhaz.hu\/\",\"logo\":{\"@type\":\"ImageObject\",\"inLanguage\":\"en-US\",\"@id\":\"https:\/\/www.szabadszinhaz.hu\/#\/schema\/logo\/image\/\",\"url\":\"https:\/\/www.szabadszinhaz.hu\/wp-content\/uploads\/2025\/01\/images.jpg\",\"contentUrl\":\"https:\/\/www.szabadszinhaz.hu\/wp-content\/uploads\/2025\/01\/images.jpg\",\"width\":178,\"height\":284,\"caption\":\"Szabad Sz\u00ednh\u00e1z SZ\u00cdN-T\u00c9R Egyes\u00fclet\"},\"image\":{\"@id\":\"https:\/\/www.szabadszinhaz.hu\/#\/schema\/logo\/image\/\"},\"sameAs\":[\"https:\/\/www.facebook.com\/szabadszinhaz\"]}]}<\/script>\n<!-- \/ Yoast SEO plugin. -->","yoast_head_json":{"title":"A legkisebb boszork\u00e1ny - Szabad Sz\u00ednh\u00e1z","robots":{"index":"index","follow":"follow","max-snippet":"max-snippet:-1","max-image-preview":"max-image-preview:large","max-video-preview":"max-video-preview:-1"},"canonical":"https:\/\/www.szabadszinhaz.hu\/en\/gyermekeloadasok\/a-legkisebb-boszorkany\/","og_locale":"en_US","og_type":"article","og_title":"A legkisebb boszork\u00e1ny - Szabad Sz\u00ednh\u00e1z","og_description":"A legkisebb boszork\u00e1nyBoszork\u00e1nypal\u00e1nta Egy var\u00e1zslatos \u00e9jszak\u00e1n, h\u00e1ztet\u0151k\u00f6n kib\u00fav\u00f3, foszforeszk\u00e1l\u00f3 sepr\u0171k\u00f6n sz\u00e1guldoz\u00f3 boszik \u00fcld\u00f6zik Kir\u00e1ly Kis Mikl\u00f3st, hogy meg ne kaparinthassa a var\u00e1zser\u0151t, \u00edgy hatalmat jelk\u00e9pez\u0151 aranycsik\u00f3t, \u00e9s el ne \u00e9rhesse [&hellip;]","og_url":"https:\/\/www.szabadszinhaz.hu\/en\/gyermekeloadasok\/a-legkisebb-boszorkany\/","og_site_name":"Szabad Sz\u00ednh\u00e1z","article_publisher":"https:\/\/www.facebook.com\/szabadszinhaz","article_modified_time":"2022-02-20T12:44:33+00:00","twitter_card":"summary_large_image","twitter_misc":{"Est. reading time":"3 minutes"},"schema":{"@context":"https:\/\/schema.org","@graph":[{"@type":"WebPage","@id":"https:\/\/www.szabadszinhaz.hu\/gyermekeloadasok\/a-legkisebb-boszorkany\/","url":"https:\/\/www.szabadszinhaz.hu\/gyermekeloadasok\/a-legkisebb-boszorkany\/","name":"A legkisebb boszork\u00e1ny - Szabad Sz\u00ednh\u00e1z","isPartOf":{"@id":"https:\/\/www.szabadszinhaz.hu\/#website"},"datePublished":"2022-02-20T12:42:44+00:00","dateModified":"2022-02-20T12:44:33+00:00","breadcrumb":{"@id":"https:\/\/www.szabadszinhaz.hu\/gyermekeloadasok\/a-legkisebb-boszorkany\/#breadcrumb"},"inLanguage":"en-US","potentialAction":[{"@type":"ReadAction","target":["https:\/\/www.szabadszinhaz.hu\/gyermekeloadasok\/a-legkisebb-boszorkany\/"]}]},{"@type":"BreadcrumbList","@id":"https:\/\/www.szabadszinhaz.hu\/gyermekeloadasok\/a-legkisebb-boszorkany\/#breadcrumb","itemListElement":[{"@type":"ListItem","position":1,"name":"Kezd\u0151lap","item":"https:\/\/www.szabadszinhaz.hu\/"},{"@type":"ListItem","position":2,"name":"Gyermekel\u0151ad\u00e1sok","item":"https:\/\/www.szabadszinhaz.hu\/gyermekeloadasok\/"},{"@type":"ListItem","position":3,"name":"A legkisebb boszork\u00e1ny"}]},{"@type":"WebSite","@id":"https:\/\/www.szabadszinhaz.hu\/#website","url":"https:\/\/www.szabadszinhaz.hu\/","name":"Free Theatre - Szabad Sz\u00ednh\u00e1z","description":"Free Theatre - Szabad Sz\u00ednh\u00e1z","publisher":{"@id":"https:\/\/www.szabadszinhaz.hu\/#organization"},"potentialAction":[{"@type":"SearchAction","target":{"@type":"EntryPoint","urlTemplate":"https:\/\/www.szabadszinhaz.hu\/?s={search_term_string}"},"query-input":{"@type":"PropertyValueSpecification","valueRequired":true,"valueName":"search_term_string"}}],"inLanguage":"en-US"},{"@type":"Organization","@id":"https:\/\/www.szabadszinhaz.hu\/#organization","name":"Szabad Sz\u00ednh\u00e1z SZ\u00cdN-T\u00c9R Egyes\u00fclet","url":"https:\/\/www.szabadszinhaz.hu\/","logo":{"@type":"ImageObject","inLanguage":"en-US","@id":"https:\/\/www.szabadszinhaz.hu\/#\/schema\/logo\/image\/","url":"https:\/\/www.szabadszinhaz.hu\/wp-content\/uploads\/2025\/01\/images.jpg","contentUrl":"https:\/\/www.szabadszinhaz.hu\/wp-content\/uploads\/2025\/01\/images.jpg","width":178,"height":284,"caption":"Szabad Sz\u00ednh\u00e1z SZ\u00cdN-T\u00c9R Egyes\u00fclet"},"image":{"@id":"https:\/\/www.szabadszinhaz.hu\/#\/schema\/logo\/image\/"},"sameAs":["https:\/\/www.facebook.com\/szabadszinhaz"]}]}},"ticketed":false,"_links":{"self":[{"href":"https:\/\/www.szabadszinhaz.hu\/en\/wp-json\/wp\/v2\/pages\/4764","targetHints":{"allow":["GET"]}}],"collection":[{"href":"https:\/\/www.szabadszinhaz.hu\/en\/wp-json\/wp\/v2\/pages"}],"about":[{"href":"https:\/\/www.szabadszinhaz.hu\/en\/wp-json\/wp\/v2\/types\/page"}],"author":[{"embeddable":true,"href":"https:\/\/www.szabadszinhaz.hu\/en\/wp-json\/wp\/v2\/users\/2"}],"replies":[{"embeddable":true,"href":"https:\/\/www.szabadszinhaz.hu\/en\/wp-json\/wp\/v2\/comments?post=4764"}],"version-history":[{"count":3,"href":"https:\/\/www.szabadszinhaz.hu\/en\/wp-json\/wp\/v2\/pages\/4764\/revisions"}],"predecessor-version":[{"id":4768,"href":"https:\/\/www.szabadszinhaz.hu\/en\/wp-json\/wp\/v2\/pages\/4764\/revisions\/4768"}],"up":[{"embeddable":true,"href":"https:\/\/www.szabadszinhaz.hu\/en\/wp-json\/wp\/v2\/pages\/83"}],"wp:attachment":[{"href":"https:\/\/www.szabadszinhaz.hu\/en\/wp-json\/wp\/v2\/media?parent=4764"}],"curies":[{"name":"wp","href":"https:\/\/api.w.org\/{rel}","templated":true}]}}