{"id":4707,"date":"2022-02-20T11:04:26","date_gmt":"2022-02-20T10:04:26","guid":{"rendered":"http:\/\/www.szabszinhaz.hu\/?page_id=4707"},"modified":"2022-02-20T11:42:14","modified_gmt":"2022-02-20T10:42:14","slug":"tovirag","status":"publish","type":"page","link":"https:\/\/www.szabadszinhaz.hu\/en\/gyermekeloadasok\/tovirag\/","title":{"rendered":"T\u00f3vir\u00e1g"},"content":{"rendered":"<p>[et_pb_section fb_built=&#8221;1&#8243; _builder_version=&#8221;4.14.1&#8243; _module_preset=&#8221;default&#8221; background_color=&#8221;#fff1d0&#8243; global_colors_info=&#8221;{}&#8221;][et_pb_row _builder_version=&#8221;4.14.1&#8243; _module_preset=&#8221;default&#8221; global_colors_info=&#8221;{}&#8221;][et_pb_column type=&#8221;4_4&#8243; _builder_version=&#8221;4.14.1&#8243; _module_preset=&#8221;default&#8221; global_colors_info=&#8221;{}&#8221;][et_pb_text _builder_version=&#8221;4.14.4&#8243; _module_preset=&#8221;default&#8221; text_text_color=&#8221;#000000&#8243; text_font_size=&#8221;28px&#8221; global_colors_info=&#8221;{}&#8221;]<\/p>\n<p><strong>T\u00f3vir\u00e1g <\/strong><\/p>\n<p>[\/et_pb_text][\/et_pb_column][\/et_pb_row][et_pb_row _builder_version=&#8221;4.14.1&#8243; _module_preset=&#8221;default&#8221; custom_padding=&#8221;3px||0px|||&#8221; global_colors_info=&#8221;{}&#8221;][et_pb_column type=&#8221;4_4&#8243; _builder_version=&#8221;4.14.1&#8243; _module_preset=&#8221;default&#8221; global_colors_info=&#8221;{}&#8221;][et_pb_divider color=&#8221;#000000&#8243; divider_weight=&#8221;4px&#8221; _builder_version=&#8221;4.14.1&#8243; _module_preset=&#8221;default&#8221; custom_margin=&#8221;-10px||-58px|||&#8221; global_colors_info=&#8221;{}&#8221;][\/et_pb_divider][\/et_pb_column][\/et_pb_row][et_pb_row _builder_version=&#8221;4.14.1&#8243; _module_preset=&#8221;default&#8221; custom_padding=&#8221;3px|||||&#8221; global_colors_info=&#8221;{}&#8221;][et_pb_column type=&#8221;4_4&#8243; _builder_version=&#8221;4.14.1&#8243; _module_preset=&#8221;default&#8221; global_colors_info=&#8221;{}&#8221;][et_pb_text _builder_version=&#8221;4.14.4&#8243; _module_preset=&#8221;default&#8221; text_text_color=&#8221;#000000&#8243; text_font_size=&#8221;17px&#8221; text_orientation=&#8221;justified&#8221; global_colors_info=&#8221;{}&#8221;]<\/p>\n<p style=\"text-align: center;\">A kamassz\u00e1 serd\u00fclt kis T\u00f3vir\u00e1g boldogan \u00e9l v\u00edz alatti vil\u00e1g\u00e1ban.<br \/>Mindig \u00e9s mindenre k\u00edv\u00e1ncsi, mindenr\u0151l mindent szeretne tudni\u2026 Ez\u00e9rt nagyon f\u00e9lti \u0151t, a pap\u00e1ja, a Nagy Tavak kir\u00e1lya, mert att\u00f3l f\u00e9l, T\u00f3vir\u00e1g k\u00edv\u00e1ncsis\u00e1ga t\u00fal messzire terjed, a v\u00edzi vil\u00e1gon k\u00edv\u00fclre. Ott pedig vesz\u00e9lyes l\u00e9nyek \u00e9lnek\u2026 T\u00f3vir\u00e1g azonban tele van \u00e9lettel, \u00e9s a tilt\u00e1s ellen\u00e9re szeretn\u00e9 felfedezni a felsz\u00edn feletti vil\u00e1got is, ez\u00e9rt pajt\u00e1sai, a halacsk\u00e1k seg\u00edts\u00e9g\u00e9vel egy barlangon kereszt\u00fcl feljut a felsz\u00ednre, ahol m\u00e1r nemcsak bar\u00e1tokkal tal\u00e1lkozik\u2026 A keser\u00e9des mese alapja a magyar tavak, vizek legend\u00e1riuma, szerepl\u0151i pedig b\u00e1jos v\u00edzi l\u00e9nyek, valamint saj\u00e1tos gondolkod\u00e1s\u00fa k\u00e9t\u00e9lt\u0171ek, akik, hol seg\u00edt\u0151, hol \u00e1rt\u00f3 sz\u00e1nd\u00e9kkal keresztezik a Kis T\u00f3vir\u00e1g kalandos utaz\u00e1s\u00e1t\u2026<\/p>\n<p>[\/et_pb_text][et_pb_image src=&#8221;\/wp-content\/uploads\/2022\/02\/szabad-szinhaz-tovirag-35.jpg-nggid03679-ngg0dyn-550x0x100-00f0w010c010r110f110r010t010.jpg&#8221; title_text=&#8221;szabad-szinhaz-tovirag-35.jpg-nggid03679-ngg0dyn-550x0x100-00f0w010c010r110f110r010t010&#8243; align=&#8221;center&#8221; _builder_version=&#8221;4.14.4&#8243; _module_preset=&#8221;default&#8221; global_colors_info=&#8221;{}&#8221;][\/et_pb_image][et_pb_text _builder_version=&#8221;4.14.4&#8243; _module_preset=&#8221;default&#8221; hover_enabled=&#8221;0&#8243; sticky_enabled=&#8221;0&#8243;]<\/p>\n<div style=\"text-align: center;\"><strong>T\u00f3vir\u00e1g:<\/strong><span> <\/span>Scheer Panna<\/div>\n<div style=\"text-align: center;\"><strong>T\u00f3 Kir\u00e1ly: <\/strong>Udvaros Gy\u00f6rgy<\/div>\n<div style=\"text-align: center;\"><strong>\u00d6reg harcsa:<\/strong><span> <\/span>Magony Imre<\/div>\n<div style=\"text-align: center;\"><strong>Ponty:<\/strong><span> <\/span>Balogh Mih\u00e1ly<\/div>\n<div style=\"text-align: center;\"><strong>Unka Tan\u00edt\u00f3:<\/strong><span> <\/span> Kov\u00e1cs Szil\u00e1rd<\/div>\n<div style=\"text-align: center;\"><strong>Torna Csuka ( Ragadoz\u00f3):<\/strong><span> <\/span>Kremnitzky Gerg\u0151<\/div>\n<div style=\"text-align: center;\"><strong>R\u00e1k:<\/strong><span> <\/span>S\u00fcmegi Kata<\/div>\n<div style=\"text-align: center;\"><strong>Les\u0151 harcsa:<\/strong><span> <\/span>Horv\u00e1th M\u00e1rk<\/div>\n<div style=\"text-align: center;\"><strong>R\u00e9ti Cs\u00edkhal:<\/strong><span> <\/span>Kov\u00e1cs M\u00e1t\u00e9\/F\u00fclep B\u00e1lint<\/div>\n<div style=\"text-align: center;\"><strong>B\u00e9ka k\u00f3rus:<\/strong><span> <\/span>Kov\u00e1cs Szil\u00e1rd, Szab\u00f3 Mikl\u00f3s,K\u00f6vesi T\u00fcnde, St\u00e9ger Ildi, S\u00fcmegi Kata<\/div>\n<div style=\"text-align: center;\"><strong>Vizi Lizi-kecsege:<\/strong><span>\u00a0<\/span>Szab\u00f3 Anett<\/div>\n<div style=\"text-align: center;\"><strong>Viza Laza<\/strong><span> <\/span> Szab\u00f3 Mikl\u00f3s Bence<\/div>\n<div style=\"text-align: center;\"><strong>P\u00e9nzes P\u00e9r:<\/strong><span> <\/span>Szab\u00f3 Mikl\u00f3s\/ Solymossy Zolt\u00e1n<\/div>\n<div style=\"text-align: center;\"><strong>Le\u00e1nykoncz\u00e9r: <\/strong>St\u00e9ger Ildik\u00f3<\/div>\n<div style=\"text-align: center;\"><strong>Horg\u00e1sz:<\/strong><span> <\/span>Brechler Tibor<\/div>\n<div style=\"text-align: center;\"><strong>Dramaturg, rendez\u0151: <\/strong>Nagy Judit<\/div>\n<p>[\/et_pb_text][\/et_pb_column][\/et_pb_row][\/et_pb_section]<\/p>\n","protected":false},"excerpt":{"rendered":"<p>T\u00f3vir\u00e1g A kamassz\u00e1 serd\u00fclt kis T\u00f3vir\u00e1g boldogan \u00e9l v\u00edz alatti vil\u00e1g\u00e1ban.Mindig \u00e9s mindenre k\u00edv\u00e1ncsi, mindenr\u0151l mindent szeretne tudni\u2026 Ez\u00e9rt nagyon f\u00e9lti \u0151t, a pap\u00e1ja, a Nagy Tavak kir\u00e1lya, mert att\u00f3l [&hellip;]<\/p>\n","protected":false},"author":2,"featured_media":0,"parent":83,"menu_order":0,"comment_status":"closed","ping_status":"closed","template":"","meta":{"_et_pb_use_builder":"on","_et_pb_old_content":"","_et_gb_content_width":"","_price":"","_stock":"","_tribe_ticket_header":"","_tribe_default_ticket_provider":"","_ticket_start_date":"","_ticket_end_date":"","_tribe_ticket_show_description":"","_tribe_ticket_show_not_going":false,"_tribe_ticket_use_global_stock":"","_tribe_ticket_global_stock_level":"","_global_stock_mode":"","_global_stock_cap":"","_tribe_rsvp_for_event":"","_tribe_ticket_going_count":"","_tribe_ticket_not_going_count":"","_tribe_tickets_list":"[]","_tribe_ticket_has_attendee_info_fields":false,"footnotes":"","_tec_slr_enabled":"","_tec_slr_layout":""},"class_list":["post-4707","page","type-page","status-publish","hentry"],"yoast_head":"<!-- This site is optimized with the Yoast SEO plugin v25.0 - https:\/\/yoast.com\/wordpress\/plugins\/seo\/ -->\n<title>T\u00f3vir\u00e1g - Szabad Sz\u00ednh\u00e1z<\/title>\n<meta name=\"robots\" content=\"index, follow, max-snippet:-1, max-image-preview:large, max-video-preview:-1\" \/>\n<link rel=\"canonical\" href=\"https:\/\/www.szabadszinhaz.hu\/en\/gyermekeloadasok\/tovirag\/\" \/>\n<meta property=\"og:locale\" content=\"en_US\" \/>\n<meta property=\"og:type\" content=\"article\" \/>\n<meta property=\"og:title\" content=\"T\u00f3vir\u00e1g - Szabad Sz\u00ednh\u00e1z\" \/>\n<meta property=\"og:description\" content=\"T\u00f3vir\u00e1g A kamassz\u00e1 serd\u00fclt kis T\u00f3vir\u00e1g boldogan \u00e9l v\u00edz alatti vil\u00e1g\u00e1ban.Mindig \u00e9s mindenre k\u00edv\u00e1ncsi, mindenr\u0151l mindent szeretne tudni\u2026 Ez\u00e9rt nagyon f\u00e9lti \u0151t, a pap\u00e1ja, a Nagy Tavak kir\u00e1lya, mert att\u00f3l [&hellip;]\" \/>\n<meta property=\"og:url\" content=\"https:\/\/www.szabadszinhaz.hu\/en\/gyermekeloadasok\/tovirag\/\" \/>\n<meta property=\"og:site_name\" content=\"Szabad Sz\u00ednh\u00e1z\" \/>\n<meta property=\"article:publisher\" content=\"https:\/\/www.facebook.com\/szabadszinhaz\" \/>\n<meta property=\"article:modified_time\" content=\"2022-02-20T10:42:14+00:00\" \/>\n<meta name=\"twitter:card\" content=\"summary_large_image\" \/>\n<meta name=\"twitter:label1\" content=\"Est. reading time\" \/>\n\t<meta name=\"twitter:data1\" content=\"3 minutes\" \/>\n<script type=\"application\/ld+json\" class=\"yoast-schema-graph\">{\"@context\":\"https:\/\/schema.org\",\"@graph\":[{\"@type\":\"WebPage\",\"@id\":\"https:\/\/www.szabadszinhaz.hu\/gyermekeloadasok\/tovirag\/\",\"url\":\"https:\/\/www.szabadszinhaz.hu\/gyermekeloadasok\/tovirag\/\",\"name\":\"T\u00f3vir\u00e1g - Szabad Sz\u00ednh\u00e1z\",\"isPartOf\":{\"@id\":\"https:\/\/www.szabadszinhaz.hu\/#website\"},\"datePublished\":\"2022-02-20T10:04:26+00:00\",\"dateModified\":\"2022-02-20T10:42:14+00:00\",\"breadcrumb\":{\"@id\":\"https:\/\/www.szabadszinhaz.hu\/gyermekeloadasok\/tovirag\/#breadcrumb\"},\"inLanguage\":\"en-US\",\"potentialAction\":[{\"@type\":\"ReadAction\",\"target\":[\"https:\/\/www.szabadszinhaz.hu\/gyermekeloadasok\/tovirag\/\"]}]},{\"@type\":\"BreadcrumbList\",\"@id\":\"https:\/\/www.szabadszinhaz.hu\/gyermekeloadasok\/tovirag\/#breadcrumb\",\"itemListElement\":[{\"@type\":\"ListItem\",\"position\":1,\"name\":\"Kezd\u0151lap\",\"item\":\"https:\/\/www.szabadszinhaz.hu\/\"},{\"@type\":\"ListItem\",\"position\":2,\"name\":\"Gyermekel\u0151ad\u00e1sok\",\"item\":\"https:\/\/www.szabadszinhaz.hu\/gyermekeloadasok\/\"},{\"@type\":\"ListItem\",\"position\":3,\"name\":\"T\u00f3vir\u00e1g\"}]},{\"@type\":\"WebSite\",\"@id\":\"https:\/\/www.szabadszinhaz.hu\/#website\",\"url\":\"https:\/\/www.szabadszinhaz.hu\/\",\"name\":\"Szabad Sz\u00ednh\u00e1z\",\"description\":\"Szabad Sz\u00ednh\u00e1z\",\"publisher\":{\"@id\":\"https:\/\/www.szabadszinhaz.hu\/#organization\"},\"potentialAction\":[{\"@type\":\"SearchAction\",\"target\":{\"@type\":\"EntryPoint\",\"urlTemplate\":\"https:\/\/www.szabadszinhaz.hu\/?s={search_term_string}\"},\"query-input\":{\"@type\":\"PropertyValueSpecification\",\"valueRequired\":true,\"valueName\":\"search_term_string\"}}],\"inLanguage\":\"en-US\"},{\"@type\":\"Organization\",\"@id\":\"https:\/\/www.szabadszinhaz.hu\/#organization\",\"name\":\"Szabad Sz\u00ednh\u00e1z SZ\u00cdN-T\u00c9R Egyes\u00fclet\",\"url\":\"https:\/\/www.szabadszinhaz.hu\/\",\"logo\":{\"@type\":\"ImageObject\",\"inLanguage\":\"en-US\",\"@id\":\"https:\/\/www.szabadszinhaz.hu\/#\/schema\/logo\/image\/\",\"url\":\"https:\/\/www.szabadszinhaz.hu\/wp-content\/uploads\/2025\/01\/images.jpg\",\"contentUrl\":\"https:\/\/www.szabadszinhaz.hu\/wp-content\/uploads\/2025\/01\/images.jpg\",\"width\":178,\"height\":284,\"caption\":\"Szabad Sz\u00ednh\u00e1z SZ\u00cdN-T\u00c9R Egyes\u00fclet\"},\"image\":{\"@id\":\"https:\/\/www.szabadszinhaz.hu\/#\/schema\/logo\/image\/\"},\"sameAs\":[\"https:\/\/www.facebook.com\/szabadszinhaz\"]}]}<\/script>\n<!-- \/ Yoast SEO plugin. -->","yoast_head_json":{"title":"T\u00f3vir\u00e1g - Szabad Sz\u00ednh\u00e1z","robots":{"index":"index","follow":"follow","max-snippet":"max-snippet:-1","max-image-preview":"max-image-preview:large","max-video-preview":"max-video-preview:-1"},"canonical":"https:\/\/www.szabadszinhaz.hu\/en\/gyermekeloadasok\/tovirag\/","og_locale":"en_US","og_type":"article","og_title":"T\u00f3vir\u00e1g - Szabad Sz\u00ednh\u00e1z","og_description":"T\u00f3vir\u00e1g A kamassz\u00e1 serd\u00fclt kis T\u00f3vir\u00e1g boldogan \u00e9l v\u00edz alatti vil\u00e1g\u00e1ban.Mindig \u00e9s mindenre k\u00edv\u00e1ncsi, mindenr\u0151l mindent szeretne tudni\u2026 Ez\u00e9rt nagyon f\u00e9lti \u0151t, a pap\u00e1ja, a Nagy Tavak kir\u00e1lya, mert att\u00f3l [&hellip;]","og_url":"https:\/\/www.szabadszinhaz.hu\/en\/gyermekeloadasok\/tovirag\/","og_site_name":"Szabad Sz\u00ednh\u00e1z","article_publisher":"https:\/\/www.facebook.com\/szabadszinhaz","article_modified_time":"2022-02-20T10:42:14+00:00","twitter_card":"summary_large_image","twitter_misc":{"Est. reading time":"3 minutes"},"schema":{"@context":"https:\/\/schema.org","@graph":[{"@type":"WebPage","@id":"https:\/\/www.szabadszinhaz.hu\/gyermekeloadasok\/tovirag\/","url":"https:\/\/www.szabadszinhaz.hu\/gyermekeloadasok\/tovirag\/","name":"T\u00f3vir\u00e1g - Szabad Sz\u00ednh\u00e1z","isPartOf":{"@id":"https:\/\/www.szabadszinhaz.hu\/#website"},"datePublished":"2022-02-20T10:04:26+00:00","dateModified":"2022-02-20T10:42:14+00:00","breadcrumb":{"@id":"https:\/\/www.szabadszinhaz.hu\/gyermekeloadasok\/tovirag\/#breadcrumb"},"inLanguage":"en-US","potentialAction":[{"@type":"ReadAction","target":["https:\/\/www.szabadszinhaz.hu\/gyermekeloadasok\/tovirag\/"]}]},{"@type":"BreadcrumbList","@id":"https:\/\/www.szabadszinhaz.hu\/gyermekeloadasok\/tovirag\/#breadcrumb","itemListElement":[{"@type":"ListItem","position":1,"name":"Kezd\u0151lap","item":"https:\/\/www.szabadszinhaz.hu\/"},{"@type":"ListItem","position":2,"name":"Gyermekel\u0151ad\u00e1sok","item":"https:\/\/www.szabadszinhaz.hu\/gyermekeloadasok\/"},{"@type":"ListItem","position":3,"name":"T\u00f3vir\u00e1g"}]},{"@type":"WebSite","@id":"https:\/\/www.szabadszinhaz.hu\/#website","url":"https:\/\/www.szabadszinhaz.hu\/","name":"Free Theatre - Szabad Sz\u00ednh\u00e1z","description":"Free Theatre - Szabad Sz\u00ednh\u00e1z","publisher":{"@id":"https:\/\/www.szabadszinhaz.hu\/#organization"},"potentialAction":[{"@type":"SearchAction","target":{"@type":"EntryPoint","urlTemplate":"https:\/\/www.szabadszinhaz.hu\/?s={search_term_string}"},"query-input":{"@type":"PropertyValueSpecification","valueRequired":true,"valueName":"search_term_string"}}],"inLanguage":"en-US"},{"@type":"Organization","@id":"https:\/\/www.szabadszinhaz.hu\/#organization","name":"Szabad Sz\u00ednh\u00e1z SZ\u00cdN-T\u00c9R Egyes\u00fclet","url":"https:\/\/www.szabadszinhaz.hu\/","logo":{"@type":"ImageObject","inLanguage":"en-US","@id":"https:\/\/www.szabadszinhaz.hu\/#\/schema\/logo\/image\/","url":"https:\/\/www.szabadszinhaz.hu\/wp-content\/uploads\/2025\/01\/images.jpg","contentUrl":"https:\/\/www.szabadszinhaz.hu\/wp-content\/uploads\/2025\/01\/images.jpg","width":178,"height":284,"caption":"Szabad Sz\u00ednh\u00e1z SZ\u00cdN-T\u00c9R Egyes\u00fclet"},"image":{"@id":"https:\/\/www.szabadszinhaz.hu\/#\/schema\/logo\/image\/"},"sameAs":["https:\/\/www.facebook.com\/szabadszinhaz"]}]}},"ticketed":false,"_links":{"self":[{"href":"https:\/\/www.szabadszinhaz.hu\/en\/wp-json\/wp\/v2\/pages\/4707","targetHints":{"allow":["GET"]}}],"collection":[{"href":"https:\/\/www.szabadszinhaz.hu\/en\/wp-json\/wp\/v2\/pages"}],"about":[{"href":"https:\/\/www.szabadszinhaz.hu\/en\/wp-json\/wp\/v2\/types\/page"}],"author":[{"embeddable":true,"href":"https:\/\/www.szabadszinhaz.hu\/en\/wp-json\/wp\/v2\/users\/2"}],"replies":[{"embeddable":true,"href":"https:\/\/www.szabadszinhaz.hu\/en\/wp-json\/wp\/v2\/comments?post=4707"}],"version-history":[{"count":5,"href":"https:\/\/www.szabadszinhaz.hu\/en\/wp-json\/wp\/v2\/pages\/4707\/revisions"}],"predecessor-version":[{"id":4717,"href":"https:\/\/www.szabadszinhaz.hu\/en\/wp-json\/wp\/v2\/pages\/4707\/revisions\/4717"}],"up":[{"embeddable":true,"href":"https:\/\/www.szabadszinhaz.hu\/en\/wp-json\/wp\/v2\/pages\/83"}],"wp:attachment":[{"href":"https:\/\/www.szabadszinhaz.hu\/en\/wp-json\/wp\/v2\/media?parent=4707"}],"curies":[{"name":"wp","href":"https:\/\/api.w.org\/{rel}","templated":true}]}}