{"id":4661,"date":"2022-02-20T10:04:45","date_gmt":"2022-02-20T09:04:45","guid":{"rendered":"http:\/\/www.szabszinhaz.hu\/?page_id=4661"},"modified":"2022-02-20T10:06:39","modified_gmt":"2022-02-20T09:06:39","slug":"egy-kis-karacini-csoda","status":"publish","type":"page","link":"https:\/\/www.szabadszinhaz.hu\/en\/gyermekeloadasok\/egy-kis-karacini-csoda\/","title":{"rendered":"Egy kis kar\u00e1cini csoda"},"content":{"rendered":"<p>[et_pb_section fb_built=&#8221;1&#8243; _builder_version=&#8221;4.14.1&#8243; _module_preset=&#8221;default&#8221; background_color=&#8221;#fff1d0&#8243; global_colors_info=&#8221;{}&#8221;][et_pb_row _builder_version=&#8221;4.14.1&#8243; _module_preset=&#8221;default&#8221; global_colors_info=&#8221;{}&#8221;][et_pb_column type=&#8221;4_4&#8243; _builder_version=&#8221;4.14.1&#8243; _module_preset=&#8221;default&#8221; global_colors_info=&#8221;{}&#8221;][et_pb_text _builder_version=&#8221;4.14.4&#8243; _module_preset=&#8221;default&#8221; text_text_color=&#8221;#000000&#8243; text_font_size=&#8221;28px&#8221; hover_enabled=&#8221;0&#8243; global_colors_info=&#8221;{}&#8221; sticky_enabled=&#8221;0&#8243;]<\/p>\n<p><strong>Egy kis kar\u00e1cini csoda<\/strong><\/p>\n<p>[\/et_pb_text][\/et_pb_column][\/et_pb_row][et_pb_row _builder_version=&#8221;4.14.1&#8243; _module_preset=&#8221;default&#8221; custom_padding=&#8221;3px||0px|||&#8221; global_colors_info=&#8221;{}&#8221;][et_pb_column type=&#8221;4_4&#8243; _builder_version=&#8221;4.14.1&#8243; _module_preset=&#8221;default&#8221; global_colors_info=&#8221;{}&#8221;][et_pb_divider color=&#8221;#000000&#8243; divider_weight=&#8221;4px&#8221; _builder_version=&#8221;4.14.1&#8243; _module_preset=&#8221;default&#8221; custom_margin=&#8221;-10px||-58px|||&#8221; global_colors_info=&#8221;{}&#8221;][\/et_pb_divider][\/et_pb_column][\/et_pb_row][et_pb_row _builder_version=&#8221;4.14.1&#8243; _module_preset=&#8221;default&#8221; custom_padding=&#8221;3px|||||&#8221; global_colors_info=&#8221;{}&#8221;][et_pb_column type=&#8221;4_4&#8243; _builder_version=&#8221;4.14.1&#8243; _module_preset=&#8221;default&#8221; global_colors_info=&#8221;{}&#8221;][et_pb_text _builder_version=&#8221;4.14.4&#8243; _module_preset=&#8221;default&#8221; text_text_color=&#8221;#000000&#8243; text_font_size=&#8221;17px&#8221; text_orientation=&#8221;justified&#8221; hover_enabled=&#8221;0&#8243; global_colors_info=&#8221;{}&#8221; sticky_enabled=&#8221;0&#8243;]<\/p>\n<p style=\"text-align: center;\"><strong>Egy kis kar\u00e1cini csoda<\/strong><\/p>\n<p style=\"text-align: center;\">A Cincin kast\u00e9ly titka, hov\u00e1 t\u0171nt az elveszett sajtgy\u00e9m\u00e1nt?<\/p>\n<p style=\"text-align: center;\">Tal\u00e1lkozhattok:<br \/>Lord Cincinnel \u00e9s csal\u00e1dj\u00e1val,<br \/>Gomolya Kisasszonnyal,<br \/>Kvardli Asszonnyal,<br \/>Lady Brie-val,<br \/>Lady Camenbert-el,<br \/>Lady Gonzol\u00e1val,<br \/>Lady Goud\u00e1val,<br \/>Lady Mozzarell\u00e1val,<br \/>Lady Ricott\u00e1val,<br \/>Pareny Ic\u00e1val,<br \/>Parmez\u00e1n Kisasszonnyal,<br \/>Pusztai P\u00e1llal<br \/>Trapp Pist\u00e1val \u00e9s<br \/>Sir Rocforttal.<\/p>\n<p>[\/et_pb_text][et_pb_image src=&#8221;\/wp-content\/uploads\/2022\/01\/karacini-csoda.jpg&#8221; title_text=&#8221;karacini-csoda&#8221; align=&#8221;center&#8221; _builder_version=&#8221;4.14.4&#8243; _module_preset=&#8221;default&#8221; hover_enabled=&#8221;0&#8243; global_colors_info=&#8221;{}&#8221; sticky_enabled=&#8221;0&#8243;][\/et_pb_image][\/et_pb_column][\/et_pb_row][\/et_pb_section]<\/p>\n","protected":false},"excerpt":{"rendered":"<p>Egy kis kar\u00e1cini csodaEgy kis kar\u00e1cini csoda A Cincin kast\u00e9ly titka, hov\u00e1 t\u0171nt az elveszett sajtgy\u00e9m\u00e1nt? Tal\u00e1lkozhattok:Lord Cincinnel \u00e9s csal\u00e1dj\u00e1val,Gomolya Kisasszonnyal,Kvardli Asszonnyal,Lady Brie-val,Lady Camenbert-el,Lady Gonzol\u00e1val,Lady Goud\u00e1val,Lady Mozzarell\u00e1val,Lady Ricott\u00e1val,Pareny Ic\u00e1val,Parmez\u00e1n Kisasszonnyal,Pusztai [&hellip;]<\/p>\n","protected":false},"author":2,"featured_media":0,"parent":83,"menu_order":0,"comment_status":"closed","ping_status":"closed","template":"","meta":{"_et_pb_use_builder":"on","_et_pb_old_content":"","_et_gb_content_width":"","_price":"","_stock":"","_tribe_ticket_header":"","_tribe_default_ticket_provider":"","_ticket_start_date":"","_ticket_end_date":"","_tribe_ticket_show_description":"","_tribe_ticket_show_not_going":false,"_tribe_ticket_use_global_stock":"","_tribe_ticket_global_stock_level":"","_global_stock_mode":"","_global_stock_cap":"","_tribe_rsvp_for_event":"","_tribe_ticket_going_count":"","_tribe_ticket_not_going_count":"","_tribe_tickets_list":"[]","_tribe_ticket_has_attendee_info_fields":false,"footnotes":"","_tec_slr_enabled":"","_tec_slr_layout":""},"class_list":["post-4661","page","type-page","status-publish","hentry"],"yoast_head":"<!-- This site is optimized with the Yoast SEO plugin v25.0 - https:\/\/yoast.com\/wordpress\/plugins\/seo\/ -->\n<title>Egy kis kar\u00e1cini csoda - Szabad Sz\u00ednh\u00e1z<\/title>\n<meta name=\"robots\" content=\"index, follow, max-snippet:-1, max-image-preview:large, max-video-preview:-1\" \/>\n<link rel=\"canonical\" href=\"https:\/\/www.szabadszinhaz.hu\/en\/gyermekeloadasok\/egy-kis-karacini-csoda\/\" \/>\n<meta property=\"og:locale\" content=\"en_US\" \/>\n<meta property=\"og:type\" content=\"article\" \/>\n<meta property=\"og:title\" content=\"Egy kis kar\u00e1cini csoda - Szabad Sz\u00ednh\u00e1z\" \/>\n<meta property=\"og:description\" content=\"Egy kis kar\u00e1cini csodaEgy kis kar\u00e1cini csoda A Cincin kast\u00e9ly titka, hov\u00e1 t\u0171nt az elveszett sajtgy\u00e9m\u00e1nt? Tal\u00e1lkozhattok:Lord Cincinnel \u00e9s csal\u00e1dj\u00e1val,Gomolya Kisasszonnyal,Kvardli Asszonnyal,Lady Brie-val,Lady Camenbert-el,Lady Gonzol\u00e1val,Lady Goud\u00e1val,Lady Mozzarell\u00e1val,Lady Ricott\u00e1val,Pareny Ic\u00e1val,Parmez\u00e1n Kisasszonnyal,Pusztai [&hellip;]\" \/>\n<meta property=\"og:url\" content=\"https:\/\/www.szabadszinhaz.hu\/en\/gyermekeloadasok\/egy-kis-karacini-csoda\/\" \/>\n<meta property=\"og:site_name\" content=\"Szabad Sz\u00ednh\u00e1z\" \/>\n<meta property=\"article:publisher\" content=\"https:\/\/www.facebook.com\/szabadszinhaz\" \/>\n<meta property=\"article:modified_time\" content=\"2022-02-20T09:06:39+00:00\" \/>\n<meta name=\"twitter:card\" content=\"summary_large_image\" \/>\n<meta name=\"twitter:label1\" content=\"Est. reading time\" \/>\n\t<meta name=\"twitter:data1\" content=\"1 minute\" \/>\n<script type=\"application\/ld+json\" class=\"yoast-schema-graph\">{\"@context\":\"https:\/\/schema.org\",\"@graph\":[{\"@type\":\"WebPage\",\"@id\":\"https:\/\/www.szabadszinhaz.hu\/gyermekeloadasok\/egy-kis-karacini-csoda\/\",\"url\":\"https:\/\/www.szabadszinhaz.hu\/gyermekeloadasok\/egy-kis-karacini-csoda\/\",\"name\":\"Egy kis kar\u00e1cini csoda - Szabad Sz\u00ednh\u00e1z\",\"isPartOf\":{\"@id\":\"https:\/\/www.szabadszinhaz.hu\/#website\"},\"datePublished\":\"2022-02-20T09:04:45+00:00\",\"dateModified\":\"2022-02-20T09:06:39+00:00\",\"breadcrumb\":{\"@id\":\"https:\/\/www.szabadszinhaz.hu\/gyermekeloadasok\/egy-kis-karacini-csoda\/#breadcrumb\"},\"inLanguage\":\"en-US\",\"potentialAction\":[{\"@type\":\"ReadAction\",\"target\":[\"https:\/\/www.szabadszinhaz.hu\/gyermekeloadasok\/egy-kis-karacini-csoda\/\"]}]},{\"@type\":\"BreadcrumbList\",\"@id\":\"https:\/\/www.szabadszinhaz.hu\/gyermekeloadasok\/egy-kis-karacini-csoda\/#breadcrumb\",\"itemListElement\":[{\"@type\":\"ListItem\",\"position\":1,\"name\":\"Kezd\u0151lap\",\"item\":\"https:\/\/www.szabadszinhaz.hu\/\"},{\"@type\":\"ListItem\",\"position\":2,\"name\":\"Gyermekel\u0151ad\u00e1sok\",\"item\":\"https:\/\/www.szabadszinhaz.hu\/gyermekeloadasok\/\"},{\"@type\":\"ListItem\",\"position\":3,\"name\":\"Egy kis kar\u00e1cini csoda\"}]},{\"@type\":\"WebSite\",\"@id\":\"https:\/\/www.szabadszinhaz.hu\/#website\",\"url\":\"https:\/\/www.szabadszinhaz.hu\/\",\"name\":\"Szabad Sz\u00ednh\u00e1z\",\"description\":\"Szabad Sz\u00ednh\u00e1z\",\"publisher\":{\"@id\":\"https:\/\/www.szabadszinhaz.hu\/#organization\"},\"potentialAction\":[{\"@type\":\"SearchAction\",\"target\":{\"@type\":\"EntryPoint\",\"urlTemplate\":\"https:\/\/www.szabadszinhaz.hu\/?s={search_term_string}\"},\"query-input\":{\"@type\":\"PropertyValueSpecification\",\"valueRequired\":true,\"valueName\":\"search_term_string\"}}],\"inLanguage\":\"en-US\"},{\"@type\":\"Organization\",\"@id\":\"https:\/\/www.szabadszinhaz.hu\/#organization\",\"name\":\"Szabad Sz\u00ednh\u00e1z SZ\u00cdN-T\u00c9R Egyes\u00fclet\",\"url\":\"https:\/\/www.szabadszinhaz.hu\/\",\"logo\":{\"@type\":\"ImageObject\",\"inLanguage\":\"en-US\",\"@id\":\"https:\/\/www.szabadszinhaz.hu\/#\/schema\/logo\/image\/\",\"url\":\"https:\/\/www.szabadszinhaz.hu\/wp-content\/uploads\/2025\/01\/images.jpg\",\"contentUrl\":\"https:\/\/www.szabadszinhaz.hu\/wp-content\/uploads\/2025\/01\/images.jpg\",\"width\":178,\"height\":284,\"caption\":\"Szabad Sz\u00ednh\u00e1z SZ\u00cdN-T\u00c9R Egyes\u00fclet\"},\"image\":{\"@id\":\"https:\/\/www.szabadszinhaz.hu\/#\/schema\/logo\/image\/\"},\"sameAs\":[\"https:\/\/www.facebook.com\/szabadszinhaz\"]}]}<\/script>\n<!-- \/ Yoast SEO plugin. -->","yoast_head_json":{"title":"Egy kis kar\u00e1cini csoda - Szabad Sz\u00ednh\u00e1z","robots":{"index":"index","follow":"follow","max-snippet":"max-snippet:-1","max-image-preview":"max-image-preview:large","max-video-preview":"max-video-preview:-1"},"canonical":"https:\/\/www.szabadszinhaz.hu\/en\/gyermekeloadasok\/egy-kis-karacini-csoda\/","og_locale":"en_US","og_type":"article","og_title":"Egy kis kar\u00e1cini csoda - Szabad Sz\u00ednh\u00e1z","og_description":"Egy kis kar\u00e1cini csodaEgy kis kar\u00e1cini csoda A Cincin kast\u00e9ly titka, hov\u00e1 t\u0171nt az elveszett sajtgy\u00e9m\u00e1nt? Tal\u00e1lkozhattok:Lord Cincinnel \u00e9s csal\u00e1dj\u00e1val,Gomolya Kisasszonnyal,Kvardli Asszonnyal,Lady Brie-val,Lady Camenbert-el,Lady Gonzol\u00e1val,Lady Goud\u00e1val,Lady Mozzarell\u00e1val,Lady Ricott\u00e1val,Pareny Ic\u00e1val,Parmez\u00e1n Kisasszonnyal,Pusztai [&hellip;]","og_url":"https:\/\/www.szabadszinhaz.hu\/en\/gyermekeloadasok\/egy-kis-karacini-csoda\/","og_site_name":"Szabad Sz\u00ednh\u00e1z","article_publisher":"https:\/\/www.facebook.com\/szabadszinhaz","article_modified_time":"2022-02-20T09:06:39+00:00","twitter_card":"summary_large_image","twitter_misc":{"Est. reading time":"1 minute"},"schema":{"@context":"https:\/\/schema.org","@graph":[{"@type":"WebPage","@id":"https:\/\/www.szabadszinhaz.hu\/gyermekeloadasok\/egy-kis-karacini-csoda\/","url":"https:\/\/www.szabadszinhaz.hu\/gyermekeloadasok\/egy-kis-karacini-csoda\/","name":"Egy kis kar\u00e1cini csoda - Szabad Sz\u00ednh\u00e1z","isPartOf":{"@id":"https:\/\/www.szabadszinhaz.hu\/#website"},"datePublished":"2022-02-20T09:04:45+00:00","dateModified":"2022-02-20T09:06:39+00:00","breadcrumb":{"@id":"https:\/\/www.szabadszinhaz.hu\/gyermekeloadasok\/egy-kis-karacini-csoda\/#breadcrumb"},"inLanguage":"en-US","potentialAction":[{"@type":"ReadAction","target":["https:\/\/www.szabadszinhaz.hu\/gyermekeloadasok\/egy-kis-karacini-csoda\/"]}]},{"@type":"BreadcrumbList","@id":"https:\/\/www.szabadszinhaz.hu\/gyermekeloadasok\/egy-kis-karacini-csoda\/#breadcrumb","itemListElement":[{"@type":"ListItem","position":1,"name":"Kezd\u0151lap","item":"https:\/\/www.szabadszinhaz.hu\/"},{"@type":"ListItem","position":2,"name":"Gyermekel\u0151ad\u00e1sok","item":"https:\/\/www.szabadszinhaz.hu\/gyermekeloadasok\/"},{"@type":"ListItem","position":3,"name":"Egy kis kar\u00e1cini csoda"}]},{"@type":"WebSite","@id":"https:\/\/www.szabadszinhaz.hu\/#website","url":"https:\/\/www.szabadszinhaz.hu\/","name":"Free Theatre - Szabad Sz\u00ednh\u00e1z","description":"Free Theatre - Szabad Sz\u00ednh\u00e1z","publisher":{"@id":"https:\/\/www.szabadszinhaz.hu\/#organization"},"potentialAction":[{"@type":"SearchAction","target":{"@type":"EntryPoint","urlTemplate":"https:\/\/www.szabadszinhaz.hu\/?s={search_term_string}"},"query-input":{"@type":"PropertyValueSpecification","valueRequired":true,"valueName":"search_term_string"}}],"inLanguage":"en-US"},{"@type":"Organization","@id":"https:\/\/www.szabadszinhaz.hu\/#organization","name":"Szabad Sz\u00ednh\u00e1z SZ\u00cdN-T\u00c9R Egyes\u00fclet","url":"https:\/\/www.szabadszinhaz.hu\/","logo":{"@type":"ImageObject","inLanguage":"en-US","@id":"https:\/\/www.szabadszinhaz.hu\/#\/schema\/logo\/image\/","url":"https:\/\/www.szabadszinhaz.hu\/wp-content\/uploads\/2025\/01\/images.jpg","contentUrl":"https:\/\/www.szabadszinhaz.hu\/wp-content\/uploads\/2025\/01\/images.jpg","width":178,"height":284,"caption":"Szabad Sz\u00ednh\u00e1z SZ\u00cdN-T\u00c9R Egyes\u00fclet"},"image":{"@id":"https:\/\/www.szabadszinhaz.hu\/#\/schema\/logo\/image\/"},"sameAs":["https:\/\/www.facebook.com\/szabadszinhaz"]}]}},"ticketed":false,"_links":{"self":[{"href":"https:\/\/www.szabadszinhaz.hu\/en\/wp-json\/wp\/v2\/pages\/4661","targetHints":{"allow":["GET"]}}],"collection":[{"href":"https:\/\/www.szabadszinhaz.hu\/en\/wp-json\/wp\/v2\/pages"}],"about":[{"href":"https:\/\/www.szabadszinhaz.hu\/en\/wp-json\/wp\/v2\/types\/page"}],"author":[{"embeddable":true,"href":"https:\/\/www.szabadszinhaz.hu\/en\/wp-json\/wp\/v2\/users\/2"}],"replies":[{"embeddable":true,"href":"https:\/\/www.szabadszinhaz.hu\/en\/wp-json\/wp\/v2\/comments?post=4661"}],"version-history":[{"count":4,"href":"https:\/\/www.szabadszinhaz.hu\/en\/wp-json\/wp\/v2\/pages\/4661\/revisions"}],"predecessor-version":[{"id":4667,"href":"https:\/\/www.szabadszinhaz.hu\/en\/wp-json\/wp\/v2\/pages\/4661\/revisions\/4667"}],"up":[{"embeddable":true,"href":"https:\/\/www.szabadszinhaz.hu\/en\/wp-json\/wp\/v2\/pages\/83"}],"wp:attachment":[{"href":"https:\/\/www.szabadszinhaz.hu\/en\/wp-json\/wp\/v2\/media?parent=4661"}],"curies":[{"name":"wp","href":"https:\/\/api.w.org\/{rel}","templated":true}]}}