{"id":4533,"date":"2022-02-13T14:09:22","date_gmt":"2022-02-13T13:09:22","guid":{"rendered":"http:\/\/www.szabszinhaz.hu\/?page_id=4533"},"modified":"2022-02-13T14:12:00","modified_gmt":"2022-02-13T13:12:00","slug":"boldizsar-peter-az-orzo","status":"publish","type":"page","link":"https:\/\/www.szabadszinhaz.hu\/en\/szinhazi-eloadasok\/boldizsar-peter-az-orzo\/","title":{"rendered":"Boldizs\u00e1r P\u00e9ter : Az \u0150rz\u0151"},"content":{"rendered":"<p>[et_pb_section fb_built=&#8221;1&#8243; _builder_version=&#8221;4.14.1&#8243; _module_preset=&#8221;default&#8221; background_color=&#8221;#fff1d0&#8243; global_colors_info=&#8221;{}&#8221;][et_pb_row _builder_version=&#8221;4.14.1&#8243; _module_preset=&#8221;default&#8221; global_colors_info=&#8221;{}&#8221;][et_pb_column type=&#8221;4_4&#8243; _builder_version=&#8221;4.14.1&#8243; _module_preset=&#8221;default&#8221; global_colors_info=&#8221;{}&#8221;][et_pb_text _builder_version=&#8221;4.14.4&#8243; _module_preset=&#8221;default&#8221; text_text_color=&#8221;#000000&#8243; text_font_size=&#8221;28px&#8221; hover_enabled=&#8221;0&#8243; global_colors_info=&#8221;{}&#8221; sticky_enabled=&#8221;0&#8243;]<\/p>\n<p><strong>Boldizs\u00e1r P\u00e9ter : Az \u0150rz\u0151<\/strong><\/p>\n<p>[\/et_pb_text][\/et_pb_column][\/et_pb_row][et_pb_row _builder_version=&#8221;4.14.1&#8243; _module_preset=&#8221;default&#8221; custom_padding=&#8221;3px||0px|||&#8221; global_colors_info=&#8221;{}&#8221;][et_pb_column type=&#8221;4_4&#8243; _builder_version=&#8221;4.14.1&#8243; _module_preset=&#8221;default&#8221; global_colors_info=&#8221;{}&#8221;][et_pb_divider color=&#8221;#000000&#8243; divider_weight=&#8221;4px&#8221; _builder_version=&#8221;4.14.1&#8243; _module_preset=&#8221;default&#8221; custom_margin=&#8221;||-58px|||&#8221; global_colors_info=&#8221;{}&#8221;][\/et_pb_divider][\/et_pb_column][\/et_pb_row][et_pb_row _builder_version=&#8221;4.14.4&#8243; _module_preset=&#8221;default&#8221; custom_margin=&#8221;|auto|-36px|auto||&#8221; custom_padding=&#8221;||0px|||&#8221; global_colors_info=&#8221;{}&#8221;][et_pb_column type=&#8221;4_4&#8243; _builder_version=&#8221;4.14.1&#8243; _module_preset=&#8221;default&#8221; global_colors_info=&#8221;{}&#8221;][et_pb_text _builder_version=&#8221;4.14.4&#8243; _module_preset=&#8221;default&#8221; text_text_color=&#8221;#000000&#8243; text_font_size=&#8221;17px&#8221; text_line_height=&#8221;1.6em&#8221; text_orientation=&#8221;center&#8221; custom_padding=&#8221;0px|||||&#8221; hover_enabled=&#8221;0&#8243; global_colors_info=&#8221;{}&#8221; sticky_enabled=&#8221;0&#8243;]<\/p>\n<p style=\"text-align: left;\">Boldizs\u00e1r P\u00e9ter : <strong>Az \u0150rz\u0151<\/strong> (r: Boldizs\u00e1r P\u00e9ter 1975)<\/p>\n<p style=\"text-align: left;\">\n<p style=\"text-align: left;\">Mihail <strong>Bulgakov : Mester \u00e9s Margar\u00edta<\/strong> c\u00edm\u0171 reg\u00e9nye nyom\u00e1n Boldizs\u00e1r P\u00e9ter \u00e9s Galk\u00f3 Bence arra a \u2013 akkoriban szinte elk\u00e9pzelhetetlen \u2013 feladatra v\u00e1llalkozott, hogy a reg\u00e9nyt sz\u00ednpadra \u00e1ll\u00edtj\u00e1k. Nem kis feladat volt, hiszen a az 50-es \u00e9vek Moszkv\u00e1j\u00e1ban \u00e9s a Krisztus ( Jesua Ha-Nocri ) korabeli Jeruzs\u00e1lemben ( Jerusaleim) j\u00e1tsz\u00f3d\u00f3 cselekm\u00e9nyeket kellett egy \u00f3r\u00e1ba, \u00e9s egy 6\u00d75 m\u00e9teres j\u00e1t\u00e9kt\u00e9rbe r\u00f6vid\u00edtett v\u00e1ltozatban, de teljes \u00e9rt\u00e9k\u0171en beletenni.<\/p>\n<p style=\"text-align: left;\">A mai Moszkv\u00e1ban Mester az \u00edr\u00f3 pincelak\u00e1s\u00e1ban meg\u00edrja Jesua Ha-Nocri t\u00f6rt\u00e9net\u00e9t , t\u00e1rgyal\u00e1s\u00e1t Pil\u00e1tus el\u0151tt \u00e9s megfesz\u00edt\u00e9s\u00e9t. A Mester reg\u00e9nye \u2013 ma is gy\u00f6ny\u00f6r\u0171 mondataival \u2013 felt\u00e1rja az igazs\u00e1got az akkori furcsa viszonyok k\u00f6z\u00f6tt. ( pl.: A Jerusaleim \u2013ot ir\u00e1ny\u00edt\u00f3 f\u0151papi tan\u00e1cs a Szinhedrion teljes m\u00e9rt\u00e9kben R\u00f3ma t\u00f6rv\u00e9nyeinek kell, hogy \u00e9rv\u00e9nyt szerezzen, de \u0151k tulajdonk\u00e9ppen mint idegen nagyhatalom \u00e1ltal megsz\u00e1llt orsz\u00e1g vezet\u0151i megpr\u00f3b\u00e1lnak a megsz\u00e1ll\u00f3knak borsot t\u00f6rni az orra al\u00e1. Mindazon \u00e1ltal saj\u00e1t hatalmuk f\u00e9lt\u00e9se, a R\u00f3mai t\u00f6rv\u00e9nyek betarttat\u00e1sa az, ami miatti \u00e1rm\u00e1nykod\u00e1snak \u00e9s p\u00e9lda statu\u00e1l\u00e1s\u00e1nak k\u00f6vetkezm\u00e9nye lesz Jesua Ha-Nocri keresztre fesz\u00edt\u00e9se.<\/p>\n<p style=\"text-align: left;\"><strong>\u201e A f\u00f6ldk\u00f6zi tenger fel\u0151l \u00e9rkez\u0151 s\u00f6t\u00e9ts\u00e9g eltakarta a helytart\u00f3 szeme el\u0151l a gy\u0171l\u00f6lt v\u00e1rost. Elt\u0171nt Jerusaleim mint ha sohasem l\u00e9tezett volna. \u201e<\/strong><\/p>\n<p style=\"text-align: left;\">Mester a reg\u00e9ny befejez\u00e9sekor megismerkedik \u00e9lete legnagyobb szerelm\u00e9vel Margar\u00edt\u00e1val.<\/p>\n<p style=\"text-align: left;\"><strong>\u201e A n\u0151 s\u00e1rga vir\u00e1got tartott a kez\u00e9ben. A s\u00e1rga jelnek engedelmeskedve k\u00f6vettem , \u00e9s akkor:<\/strong><\/p>\n<p style=\"text-align: left;\"><strong>\u2013 Tetszenek \u00f6nnek a vir\u00e1gaim?<\/strong><\/p>\n<p style=\"text-align: left;\"><strong>\u2013 Nem.<\/strong><\/p>\n<p style=\"text-align: left;\"><strong>\u2013 Egy\u00e1ltal\u00e1n nem szereti a vir\u00e1gokat?<\/strong><\/p>\n<p style=\"text-align: left;\"><strong>\u2013 De igen csak nem az ilyet. A r\u00f3zs\u00e1t szeretem.<\/strong><\/p>\n<p style=\"text-align: left;\"><strong>Vill\u00e1mcsap\u00e1s, finn k\u00e9s s\u00fajthat le \u00edgy az emberre , szerett\u00fck egym\u00e1st amikor m\u00e9g nem is ismert\u00fck\u2026\u2026.\u201d<\/strong><\/p>\n<p style=\"text-align: left;\">\n<p style=\"text-align: left;\">\u00d6sszek\u00f6lt\u00f6ztek a pincelak\u00e1sba, \u00e9s Mester befejezte a m\u0171v\u00e9t. Csakhogy a mai Moszkv\u00e1ban m\u00e9g a mester pincelak\u00e1s\u00e1ra is ig\u00e9nyt tartanak. A Mester -m\u0171ve \u201e\u00e1llamellenes\u201d volt\u00e1ra hivatkozva- feljelentget\u00e9sek \u00e1ldozata k\u00e9nt \u2013 az akkori \u201ej\u00f3\u201d szok\u00e1sok szerint \u2013 bolondok h\u00e1z\u00e1ba ker\u00fcl. A lak\u00e1st a feljelent\u0151 kapja meg. A Mester indulat\u00e1ban t\u0171zbe dobja szeretett m\u0171ve k\u00e9zirat\u00e1t.<\/p>\n<p style=\"text-align: left;\">\u00c1m ekkor titokzatos \u201e k\u00fclf\u00f6ldi m\u0171v\u00e9sz \u201e Woland \u00far jelenik meg a v\u00e1rosban \u2013 k\u00eds\u00e9r\u0151ivel: titk\u00e1r\u00e1val, egy ember nagys\u00e1g\u00fa kand\u00far macsk\u00e1val Koroljovval \u00e9s egy halott , m\u00e9gis \u00e9l\u0151k\u00e9nt m\u0171k\u00f6d\u0151 n\u0151vel \u2013 \u00e9s a Bals\u00f3j nagysz\u00ednh\u00e1zban bemutat\u00f3t tart. M\u00e1r el\u0151z\u0151leg is furcsa dolgok t\u00f6rt\u00e9ntek Moszkv\u00e1ban ahol \u0151 megjelent, pl.: megj\u00f3solta , hogy valakinek a fej\u00e9t veszik, amit a villamos le is v\u00e1gott miut\u00e1n az elejtett olajon elcs\u00faszva a kerekek al\u00e1 esik. Egyed\u00fcl Hontalan Iv\u00e1n Nyikolajevics k\u00f6lt\u0151 ismeri fel , hogy ez a furcsa idegen nem b\u0171v\u00e9sz, hanem az \u00f6rd\u00f6g szem\u00e9lyesen !!! Nos \u0151 \u00edgy lesz a Mester cellat\u00e1rsa \u00e9s bar\u00e1tja a bolondok h\u00e1z\u00e1ban.<\/p>\n<p style=\"text-align: left;\">A Bals\u00f3j nagysz\u00ednh\u00e1zban a \u201e h\u00edres k\u00fclf\u00f6ldi m\u0171v\u00e9sz\u201d \u00e9rdekes produkci\u00f3val l\u00e9p a k\u00f6z\u00f6ns\u00e9g el\u00e9: L\u00e1ttatja vel\u00fck Mester t\u00f6rt\u00e9net\u00e9t , a plafonr\u00f3l a legmodernebb dr\u00e1ga p\u00e1rizsi ruh\u00e1k hullnak, amibe a h\u00f6lgyek azonnal \u00e1t is \u00f6lt\u00f6znek. Ezut\u00e1n 100 rubelesek potyognak az \u00e9gb\u0151l , amit a k\u00f6z\u00f6ns\u00e9g lelkesen \u00f6sszegy\u0171jt. A ruha azonban az utc\u00e1ra ki\u00e9rve elt\u0171nik, a p\u00e9nz pedig darazsakk\u00e1 v\u00e1ltozik . Soha nem l\u00e1tott m\u00e9g Moszkva ennyi sikongat\u00f3-, darazsak el\u0151l menek\u00fcl\u0151 meztelen n\u0151t az utc\u00e1kon. ( Ez persze a kis sz\u00ednpadon nem szerepelhetett a 800 \u00f6nk\u00e9nt jelentkez\u0151 meztelen h\u00f6lgy hi\u00e1ny\u00e1ban, darazsak m\u00e9g csak-csak lettek volna. )<\/p>\n<p style=\"text-align: left;\">Az \u00f6rd\u00f6g ezut\u00e1n b\u00e1lt rendez, melynek h\u00e1ziasszonya Margar\u00edta lesz. A furcsa b\u00e1lon \u2013 ahol r\u00e9g meghalt h\u00edress\u00e9gek is megjelennek- mindenkinek igazs\u00e1got szolg\u00e1ltatnak, a feljelentget\u0151k megb\u0171nh\u0151dnek, a Mester kiszabadul a bolondok h\u00e1z\u00e1b\u00f3l \u00e9s boldogan \u00e9lnek Margar\u00edt\u00e1val a r\u00e9gi kis pincelak\u00e1sban. V\u00e9g\u00fcl egy kis var\u00e1zslattal a reg\u00e9ny k\u00e9zirata is visszaker\u00fcl mert:<\/p>\n<h1 style=\"text-align: left;\">\u201eK\u00e9zirat sohasem \u00e9g el ! \u201e<\/h1>\n<p style=\"text-align: left;\">A darab a Mester gy\u00f6ny\u00f6r\u0171 mondataival \u00e9r v\u00e9get:<\/p>\n<p style=\"text-align: left;\"><em>\u201e Ezzel minden v\u00e9get \u00e9rt. Est\u00e9nk\u00e9nt majd elj\u00f6nnek hozz\u00e1d azok akiket szeretsz. J\u00e1tszanak, \u00e9nekelnek neked. Hallgasd a csendet amely oly ritk\u00e1n adatott meg neked, a csendet!<\/em><\/p>\n<p style=\"text-align: left;\">A sz\u00ednpadi v\u00e1ltozat a Videoton sz\u00ednj\u00e1tsz\u00f3 csoportnak meghozta az orsz\u00e1gos Ez\u00fcst min\u0151s\u00edt\u00e9st a si\u00f3foki sz\u00ednj\u00e1tsz\u00f3 fesztiv\u00e1lon.<\/p>\n<p>[\/et_pb_text][\/et_pb_column][\/et_pb_row][\/et_pb_section]<\/p>\n","protected":false},"excerpt":{"rendered":"<p>Boldizs\u00e1r P\u00e9ter : Az \u0150rz\u0151Boldizs\u00e1r P\u00e9ter : Az \u0150rz\u0151 (r: Boldizs\u00e1r P\u00e9ter 1975) Mihail Bulgakov : Mester \u00e9s Margar\u00edta c\u00edm\u0171 reg\u00e9nye nyom\u00e1n Boldizs\u00e1r P\u00e9ter \u00e9s Galk\u00f3 Bence arra a \u2013 [&hellip;]<\/p>\n","protected":false},"author":2,"featured_media":0,"parent":75,"menu_order":0,"comment_status":"closed","ping_status":"closed","template":"","meta":{"_et_pb_use_builder":"on","_et_pb_old_content":"","_et_gb_content_width":"","_price":"","_stock":"","_tribe_ticket_header":"","_tribe_default_ticket_provider":"","_ticket_start_date":"","_ticket_end_date":"","_tribe_ticket_show_description":"","_tribe_ticket_show_not_going":false,"_tribe_ticket_use_global_stock":"","_tribe_ticket_global_stock_level":"","_global_stock_mode":"","_global_stock_cap":"","_tribe_rsvp_for_event":"","_tribe_ticket_going_count":"","_tribe_ticket_not_going_count":"","_tribe_tickets_list":"[]","_tribe_ticket_has_attendee_info_fields":false,"footnotes":"","_tec_slr_enabled":"","_tec_slr_layout":""},"class_list":["post-4533","page","type-page","status-publish","hentry"],"yoast_head":"<!-- This site is optimized with the Yoast SEO plugin v25.0 - https:\/\/yoast.com\/wordpress\/plugins\/seo\/ -->\n<title>Boldizs\u00e1r P\u00e9ter : Az \u0150rz\u0151 - Szabad Sz\u00ednh\u00e1z<\/title>\n<meta name=\"robots\" content=\"index, follow, max-snippet:-1, max-image-preview:large, max-video-preview:-1\" \/>\n<link rel=\"canonical\" href=\"https:\/\/www.szabadszinhaz.hu\/en\/szinhazi-eloadasok\/boldizsar-peter-az-orzo\/\" \/>\n<meta property=\"og:locale\" content=\"en_US\" \/>\n<meta property=\"og:type\" content=\"article\" \/>\n<meta property=\"og:title\" content=\"Boldizs\u00e1r P\u00e9ter : Az \u0150rz\u0151 - Szabad Sz\u00ednh\u00e1z\" \/>\n<meta property=\"og:description\" content=\"Boldizs\u00e1r P\u00e9ter : Az \u0150rz\u0151Boldizs\u00e1r P\u00e9ter : Az \u0150rz\u0151 (r: Boldizs\u00e1r P\u00e9ter 1975) Mihail Bulgakov : Mester \u00e9s Margar\u00edta c\u00edm\u0171 reg\u00e9nye nyom\u00e1n Boldizs\u00e1r P\u00e9ter \u00e9s Galk\u00f3 Bence arra a \u2013 [&hellip;]\" \/>\n<meta property=\"og:url\" content=\"https:\/\/www.szabadszinhaz.hu\/en\/szinhazi-eloadasok\/boldizsar-peter-az-orzo\/\" \/>\n<meta property=\"og:site_name\" content=\"Szabad Sz\u00ednh\u00e1z\" \/>\n<meta property=\"article:publisher\" content=\"https:\/\/www.facebook.com\/szabadszinhaz\" \/>\n<meta property=\"article:modified_time\" content=\"2022-02-13T13:12:00+00:00\" \/>\n<meta name=\"twitter:card\" content=\"summary_large_image\" \/>\n<meta name=\"twitter:label1\" content=\"Est. reading time\" \/>\n\t<meta name=\"twitter:data1\" content=\"5 minutes\" \/>\n<script type=\"application\/ld+json\" class=\"yoast-schema-graph\">{\"@context\":\"https:\/\/schema.org\",\"@graph\":[{\"@type\":\"WebPage\",\"@id\":\"https:\/\/www.szabadszinhaz.hu\/szinhazi-eloadasok\/boldizsar-peter-az-orzo\/\",\"url\":\"https:\/\/www.szabadszinhaz.hu\/szinhazi-eloadasok\/boldizsar-peter-az-orzo\/\",\"name\":\"Boldizs\u00e1r P\u00e9ter : Az \u0150rz\u0151 - Szabad Sz\u00ednh\u00e1z\",\"isPartOf\":{\"@id\":\"https:\/\/www.szabadszinhaz.hu\/#website\"},\"datePublished\":\"2022-02-13T13:09:22+00:00\",\"dateModified\":\"2022-02-13T13:12:00+00:00\",\"breadcrumb\":{\"@id\":\"https:\/\/www.szabadszinhaz.hu\/szinhazi-eloadasok\/boldizsar-peter-az-orzo\/#breadcrumb\"},\"inLanguage\":\"en-US\",\"potentialAction\":[{\"@type\":\"ReadAction\",\"target\":[\"https:\/\/www.szabadszinhaz.hu\/szinhazi-eloadasok\/boldizsar-peter-az-orzo\/\"]}]},{\"@type\":\"BreadcrumbList\",\"@id\":\"https:\/\/www.szabadszinhaz.hu\/szinhazi-eloadasok\/boldizsar-peter-az-orzo\/#breadcrumb\",\"itemListElement\":[{\"@type\":\"ListItem\",\"position\":1,\"name\":\"Kezd\u0151lap\",\"item\":\"https:\/\/www.szabadszinhaz.hu\/\"},{\"@type\":\"ListItem\",\"position\":2,\"name\":\"Sz\u00ednh\u00e1zi el\u0151ad\u00e1sok &#8211;\",\"item\":\"https:\/\/www.szabadszinhaz.hu\/szinhazi-eloadasok\/\"},{\"@type\":\"ListItem\",\"position\":3,\"name\":\"Boldizs\u00e1r P\u00e9ter : Az \u0150rz\u0151\"}]},{\"@type\":\"WebSite\",\"@id\":\"https:\/\/www.szabadszinhaz.hu\/#website\",\"url\":\"https:\/\/www.szabadszinhaz.hu\/\",\"name\":\"Szabad Sz\u00ednh\u00e1z\",\"description\":\"Szabad Sz\u00ednh\u00e1z\",\"publisher\":{\"@id\":\"https:\/\/www.szabadszinhaz.hu\/#organization\"},\"potentialAction\":[{\"@type\":\"SearchAction\",\"target\":{\"@type\":\"EntryPoint\",\"urlTemplate\":\"https:\/\/www.szabadszinhaz.hu\/?s={search_term_string}\"},\"query-input\":{\"@type\":\"PropertyValueSpecification\",\"valueRequired\":true,\"valueName\":\"search_term_string\"}}],\"inLanguage\":\"en-US\"},{\"@type\":\"Organization\",\"@id\":\"https:\/\/www.szabadszinhaz.hu\/#organization\",\"name\":\"Szabad Sz\u00ednh\u00e1z SZ\u00cdN-T\u00c9R Egyes\u00fclet\",\"url\":\"https:\/\/www.szabadszinhaz.hu\/\",\"logo\":{\"@type\":\"ImageObject\",\"inLanguage\":\"en-US\",\"@id\":\"https:\/\/www.szabadszinhaz.hu\/#\/schema\/logo\/image\/\",\"url\":\"https:\/\/www.szabadszinhaz.hu\/wp-content\/uploads\/2025\/01\/images.jpg\",\"contentUrl\":\"https:\/\/www.szabadszinhaz.hu\/wp-content\/uploads\/2025\/01\/images.jpg\",\"width\":178,\"height\":284,\"caption\":\"Szabad Sz\u00ednh\u00e1z SZ\u00cdN-T\u00c9R Egyes\u00fclet\"},\"image\":{\"@id\":\"https:\/\/www.szabadszinhaz.hu\/#\/schema\/logo\/image\/\"},\"sameAs\":[\"https:\/\/www.facebook.com\/szabadszinhaz\"]}]}<\/script>\n<!-- \/ Yoast SEO plugin. -->","yoast_head_json":{"title":"Boldizs\u00e1r P\u00e9ter : Az \u0150rz\u0151 - Szabad Sz\u00ednh\u00e1z","robots":{"index":"index","follow":"follow","max-snippet":"max-snippet:-1","max-image-preview":"max-image-preview:large","max-video-preview":"max-video-preview:-1"},"canonical":"https:\/\/www.szabadszinhaz.hu\/en\/szinhazi-eloadasok\/boldizsar-peter-az-orzo\/","og_locale":"en_US","og_type":"article","og_title":"Boldizs\u00e1r P\u00e9ter : Az \u0150rz\u0151 - Szabad Sz\u00ednh\u00e1z","og_description":"Boldizs\u00e1r P\u00e9ter : Az \u0150rz\u0151Boldizs\u00e1r P\u00e9ter : Az \u0150rz\u0151 (r: Boldizs\u00e1r P\u00e9ter 1975) Mihail Bulgakov : Mester \u00e9s Margar\u00edta c\u00edm\u0171 reg\u00e9nye nyom\u00e1n Boldizs\u00e1r P\u00e9ter \u00e9s Galk\u00f3 Bence arra a \u2013 [&hellip;]","og_url":"https:\/\/www.szabadszinhaz.hu\/en\/szinhazi-eloadasok\/boldizsar-peter-az-orzo\/","og_site_name":"Szabad Sz\u00ednh\u00e1z","article_publisher":"https:\/\/www.facebook.com\/szabadszinhaz","article_modified_time":"2022-02-13T13:12:00+00:00","twitter_card":"summary_large_image","twitter_misc":{"Est. reading time":"5 minutes"},"schema":{"@context":"https:\/\/schema.org","@graph":[{"@type":"WebPage","@id":"https:\/\/www.szabadszinhaz.hu\/szinhazi-eloadasok\/boldizsar-peter-az-orzo\/","url":"https:\/\/www.szabadszinhaz.hu\/szinhazi-eloadasok\/boldizsar-peter-az-orzo\/","name":"Boldizs\u00e1r P\u00e9ter : Az \u0150rz\u0151 - Szabad Sz\u00ednh\u00e1z","isPartOf":{"@id":"https:\/\/www.szabadszinhaz.hu\/#website"},"datePublished":"2022-02-13T13:09:22+00:00","dateModified":"2022-02-13T13:12:00+00:00","breadcrumb":{"@id":"https:\/\/www.szabadszinhaz.hu\/szinhazi-eloadasok\/boldizsar-peter-az-orzo\/#breadcrumb"},"inLanguage":"en-US","potentialAction":[{"@type":"ReadAction","target":["https:\/\/www.szabadszinhaz.hu\/szinhazi-eloadasok\/boldizsar-peter-az-orzo\/"]}]},{"@type":"BreadcrumbList","@id":"https:\/\/www.szabadszinhaz.hu\/szinhazi-eloadasok\/boldizsar-peter-az-orzo\/#breadcrumb","itemListElement":[{"@type":"ListItem","position":1,"name":"Kezd\u0151lap","item":"https:\/\/www.szabadszinhaz.hu\/"},{"@type":"ListItem","position":2,"name":"Sz\u00ednh\u00e1zi el\u0151ad\u00e1sok &#8211;","item":"https:\/\/www.szabadszinhaz.hu\/szinhazi-eloadasok\/"},{"@type":"ListItem","position":3,"name":"Boldizs\u00e1r P\u00e9ter : Az \u0150rz\u0151"}]},{"@type":"WebSite","@id":"https:\/\/www.szabadszinhaz.hu\/#website","url":"https:\/\/www.szabadszinhaz.hu\/","name":"Free Theatre - Szabad Sz\u00ednh\u00e1z","description":"Free Theatre - Szabad Sz\u00ednh\u00e1z","publisher":{"@id":"https:\/\/www.szabadszinhaz.hu\/#organization"},"potentialAction":[{"@type":"SearchAction","target":{"@type":"EntryPoint","urlTemplate":"https:\/\/www.szabadszinhaz.hu\/?s={search_term_string}"},"query-input":{"@type":"PropertyValueSpecification","valueRequired":true,"valueName":"search_term_string"}}],"inLanguage":"en-US"},{"@type":"Organization","@id":"https:\/\/www.szabadszinhaz.hu\/#organization","name":"Szabad Sz\u00ednh\u00e1z SZ\u00cdN-T\u00c9R Egyes\u00fclet","url":"https:\/\/www.szabadszinhaz.hu\/","logo":{"@type":"ImageObject","inLanguage":"en-US","@id":"https:\/\/www.szabadszinhaz.hu\/#\/schema\/logo\/image\/","url":"https:\/\/www.szabadszinhaz.hu\/wp-content\/uploads\/2025\/01\/images.jpg","contentUrl":"https:\/\/www.szabadszinhaz.hu\/wp-content\/uploads\/2025\/01\/images.jpg","width":178,"height":284,"caption":"Szabad Sz\u00ednh\u00e1z SZ\u00cdN-T\u00c9R Egyes\u00fclet"},"image":{"@id":"https:\/\/www.szabadszinhaz.hu\/#\/schema\/logo\/image\/"},"sameAs":["https:\/\/www.facebook.com\/szabadszinhaz"]}]}},"ticketed":false,"_links":{"self":[{"href":"https:\/\/www.szabadszinhaz.hu\/en\/wp-json\/wp\/v2\/pages\/4533","targetHints":{"allow":["GET"]}}],"collection":[{"href":"https:\/\/www.szabadszinhaz.hu\/en\/wp-json\/wp\/v2\/pages"}],"about":[{"href":"https:\/\/www.szabadszinhaz.hu\/en\/wp-json\/wp\/v2\/types\/page"}],"author":[{"embeddable":true,"href":"https:\/\/www.szabadszinhaz.hu\/en\/wp-json\/wp\/v2\/users\/2"}],"replies":[{"embeddable":true,"href":"https:\/\/www.szabadszinhaz.hu\/en\/wp-json\/wp\/v2\/comments?post=4533"}],"version-history":[{"count":3,"href":"https:\/\/www.szabadszinhaz.hu\/en\/wp-json\/wp\/v2\/pages\/4533\/revisions"}],"predecessor-version":[{"id":4537,"href":"https:\/\/www.szabadszinhaz.hu\/en\/wp-json\/wp\/v2\/pages\/4533\/revisions\/4537"}],"up":[{"embeddable":true,"href":"https:\/\/www.szabadszinhaz.hu\/en\/wp-json\/wp\/v2\/pages\/75"}],"wp:attachment":[{"href":"https:\/\/www.szabadszinhaz.hu\/en\/wp-json\/wp\/v2\/media?parent=4533"}],"curies":[{"name":"wp","href":"https:\/\/api.w.org\/{rel}","templated":true}]}}