{"id":3990,"date":"2022-02-08T19:31:23","date_gmt":"2022-02-08T18:31:23","guid":{"rendered":"http:\/\/www.szabszinhaz.hu\/?page_id=3990"},"modified":"2022-02-21T17:59:22","modified_gmt":"2022-02-21T16:59:22","slug":"meselo-hazak","status":"publish","type":"page","link":"https:\/\/www.szabadszinhaz.hu\/en\/muveszi-projektek\/meselo-hazak\/","title":{"rendered":"Storytelling Houses"},"content":{"rendered":"<p>[et_pb_section fb_built=&#8221;1&#8243; _builder_version=&#8221;4.14.1&#8243; _module_preset=&#8221;default&#8221; background_color=&#8221;#fff1d0&#8243; global_colors_info=&#8221;{}&#8221;][et_pb_row _builder_version=&#8221;4.14.1&#8243; _module_preset=&#8221;default&#8221; global_colors_info=&#8221;{}&#8221;][et_pb_column type=&#8221;4_4&#8243; _builder_version=&#8221;4.14.1&#8243; _module_preset=&#8221;default&#8221; global_colors_info=&#8221;{}&#8221;][et_pb_text _builder_version=&#8221;4.14.4&#8243; _module_preset=&#8221;default&#8221; text_text_color=&#8221;#000000&#8243; text_font_size=&#8221;28px&#8221; global_colors_info=&#8221;{}&#8221;]<\/p>\n<p><strong>Mes\u00e9l\u0151 h\u00e1zak<\/strong><\/p>\n<p>[\/et_pb_text][\/et_pb_column][\/et_pb_row][et_pb_row _builder_version=&#8221;4.14.1&#8243; _module_preset=&#8221;default&#8221; custom_padding=&#8221;3px||0px|||&#8221; global_colors_info=&#8221;{}&#8221;][et_pb_column type=&#8221;4_4&#8243; _builder_version=&#8221;4.14.1&#8243; _module_preset=&#8221;default&#8221; global_colors_info=&#8221;{}&#8221;][et_pb_divider color=&#8221;#000000&#8243; divider_weight=&#8221;4px&#8221; _builder_version=&#8221;4.14.1&#8243; _module_preset=&#8221;default&#8221; custom_margin=&#8221;||-58px|||&#8221; global_colors_info=&#8221;{}&#8221;][\/et_pb_divider][\/et_pb_column][\/et_pb_row][et_pb_row _builder_version=&#8221;4.14.1&#8243; _module_preset=&#8221;default&#8221; custom_padding=&#8221;0px|||||&#8221; global_colors_info=&#8221;{}&#8221;][et_pb_column type=&#8221;4_4&#8243; _builder_version=&#8221;4.14.1&#8243; _module_preset=&#8221;default&#8221; global_colors_info=&#8221;{}&#8221;][et_pb_text _builder_version=&#8221;4.14.4&#8243; _module_preset=&#8221;default&#8221; text_text_color=&#8221;#000000&#8243; text_font_size=&#8221;17px&#8221; text_line_height=&#8221;1.6em&#8221; text_orientation=&#8221;center&#8221; custom_padding=&#8221;24px|||||&#8221; global_colors_info=&#8221;{}&#8221;]<\/p>\n<p style=\"text-align: left;\"><strong>Mes\u00e9l\u0151 h\u00e1zak-audiovizu\u00e1lis t\u00e9r\u00e9lm\u00e9nyek, hangz\u00f3 utcai m\u00fazeum, avagy a helyi t\u00e1rsadalmi, k\u00f6z\u00f6ss\u00e9g innovativit\u00e1s modellj\u00e9nek fejleszt\u00e9se a m\u0171v\u00e9szet \u00e9s k\u00f6z\u00f6ss\u00e9gfejleszt\u00e9s eszk\u00f6zeivel.<\/strong><\/p>\n<p style=\"text-align: left;\">A projekt a helyi identit\u00e1st \u00e9s a v\u00e1rosi \u00f6sszefog\u00e1st, a telep\u00fcl\u00e9sen \u00e9l\u0151k, telep\u00fcl\u00e9sen m\u0171k\u00f6d\u0151 szervezetek k\u00f6z\u00f6tti egy\u00fcttm\u0171k\u00f6d\u00e9st er\u0151s\u00edt\u0151 program; amely egy\u00fattal lakoss\u00e1gi r\u00e9szv\u00e9telt, \u00f6nk\u00e9ntess\u00e9get, t\u00e1rsadalmi felel\u0151ss\u00e9gv\u00e1llal\u00e1st n\u00f6vel, szeml\u00e9letform\u00e1l\u00f3, \u00e9rz\u00e9keny\u00edt\u0151, k\u00f6z\u00f6ss\u00e9gfejleszt\u0151 er\u0151vel b\u00edr, interakt\u00edv, \u00e9s innovat\u00edv, valamint a telep\u00fcl\u00e9s t\u00f6rt\u00e9nelmi kultur\u00e1lis \u00e9rt\u00e9keit k\u00f6zvet\u00edti a v\u00e1rosi lakosok \u00e9s idel\u00e1togat\u00f3k fel\u00e9.<\/p>\n<p style=\"text-align: left;\">A program egy k\u00f6z\u00f6ss\u00e9gi \u2013 kutat\u00e1s fejleszt\u00e9sre \u00e9p\u00fcl\u0151<strong> igazi t\u00e1rsadalmi innov\u00e1ci\u00f3<\/strong>, amelynek el\u0151zm\u00e9nyei azok a kultur\u00e1lis \u00e9s k\u00f6z\u00f6ss\u00e9gi innov\u00e1ci\u00f3ink, amelyek tov\u00e1bb fejleszt\u00e9s\u00e9rt ki\u00e1ltanak az okos v\u00e1rosok, \u00e9lm\u00e9nyszerz\u0151 kultur\u00e1lis programok, t\u00f6bbgener\u00e1ci\u00f3s egy\u00fcttm\u0171k\u00f6d\u00e9sek ig\u00e9nyeinek kor\u00e1ban.<\/p>\n<p style=\"text-align: left;\"><strong>L\u00e9nyege: Olyan \u201e\u00e9l\u0151 utcai m\u00fazeumhat\u00e1s\u00fa\u201d,<\/strong> eddig \u2013tal\u00e1n a vil\u00e1gon is \u2013 <strong>egyed\u00fcl\u00e1ll\u00f3 audio-vizu\u00e1lis t\u00e9r\u00e9lm\u00e9ny fejleszt\u00e9se<\/strong>, amelynek seg\u00edts\u00e9g\u00e9vel a v\u00e1rosban \u00e9l\u0151k, betelep\u00fcl\u0151k, \u00e9s <strong>a v\u00e1rosba l\u00e1togat\u00f3k is \u00e9rz\u00e9kelhetik a t\u00f6rt\u00e9nelmi hist\u00f3ri\u00e1kat rejt\u0151 h\u00e1zak \u201elehelet\u00e9t\u201d.<\/strong> A l\u00e9trej\u00f6tt tartalom egy l\u00e9tez\u0151 o<strong>kostelefonos \u00e9p\u00fcletfelismer\u0151 alkalmaz\u00e1ssal vehet\u0151 ig\u00e9nybe<\/strong>, b\u00e1rki sz\u00e1m\u00e1ra, ingyenesen. Az alkalmazott m\u00f3dszertan minden elem\u00e9ben, modulj\u00e1ban kiv\u00e1l\u00f3 v\u00e1rosi koh\u00e9zi\u00f3-er\u0151s\u00edt\u0151, k\u00f6z\u00f6ss\u00e9gfejleszt\u0151, \u00f6nk\u00e9ntes munk\u00e1t involv\u00e1l\u00f3 program.<\/p>\n<p>[\/et_pb_text][et_pb_gallery gallery_ids=&#8221;5412,5413,5414,5415,5416&#8243; posts_number=&#8221;20&#8243; show_title_and_caption=&#8221;off&#8221; show_pagination=&#8221;off&#8221; _builder_version=&#8221;4.14.4&#8243; _module_preset=&#8221;default&#8221; hover_enabled=&#8221;0&#8243; global_colors_info=&#8221;{}&#8221; sticky_enabled=&#8221;0&#8243;][\/et_pb_gallery][\/et_pb_column][\/et_pb_row][\/et_pb_section]<\/p>\n","protected":false},"excerpt":{"rendered":"<p>Mes\u00e9l\u0151 h\u00e1zakMes\u00e9l\u0151 h\u00e1zak-audiovizu\u00e1lis t\u00e9r\u00e9lm\u00e9nyek, hangz\u00f3 utcai m\u00fazeum, avagy a helyi t\u00e1rsadalmi, k\u00f6z\u00f6ss\u00e9g innovativit\u00e1s modellj\u00e9nek fejleszt\u00e9se a m\u0171v\u00e9szet \u00e9s k\u00f6z\u00f6ss\u00e9gfejleszt\u00e9s eszk\u00f6zeivel. A projekt a helyi identit\u00e1st \u00e9s a v\u00e1rosi \u00f6sszefog\u00e1st, a [&hellip;]<\/p>\n","protected":false},"author":2,"featured_media":0,"parent":123,"menu_order":0,"comment_status":"closed","ping_status":"closed","template":"","meta":{"_et_pb_use_builder":"on","_et_pb_old_content":"","_et_gb_content_width":"","_price":"","_stock":"","_tribe_ticket_header":"","_tribe_default_ticket_provider":"","_ticket_start_date":"","_ticket_end_date":"","_tribe_ticket_show_description":"","_tribe_ticket_show_not_going":false,"_tribe_ticket_use_global_stock":"","_tribe_ticket_global_stock_level":"","_global_stock_mode":"","_global_stock_cap":"","_tribe_rsvp_for_event":"","_tribe_ticket_going_count":"","_tribe_ticket_not_going_count":"","_tribe_tickets_list":"[]","_tribe_ticket_has_attendee_info_fields":false,"footnotes":"","_tec_slr_enabled":"","_tec_slr_layout":""},"class_list":["post-3990","page","type-page","status-publish","hentry"],"yoast_head":"<!-- This site is optimized with the Yoast SEO plugin v25.0 - https:\/\/yoast.com\/wordpress\/plugins\/seo\/ -->\n<title>Mes\u00e9l\u0151 h\u00e1zak - Szabad Sz\u00ednh\u00e1z<\/title>\n<meta name=\"robots\" content=\"index, follow, max-snippet:-1, max-image-preview:large, max-video-preview:-1\" \/>\n<link rel=\"canonical\" href=\"https:\/\/www.szabadszinhaz.hu\/en\/muveszi-projektek\/meselo-hazak\/\" \/>\n<meta property=\"og:locale\" content=\"en_US\" \/>\n<meta property=\"og:type\" content=\"article\" \/>\n<meta property=\"og:title\" content=\"Mes\u00e9l\u0151 h\u00e1zak - Szabad Sz\u00ednh\u00e1z\" \/>\n<meta property=\"og:description\" content=\"Mes\u00e9l\u0151 h\u00e1zakMes\u00e9l\u0151 h\u00e1zak-audiovizu\u00e1lis t\u00e9r\u00e9lm\u00e9nyek, hangz\u00f3 utcai m\u00fazeum, avagy a helyi t\u00e1rsadalmi, k\u00f6z\u00f6ss\u00e9g innovativit\u00e1s modellj\u00e9nek fejleszt\u00e9se a m\u0171v\u00e9szet \u00e9s k\u00f6z\u00f6ss\u00e9gfejleszt\u00e9s eszk\u00f6zeivel. A projekt a helyi identit\u00e1st \u00e9s a v\u00e1rosi \u00f6sszefog\u00e1st, a [&hellip;]\" \/>\n<meta property=\"og:url\" content=\"https:\/\/www.szabadszinhaz.hu\/en\/muveszi-projektek\/meselo-hazak\/\" \/>\n<meta property=\"og:site_name\" content=\"Szabad Sz\u00ednh\u00e1z\" \/>\n<meta property=\"article:publisher\" content=\"https:\/\/www.facebook.com\/szabadszinhaz\" \/>\n<meta property=\"article:modified_time\" content=\"2022-02-21T16:59:22+00:00\" \/>\n<meta name=\"twitter:card\" content=\"summary_large_image\" \/>\n<meta name=\"twitter:label1\" content=\"Est. reading time\" \/>\n\t<meta name=\"twitter:data1\" content=\"3 minutes\" \/>\n<script type=\"application\/ld+json\" class=\"yoast-schema-graph\">{\"@context\":\"https:\/\/schema.org\",\"@graph\":[{\"@type\":\"WebPage\",\"@id\":\"https:\/\/www.szabadszinhaz.hu\/muveszi-projektek\/meselo-hazak\/\",\"url\":\"https:\/\/www.szabadszinhaz.hu\/muveszi-projektek\/meselo-hazak\/\",\"name\":\"Mes\u00e9l\u0151 h\u00e1zak - Szabad Sz\u00ednh\u00e1z\",\"isPartOf\":{\"@id\":\"https:\/\/www.szabadszinhaz.hu\/#website\"},\"datePublished\":\"2022-02-08T18:31:23+00:00\",\"dateModified\":\"2022-02-21T16:59:22+00:00\",\"breadcrumb\":{\"@id\":\"https:\/\/www.szabadszinhaz.hu\/muveszi-projektek\/meselo-hazak\/#breadcrumb\"},\"inLanguage\":\"en-US\",\"potentialAction\":[{\"@type\":\"ReadAction\",\"target\":[\"https:\/\/www.szabadszinhaz.hu\/muveszi-projektek\/meselo-hazak\/\"]}]},{\"@type\":\"BreadcrumbList\",\"@id\":\"https:\/\/www.szabadszinhaz.hu\/muveszi-projektek\/meselo-hazak\/#breadcrumb\",\"itemListElement\":[{\"@type\":\"ListItem\",\"position\":1,\"name\":\"Kezd\u0151lap\",\"item\":\"https:\/\/www.szabadszinhaz.hu\/\"},{\"@type\":\"ListItem\",\"position\":2,\"name\":\"M\u0171v\u00e9szi projektek\",\"item\":\"https:\/\/www.szabadszinhaz.hu\/muveszi-projektek\/\"},{\"@type\":\"ListItem\",\"position\":3,\"name\":\"Mes\u00e9l\u0151 h\u00e1zak\"}]},{\"@type\":\"WebSite\",\"@id\":\"https:\/\/www.szabadszinhaz.hu\/#website\",\"url\":\"https:\/\/www.szabadszinhaz.hu\/\",\"name\":\"Szabad Sz\u00ednh\u00e1z\",\"description\":\"Szabad Sz\u00ednh\u00e1z\",\"publisher\":{\"@id\":\"https:\/\/www.szabadszinhaz.hu\/#organization\"},\"potentialAction\":[{\"@type\":\"SearchAction\",\"target\":{\"@type\":\"EntryPoint\",\"urlTemplate\":\"https:\/\/www.szabadszinhaz.hu\/?s={search_term_string}\"},\"query-input\":{\"@type\":\"PropertyValueSpecification\",\"valueRequired\":true,\"valueName\":\"search_term_string\"}}],\"inLanguage\":\"en-US\"},{\"@type\":\"Organization\",\"@id\":\"https:\/\/www.szabadszinhaz.hu\/#organization\",\"name\":\"Szabad Sz\u00ednh\u00e1z SZ\u00cdN-T\u00c9R Egyes\u00fclet\",\"url\":\"https:\/\/www.szabadszinhaz.hu\/\",\"logo\":{\"@type\":\"ImageObject\",\"inLanguage\":\"en-US\",\"@id\":\"https:\/\/www.szabadszinhaz.hu\/#\/schema\/logo\/image\/\",\"url\":\"https:\/\/www.szabadszinhaz.hu\/wp-content\/uploads\/2025\/01\/images.jpg\",\"contentUrl\":\"https:\/\/www.szabadszinhaz.hu\/wp-content\/uploads\/2025\/01\/images.jpg\",\"width\":178,\"height\":284,\"caption\":\"Szabad Sz\u00ednh\u00e1z SZ\u00cdN-T\u00c9R Egyes\u00fclet\"},\"image\":{\"@id\":\"https:\/\/www.szabadszinhaz.hu\/#\/schema\/logo\/image\/\"},\"sameAs\":[\"https:\/\/www.facebook.com\/szabadszinhaz\"]}]}<\/script>\n<!-- \/ Yoast SEO plugin. -->","yoast_head_json":{"title":"Mes\u00e9l\u0151 h\u00e1zak - Szabad Sz\u00ednh\u00e1z","robots":{"index":"index","follow":"follow","max-snippet":"max-snippet:-1","max-image-preview":"max-image-preview:large","max-video-preview":"max-video-preview:-1"},"canonical":"https:\/\/www.szabadszinhaz.hu\/en\/muveszi-projektek\/meselo-hazak\/","og_locale":"en_US","og_type":"article","og_title":"Mes\u00e9l\u0151 h\u00e1zak - Szabad Sz\u00ednh\u00e1z","og_description":"Mes\u00e9l\u0151 h\u00e1zakMes\u00e9l\u0151 h\u00e1zak-audiovizu\u00e1lis t\u00e9r\u00e9lm\u00e9nyek, hangz\u00f3 utcai m\u00fazeum, avagy a helyi t\u00e1rsadalmi, k\u00f6z\u00f6ss\u00e9g innovativit\u00e1s modellj\u00e9nek fejleszt\u00e9se a m\u0171v\u00e9szet \u00e9s k\u00f6z\u00f6ss\u00e9gfejleszt\u00e9s eszk\u00f6zeivel. A projekt a helyi identit\u00e1st \u00e9s a v\u00e1rosi \u00f6sszefog\u00e1st, a [&hellip;]","og_url":"https:\/\/www.szabadszinhaz.hu\/en\/muveszi-projektek\/meselo-hazak\/","og_site_name":"Szabad Sz\u00ednh\u00e1z","article_publisher":"https:\/\/www.facebook.com\/szabadszinhaz","article_modified_time":"2022-02-21T16:59:22+00:00","twitter_card":"summary_large_image","twitter_misc":{"Est. reading time":"3 minutes"},"schema":{"@context":"https:\/\/schema.org","@graph":[{"@type":"WebPage","@id":"https:\/\/www.szabadszinhaz.hu\/muveszi-projektek\/meselo-hazak\/","url":"https:\/\/www.szabadszinhaz.hu\/muveszi-projektek\/meselo-hazak\/","name":"Mes\u00e9l\u0151 h\u00e1zak - Szabad Sz\u00ednh\u00e1z","isPartOf":{"@id":"https:\/\/www.szabadszinhaz.hu\/#website"},"datePublished":"2022-02-08T18:31:23+00:00","dateModified":"2022-02-21T16:59:22+00:00","breadcrumb":{"@id":"https:\/\/www.szabadszinhaz.hu\/muveszi-projektek\/meselo-hazak\/#breadcrumb"},"inLanguage":"en-US","potentialAction":[{"@type":"ReadAction","target":["https:\/\/www.szabadszinhaz.hu\/muveszi-projektek\/meselo-hazak\/"]}]},{"@type":"BreadcrumbList","@id":"https:\/\/www.szabadszinhaz.hu\/muveszi-projektek\/meselo-hazak\/#breadcrumb","itemListElement":[{"@type":"ListItem","position":1,"name":"Kezd\u0151lap","item":"https:\/\/www.szabadszinhaz.hu\/"},{"@type":"ListItem","position":2,"name":"M\u0171v\u00e9szi projektek","item":"https:\/\/www.szabadszinhaz.hu\/muveszi-projektek\/"},{"@type":"ListItem","position":3,"name":"Mes\u00e9l\u0151 h\u00e1zak"}]},{"@type":"WebSite","@id":"https:\/\/www.szabadszinhaz.hu\/#website","url":"https:\/\/www.szabadszinhaz.hu\/","name":"Free Theatre - Szabad Sz\u00ednh\u00e1z","description":"Free Theatre - Szabad Sz\u00ednh\u00e1z","publisher":{"@id":"https:\/\/www.szabadszinhaz.hu\/#organization"},"potentialAction":[{"@type":"SearchAction","target":{"@type":"EntryPoint","urlTemplate":"https:\/\/www.szabadszinhaz.hu\/?s={search_term_string}"},"query-input":{"@type":"PropertyValueSpecification","valueRequired":true,"valueName":"search_term_string"}}],"inLanguage":"en-US"},{"@type":"Organization","@id":"https:\/\/www.szabadszinhaz.hu\/#organization","name":"Szabad Sz\u00ednh\u00e1z SZ\u00cdN-T\u00c9R Egyes\u00fclet","url":"https:\/\/www.szabadszinhaz.hu\/","logo":{"@type":"ImageObject","inLanguage":"en-US","@id":"https:\/\/www.szabadszinhaz.hu\/#\/schema\/logo\/image\/","url":"https:\/\/www.szabadszinhaz.hu\/wp-content\/uploads\/2025\/01\/images.jpg","contentUrl":"https:\/\/www.szabadszinhaz.hu\/wp-content\/uploads\/2025\/01\/images.jpg","width":178,"height":284,"caption":"Szabad Sz\u00ednh\u00e1z SZ\u00cdN-T\u00c9R Egyes\u00fclet"},"image":{"@id":"https:\/\/www.szabadszinhaz.hu\/#\/schema\/logo\/image\/"},"sameAs":["https:\/\/www.facebook.com\/szabadszinhaz"]}]}},"ticketed":false,"_links":{"self":[{"href":"https:\/\/www.szabadszinhaz.hu\/en\/wp-json\/wp\/v2\/pages\/3990","targetHints":{"allow":["GET"]}}],"collection":[{"href":"https:\/\/www.szabadszinhaz.hu\/en\/wp-json\/wp\/v2\/pages"}],"about":[{"href":"https:\/\/www.szabadszinhaz.hu\/en\/wp-json\/wp\/v2\/types\/page"}],"author":[{"embeddable":true,"href":"https:\/\/www.szabadszinhaz.hu\/en\/wp-json\/wp\/v2\/users\/2"}],"replies":[{"embeddable":true,"href":"https:\/\/www.szabadszinhaz.hu\/en\/wp-json\/wp\/v2\/comments?post=3990"}],"version-history":[{"count":5,"href":"https:\/\/www.szabadszinhaz.hu\/en\/wp-json\/wp\/v2\/pages\/3990\/revisions"}],"predecessor-version":[{"id":5417,"href":"https:\/\/www.szabadszinhaz.hu\/en\/wp-json\/wp\/v2\/pages\/3990\/revisions\/5417"}],"up":[{"embeddable":true,"href":"https:\/\/www.szabadszinhaz.hu\/en\/wp-json\/wp\/v2\/pages\/123"}],"wp:attachment":[{"href":"https:\/\/www.szabadszinhaz.hu\/en\/wp-json\/wp\/v2\/media?parent=3990"}],"curies":[{"name":"wp","href":"https:\/\/api.w.org\/{rel}","templated":true}]}}