{"id":3908,"date":"2022-02-08T19:17:04","date_gmt":"2022-02-08T18:17:04","guid":{"rendered":"http:\/\/www.szabszinhaz.hu\/?page_id=3908"},"modified":"2022-02-08T19:17:04","modified_gmt":"2022-02-08T18:17:04","slug":"floralia-tavaszkoszonto-unnep-gorsiumban","status":"publish","type":"page","link":"https:\/\/www.szabadszinhaz.hu\/en\/muveszi-projektek\/floralia-tavaszkoszonto-unnep-gorsiumban\/","title":{"rendered":"Floralia Tavaszk\u00f6sz\u00f6nt\u0151 \u00dcnnep Gorsiumban"},"content":{"rendered":"<p>[et_pb_section fb_built=&#8221;1&#8243; _builder_version=&#8221;4.14.1&#8243; _module_preset=&#8221;default&#8221; background_color=&#8221;#fff1d0&#8243; global_colors_info=&#8221;{}&#8221;][et_pb_row _builder_version=&#8221;4.14.1&#8243; _module_preset=&#8221;default&#8221; global_colors_info=&#8221;{}&#8221;][et_pb_column type=&#8221;4_4&#8243; _builder_version=&#8221;4.14.1&#8243; _module_preset=&#8221;default&#8221; global_colors_info=&#8221;{}&#8221;][et_pb_text _builder_version=&#8221;4.14.4&#8243; _module_preset=&#8221;default&#8221; text_text_color=&#8221;#000000&#8243; text_font_size=&#8221;28px&#8221; hover_enabled=&#8221;0&#8243; global_colors_info=&#8221;{}&#8221; sticky_enabled=&#8221;0&#8243;]<\/p>\n<p><strong>Floralia Tavaszk\u00f6sz\u00f6nt\u0151 \u00dcnnep Gorsiumban<\/strong><\/p>\n<p>[\/et_pb_text][\/et_pb_column][\/et_pb_row][et_pb_row _builder_version=&#8221;4.14.1&#8243; _module_preset=&#8221;default&#8221; custom_padding=&#8221;3px||0px|||&#8221; global_colors_info=&#8221;{}&#8221;][et_pb_column type=&#8221;4_4&#8243; _builder_version=&#8221;4.14.1&#8243; _module_preset=&#8221;default&#8221; global_colors_info=&#8221;{}&#8221;][et_pb_divider color=&#8221;#000000&#8243; divider_weight=&#8221;4px&#8221; _builder_version=&#8221;4.14.1&#8243; _module_preset=&#8221;default&#8221; custom_margin=&#8221;||-58px|||&#8221; global_colors_info=&#8221;{}&#8221;][\/et_pb_divider][\/et_pb_column][\/et_pb_row][et_pb_row _builder_version=&#8221;4.14.1&#8243; _module_preset=&#8221;default&#8221; custom_padding=&#8221;0px|||||&#8221; global_colors_info=&#8221;{}&#8221;][et_pb_column type=&#8221;4_4&#8243; _builder_version=&#8221;4.14.1&#8243; _module_preset=&#8221;default&#8221; global_colors_info=&#8221;{}&#8221;][et_pb_text _builder_version=&#8221;4.14.4&#8243; _module_preset=&#8221;default&#8221; text_text_color=&#8221;#000000&#8243; text_font_size=&#8221;17px&#8221; text_line_height=&#8221;1.6em&#8221; text_orientation=&#8221;center&#8221; custom_padding=&#8221;24px|||||&#8221; hover_enabled=&#8221;0&#8243; global_colors_info=&#8221;{}&#8221; sticky_enabled=&#8221;0&#8243;]<\/p>\n<p style=\"text-align: left;\"><strong>Floralia Tavaszk\u00f6sz\u00f6nt\u0151 \u00dcnnep Gorsiumban<\/strong><br \/>Tavasszal a R\u00f3m\u00e1ban Birodalomban Fl\u00f3ra Istenn\u0151 tisztelet\u00e9re tavaszk\u00f6sz\u00f6nt\u0151 \u00fcnnepeket szerveztek a provinci\u00e1kban. A Sz\u00e9kesfeh\u00e9rv\u00e1rhoz k\u00f6zel es\u0151, M7-es aut\u00f3p\u00e1ly\u00e1r\u00f3l, vagy 7-es f\u0151 \u00fatr\u00f3l megk\u00f6zel\u00edthet\u0151 Gorsium R\u00e9g\u00e9szeti Parkban ezt a hagyom\u00e1nyt eleven\u00edtette \u00fajj\u00e1 a Szabad Sz\u00ednh\u00e1z, Fitz Jen\u0151 professzor \u00e9s Petres \u00c9va \u00f6tlete nyom\u00e1n, imm\u00e1r t\u00f6bb, mint negyed \u00e9vsz\u00e1zada. A rendezv\u00e9nyen t\u00f6bbek k\u00f6z\u00f6tt Septimus Severus cs\u00e1sz\u00e1r 202-\u00e9vi gorsiumi l\u00e1togat\u00e1sa is megelevenedik. A m\u00e1ra m\u00e1r Feh\u00e9rv\u00e1ri Programszervez\u0151 Kft. \u00e1ltal megval\u00f3s\u00edtott rendezv\u00e9nyen t\u00f6bb sz\u00e1z hagyom\u00e1ny\u0151rz\u0151, k\u00f6zrem\u0171k\u00f6d\u0151 mutatja be egy k\u00e9t napos rendezv\u00e9ny keretein bel\u00fcl a r\u00f3mai m\u0171v\u00e9szet \u00e9s kult\u00fara pann\u00f3niai eml\u00e9keit a R\u00e9g\u00e9szeti parkban. A Szabad Sz\u00ednh\u00e1z \u00e9vr\u0151l \u00e9vre interpret\u00e1ci\u00f3s j\u00e1t\u00e9kokkal, beavat\u00f3 sz\u00ednh\u00e1zzal, \u00e1larcos j\u00e1t\u00e9kkal, r\u00f3mai \u00e9l\u0151k\u00e9pekkel szerepel a rendezv\u00e9nyeken. Az \u00d3kori Tavaszk\u00f6sz\u00f6nt\u0151 Fesztiv\u00e1lon term\u00e9szetesen mindv\u00e9gig l\u00e1that\u00f3 Fl\u00f3ra istenasszony is, vir\u00e1gz\u00f3 fortun\u00e1j\u00e1val a kez\u00e9ben.<\/p>\n<p>[\/et_pb_text][et_pb_gallery gallery_ids=&#8221;3912,3913,3914,3915,3916,3917,3918,3919,3920,3921,3922,3923,3924,3925,3926,3927,3928,3929,3930,3931&#8243; posts_number=&#8221;20&#8243; show_title_and_caption=&#8221;off&#8221; show_pagination=&#8221;off&#8221; _builder_version=&#8221;4.14.4&#8243; _module_preset=&#8221;default&#8221; hover_enabled=&#8221;0&#8243; global_colors_info=&#8221;{}&#8221; sticky_enabled=&#8221;0&#8243;][\/et_pb_gallery][\/et_pb_column][\/et_pb_row][\/et_pb_section]<\/p>\n","protected":false},"excerpt":{"rendered":"<p>Floralia Tavaszk\u00f6sz\u00f6nt\u0151 \u00dcnnep GorsiumbanFloralia Tavaszk\u00f6sz\u00f6nt\u0151 \u00dcnnep GorsiumbanTavasszal a R\u00f3m\u00e1ban Birodalomban Fl\u00f3ra Istenn\u0151 tisztelet\u00e9re tavaszk\u00f6sz\u00f6nt\u0151 \u00fcnnepeket szerveztek a provinci\u00e1kban. A Sz\u00e9kesfeh\u00e9rv\u00e1rhoz k\u00f6zel es\u0151, M7-es aut\u00f3p\u00e1ly\u00e1r\u00f3l, vagy 7-es f\u0151 \u00fatr\u00f3l megk\u00f6zel\u00edthet\u0151 Gorsium [&hellip;]<\/p>\n","protected":false},"author":2,"featured_media":0,"parent":123,"menu_order":0,"comment_status":"closed","ping_status":"closed","template":"","meta":{"_et_pb_use_builder":"on","_et_pb_old_content":"","_et_gb_content_width":"","_price":"","_stock":"","_tribe_ticket_header":"","_tribe_default_ticket_provider":"","_ticket_start_date":"","_ticket_end_date":"","_tribe_ticket_show_description":"","_tribe_ticket_show_not_going":false,"_tribe_ticket_use_global_stock":"","_tribe_ticket_global_stock_level":"","_global_stock_mode":"","_global_stock_cap":"","_tribe_rsvp_for_event":"","_tribe_ticket_going_count":"","_tribe_ticket_not_going_count":"","_tribe_tickets_list":"[]","_tribe_ticket_has_attendee_info_fields":false,"footnotes":"","_tec_slr_enabled":"","_tec_slr_layout":""},"class_list":["post-3908","page","type-page","status-publish","hentry"],"yoast_head":"<!-- This site is optimized with the Yoast SEO plugin v25.0 - https:\/\/yoast.com\/wordpress\/plugins\/seo\/ -->\n<title>Floralia Tavaszk\u00f6sz\u00f6nt\u0151 \u00dcnnep Gorsiumban - Szabad Sz\u00ednh\u00e1z<\/title>\n<meta name=\"robots\" content=\"index, follow, max-snippet:-1, max-image-preview:large, max-video-preview:-1\" \/>\n<link rel=\"canonical\" href=\"https:\/\/www.szabadszinhaz.hu\/en\/muveszi-projektek\/floralia-tavaszkoszonto-unnep-gorsiumban\/\" \/>\n<meta property=\"og:locale\" content=\"en_US\" \/>\n<meta property=\"og:type\" content=\"article\" \/>\n<meta property=\"og:title\" content=\"Floralia Tavaszk\u00f6sz\u00f6nt\u0151 \u00dcnnep Gorsiumban - Szabad Sz\u00ednh\u00e1z\" \/>\n<meta property=\"og:description\" content=\"Floralia Tavaszk\u00f6sz\u00f6nt\u0151 \u00dcnnep GorsiumbanFloralia Tavaszk\u00f6sz\u00f6nt\u0151 \u00dcnnep GorsiumbanTavasszal a R\u00f3m\u00e1ban Birodalomban Fl\u00f3ra Istenn\u0151 tisztelet\u00e9re tavaszk\u00f6sz\u00f6nt\u0151 \u00fcnnepeket szerveztek a provinci\u00e1kban. A Sz\u00e9kesfeh\u00e9rv\u00e1rhoz k\u00f6zel es\u0151, M7-es aut\u00f3p\u00e1ly\u00e1r\u00f3l, vagy 7-es f\u0151 \u00fatr\u00f3l megk\u00f6zel\u00edthet\u0151 Gorsium [&hellip;]\" \/>\n<meta property=\"og:url\" content=\"https:\/\/www.szabadszinhaz.hu\/en\/muveszi-projektek\/floralia-tavaszkoszonto-unnep-gorsiumban\/\" \/>\n<meta property=\"og:site_name\" content=\"Szabad Sz\u00ednh\u00e1z\" \/>\n<meta property=\"article:publisher\" content=\"https:\/\/www.facebook.com\/szabadszinhaz\" \/>\n<meta name=\"twitter:card\" content=\"summary_large_image\" \/>\n<meta name=\"twitter:label1\" content=\"Est. reading time\" \/>\n\t<meta name=\"twitter:data1\" content=\"2 minutes\" \/>\n<script type=\"application\/ld+json\" class=\"yoast-schema-graph\">{\"@context\":\"https:\/\/schema.org\",\"@graph\":[{\"@type\":\"WebPage\",\"@id\":\"https:\/\/www.szabadszinhaz.hu\/muveszi-projektek\/floralia-tavaszkoszonto-unnep-gorsiumban\/\",\"url\":\"https:\/\/www.szabadszinhaz.hu\/muveszi-projektek\/floralia-tavaszkoszonto-unnep-gorsiumban\/\",\"name\":\"Floralia Tavaszk\u00f6sz\u00f6nt\u0151 \u00dcnnep Gorsiumban - Szabad Sz\u00ednh\u00e1z\",\"isPartOf\":{\"@id\":\"https:\/\/www.szabadszinhaz.hu\/#website\"},\"datePublished\":\"2022-02-08T18:17:04+00:00\",\"breadcrumb\":{\"@id\":\"https:\/\/www.szabadszinhaz.hu\/muveszi-projektek\/floralia-tavaszkoszonto-unnep-gorsiumban\/#breadcrumb\"},\"inLanguage\":\"en-US\",\"potentialAction\":[{\"@type\":\"ReadAction\",\"target\":[\"https:\/\/www.szabadszinhaz.hu\/muveszi-projektek\/floralia-tavaszkoszonto-unnep-gorsiumban\/\"]}]},{\"@type\":\"BreadcrumbList\",\"@id\":\"https:\/\/www.szabadszinhaz.hu\/muveszi-projektek\/floralia-tavaszkoszonto-unnep-gorsiumban\/#breadcrumb\",\"itemListElement\":[{\"@type\":\"ListItem\",\"position\":1,\"name\":\"Kezd\u0151lap\",\"item\":\"https:\/\/www.szabadszinhaz.hu\/\"},{\"@type\":\"ListItem\",\"position\":2,\"name\":\"M\u0171v\u00e9szi projektek\",\"item\":\"https:\/\/www.szabadszinhaz.hu\/muveszi-projektek\/\"},{\"@type\":\"ListItem\",\"position\":3,\"name\":\"Floralia Tavaszk\u00f6sz\u00f6nt\u0151 \u00dcnnep Gorsiumban\"}]},{\"@type\":\"WebSite\",\"@id\":\"https:\/\/www.szabadszinhaz.hu\/#website\",\"url\":\"https:\/\/www.szabadszinhaz.hu\/\",\"name\":\"Szabad Sz\u00ednh\u00e1z\",\"description\":\"Szabad Sz\u00ednh\u00e1z\",\"publisher\":{\"@id\":\"https:\/\/www.szabadszinhaz.hu\/#organization\"},\"potentialAction\":[{\"@type\":\"SearchAction\",\"target\":{\"@type\":\"EntryPoint\",\"urlTemplate\":\"https:\/\/www.szabadszinhaz.hu\/?s={search_term_string}\"},\"query-input\":{\"@type\":\"PropertyValueSpecification\",\"valueRequired\":true,\"valueName\":\"search_term_string\"}}],\"inLanguage\":\"en-US\"},{\"@type\":\"Organization\",\"@id\":\"https:\/\/www.szabadszinhaz.hu\/#organization\",\"name\":\"Szabad Sz\u00ednh\u00e1z SZ\u00cdN-T\u00c9R Egyes\u00fclet\",\"url\":\"https:\/\/www.szabadszinhaz.hu\/\",\"logo\":{\"@type\":\"ImageObject\",\"inLanguage\":\"en-US\",\"@id\":\"https:\/\/www.szabadszinhaz.hu\/#\/schema\/logo\/image\/\",\"url\":\"https:\/\/www.szabadszinhaz.hu\/wp-content\/uploads\/2025\/01\/images.jpg\",\"contentUrl\":\"https:\/\/www.szabadszinhaz.hu\/wp-content\/uploads\/2025\/01\/images.jpg\",\"width\":178,\"height\":284,\"caption\":\"Szabad Sz\u00ednh\u00e1z SZ\u00cdN-T\u00c9R Egyes\u00fclet\"},\"image\":{\"@id\":\"https:\/\/www.szabadszinhaz.hu\/#\/schema\/logo\/image\/\"},\"sameAs\":[\"https:\/\/www.facebook.com\/szabadszinhaz\"]}]}<\/script>\n<!-- \/ Yoast SEO plugin. -->","yoast_head_json":{"title":"Floralia Tavaszk\u00f6sz\u00f6nt\u0151 \u00dcnnep Gorsiumban - Szabad Sz\u00ednh\u00e1z","robots":{"index":"index","follow":"follow","max-snippet":"max-snippet:-1","max-image-preview":"max-image-preview:large","max-video-preview":"max-video-preview:-1"},"canonical":"https:\/\/www.szabadszinhaz.hu\/en\/muveszi-projektek\/floralia-tavaszkoszonto-unnep-gorsiumban\/","og_locale":"en_US","og_type":"article","og_title":"Floralia Tavaszk\u00f6sz\u00f6nt\u0151 \u00dcnnep Gorsiumban - Szabad Sz\u00ednh\u00e1z","og_description":"Floralia Tavaszk\u00f6sz\u00f6nt\u0151 \u00dcnnep GorsiumbanFloralia Tavaszk\u00f6sz\u00f6nt\u0151 \u00dcnnep GorsiumbanTavasszal a R\u00f3m\u00e1ban Birodalomban Fl\u00f3ra Istenn\u0151 tisztelet\u00e9re tavaszk\u00f6sz\u00f6nt\u0151 \u00fcnnepeket szerveztek a provinci\u00e1kban. A Sz\u00e9kesfeh\u00e9rv\u00e1rhoz k\u00f6zel es\u0151, M7-es aut\u00f3p\u00e1ly\u00e1r\u00f3l, vagy 7-es f\u0151 \u00fatr\u00f3l megk\u00f6zel\u00edthet\u0151 Gorsium [&hellip;]","og_url":"https:\/\/www.szabadszinhaz.hu\/en\/muveszi-projektek\/floralia-tavaszkoszonto-unnep-gorsiumban\/","og_site_name":"Szabad Sz\u00ednh\u00e1z","article_publisher":"https:\/\/www.facebook.com\/szabadszinhaz","twitter_card":"summary_large_image","twitter_misc":{"Est. reading time":"2 minutes"},"schema":{"@context":"https:\/\/schema.org","@graph":[{"@type":"WebPage","@id":"https:\/\/www.szabadszinhaz.hu\/muveszi-projektek\/floralia-tavaszkoszonto-unnep-gorsiumban\/","url":"https:\/\/www.szabadszinhaz.hu\/muveszi-projektek\/floralia-tavaszkoszonto-unnep-gorsiumban\/","name":"Floralia Tavaszk\u00f6sz\u00f6nt\u0151 \u00dcnnep Gorsiumban - Szabad Sz\u00ednh\u00e1z","isPartOf":{"@id":"https:\/\/www.szabadszinhaz.hu\/#website"},"datePublished":"2022-02-08T18:17:04+00:00","breadcrumb":{"@id":"https:\/\/www.szabadszinhaz.hu\/muveszi-projektek\/floralia-tavaszkoszonto-unnep-gorsiumban\/#breadcrumb"},"inLanguage":"en-US","potentialAction":[{"@type":"ReadAction","target":["https:\/\/www.szabadszinhaz.hu\/muveszi-projektek\/floralia-tavaszkoszonto-unnep-gorsiumban\/"]}]},{"@type":"BreadcrumbList","@id":"https:\/\/www.szabadszinhaz.hu\/muveszi-projektek\/floralia-tavaszkoszonto-unnep-gorsiumban\/#breadcrumb","itemListElement":[{"@type":"ListItem","position":1,"name":"Kezd\u0151lap","item":"https:\/\/www.szabadszinhaz.hu\/"},{"@type":"ListItem","position":2,"name":"M\u0171v\u00e9szi projektek","item":"https:\/\/www.szabadszinhaz.hu\/muveszi-projektek\/"},{"@type":"ListItem","position":3,"name":"Floralia Tavaszk\u00f6sz\u00f6nt\u0151 \u00dcnnep Gorsiumban"}]},{"@type":"WebSite","@id":"https:\/\/www.szabadszinhaz.hu\/#website","url":"https:\/\/www.szabadszinhaz.hu\/","name":"Free Theatre - Szabad Sz\u00ednh\u00e1z","description":"Free Theatre - Szabad Sz\u00ednh\u00e1z","publisher":{"@id":"https:\/\/www.szabadszinhaz.hu\/#organization"},"potentialAction":[{"@type":"SearchAction","target":{"@type":"EntryPoint","urlTemplate":"https:\/\/www.szabadszinhaz.hu\/?s={search_term_string}"},"query-input":{"@type":"PropertyValueSpecification","valueRequired":true,"valueName":"search_term_string"}}],"inLanguage":"en-US"},{"@type":"Organization","@id":"https:\/\/www.szabadszinhaz.hu\/#organization","name":"Szabad Sz\u00ednh\u00e1z SZ\u00cdN-T\u00c9R Egyes\u00fclet","url":"https:\/\/www.szabadszinhaz.hu\/","logo":{"@type":"ImageObject","inLanguage":"en-US","@id":"https:\/\/www.szabadszinhaz.hu\/#\/schema\/logo\/image\/","url":"https:\/\/www.szabadszinhaz.hu\/wp-content\/uploads\/2025\/01\/images.jpg","contentUrl":"https:\/\/www.szabadszinhaz.hu\/wp-content\/uploads\/2025\/01\/images.jpg","width":178,"height":284,"caption":"Szabad Sz\u00ednh\u00e1z SZ\u00cdN-T\u00c9R Egyes\u00fclet"},"image":{"@id":"https:\/\/www.szabadszinhaz.hu\/#\/schema\/logo\/image\/"},"sameAs":["https:\/\/www.facebook.com\/szabadszinhaz"]}]}},"ticketed":false,"_links":{"self":[{"href":"https:\/\/www.szabadszinhaz.hu\/en\/wp-json\/wp\/v2\/pages\/3908","targetHints":{"allow":["GET"]}}],"collection":[{"href":"https:\/\/www.szabadszinhaz.hu\/en\/wp-json\/wp\/v2\/pages"}],"about":[{"href":"https:\/\/www.szabadszinhaz.hu\/en\/wp-json\/wp\/v2\/types\/page"}],"author":[{"embeddable":true,"href":"https:\/\/www.szabadszinhaz.hu\/en\/wp-json\/wp\/v2\/users\/2"}],"replies":[{"embeddable":true,"href":"https:\/\/www.szabadszinhaz.hu\/en\/wp-json\/wp\/v2\/comments?post=3908"}],"version-history":[{"count":3,"href":"https:\/\/www.szabadszinhaz.hu\/en\/wp-json\/wp\/v2\/pages\/3908\/revisions"}],"predecessor-version":[{"id":3932,"href":"https:\/\/www.szabadszinhaz.hu\/en\/wp-json\/wp\/v2\/pages\/3908\/revisions\/3932"}],"up":[{"embeddable":true,"href":"https:\/\/www.szabadszinhaz.hu\/en\/wp-json\/wp\/v2\/pages\/123"}],"wp:attachment":[{"href":"https:\/\/www.szabadszinhaz.hu\/en\/wp-json\/wp\/v2\/media?parent=3908"}],"curies":[{"name":"wp","href":"https:\/\/api.w.org\/{rel}","templated":true}]}}