{"id":3427,"date":"2021-11-30T16:58:52","date_gmt":"2021-11-30T15:58:52","guid":{"rendered":"http:\/\/www.szabszinhaz.hu\/?page_id=3427"},"modified":"2021-11-30T17:03:25","modified_gmt":"2021-11-30T16:03:25","slug":"jon-mar-itt-a-mikulas-feherpremes-hosapkas","status":"publish","type":"page","link":"https:\/\/www.szabadszinhaz.hu\/en\/gyermekeloadasok\/jon-mar-itt-a-mikulas-feherpremes-hosapkas\/","title":{"rendered":"\u201cJ\u00f6n m\u00e1r, itt a Mikul\u00e1s! Feh\u00e9rpr\u00e9mes, h\u00f3sapk\u00e1s\u2026\u201d"},"content":{"rendered":"<p>[et_pb_section fb_built=&#8221;1&#8243; _builder_version=&#8221;4.14.1&#8243; _module_preset=&#8221;default&#8221; background_color=&#8221;#fff1d0&#8243; global_colors_info=&#8221;{}&#8221; theme_builder_area=&#8221;post_content&#8221;][et_pb_row _builder_version=&#8221;4.14.1&#8243; _module_preset=&#8221;default&#8221; global_colors_info=&#8221;{}&#8221; theme_builder_area=&#8221;post_content&#8221;][et_pb_column type=&#8221;4_4&#8243; _builder_version=&#8221;4.14.1&#8243; _module_preset=&#8221;default&#8221; global_colors_info=&#8221;{}&#8221; theme_builder_area=&#8221;post_content&#8221;][et_pb_text _builder_version=&#8221;4.14.1&#8243; _module_preset=&#8221;default&#8221; text_text_color=&#8221;#000000&#8243; text_font_size=&#8221;28px&#8221; hover_enabled=&#8221;0&#8243; global_colors_info=&#8221;{}&#8221; theme_builder_area=&#8221;post_content&#8221; sticky_enabled=&#8221;0&#8243;]<\/p>\n<p><strong>\u201cJ\u00f6n m\u00e1r, itt a Mikul\u00e1s! Feh\u00e9rpr\u00e9mes, h\u00f3sapk\u00e1s\u2026\u201d<\/strong><\/p>\n<p>[\/et_pb_text][\/et_pb_column][\/et_pb_row][et_pb_row _builder_version=&#8221;4.14.1&#8243; _module_preset=&#8221;default&#8221; custom_padding=&#8221;3px||0px|||&#8221; global_colors_info=&#8221;{}&#8221; theme_builder_area=&#8221;post_content&#8221;][et_pb_column type=&#8221;4_4&#8243; _builder_version=&#8221;4.14.1&#8243; _module_preset=&#8221;default&#8221; global_colors_info=&#8221;{}&#8221; theme_builder_area=&#8221;post_content&#8221;][et_pb_divider color=&#8221;#000000&#8243; divider_weight=&#8221;4px&#8221; _builder_version=&#8221;4.14.1&#8243; _module_preset=&#8221;default&#8221; custom_margin=&#8221;-10px||-58px|||&#8221; global_colors_info=&#8221;{}&#8221; theme_builder_area=&#8221;post_content&#8221;][\/et_pb_divider][\/et_pb_column][\/et_pb_row][et_pb_row _builder_version=&#8221;4.14.1&#8243; _module_preset=&#8221;default&#8221; custom_padding=&#8221;3px|||||&#8221; global_colors_info=&#8221;{}&#8221; theme_builder_area=&#8221;post_content&#8221;][et_pb_column type=&#8221;4_4&#8243; _builder_version=&#8221;4.14.1&#8243; _module_preset=&#8221;default&#8221; global_colors_info=&#8221;{}&#8221; theme_builder_area=&#8221;post_content&#8221;][et_pb_image src=&#8221;\/wp-content\/uploads\/2021\/11\/Szabad_on_levagott-6-1024x199_krem.png&#8221; _builder_version=&#8221;4.14.1&#8243; _module_preset=&#8221;default&#8221; theme_builder_area=&#8221;post_content&#8221; title_text=&#8221;Szabad_on_levagott-6-1024x199_krem&#8221; hover_enabled=&#8221;0&#8243; sticky_enabled=&#8221;0&#8243; custom_margin=&#8221;16px|||||&#8221;][\/et_pb_image][et_pb_text _builder_version=&#8221;4.14.1&#8243; _module_preset=&#8221;default&#8221; text_text_color=&#8221;#000000&#8243; text_font_size=&#8221;17px&#8221; text_orientation=&#8221;justified&#8221; hover_enabled=&#8221;0&#8243; global_colors_info=&#8221;{}&#8221; theme_builder_area=&#8221;post_content&#8221; sticky_enabled=&#8221;0&#8243;]<\/p>\n<p>Dr\u00f3tpost\u00e1n \u00e9rkezett az \u00fczenet a MIKUL\u00c1ST\u00d3L, hogy 2020.december 6-\u00e1n,ha t\u00f6rik, ha szakad, valahogy m\u00e9giscsak megl\u00e1togatja a feh\u00e9rv\u00e1ri gyerekeket! A man\u00f3i, \u00e9s a nagy messzel\u00e1t\u00f3ja seg\u00edts\u00e9g\u00e9vel igyekszik majd reag\u00e1lni is a gyerekek \u00fczeneteire. K\u00f6vess\u00e9tek az Ig\u00e9z\u0151 oldal\u00e1t, \u00e9s csatlakozzatok december 6-\u00e1n az \u00e9l\u0151 m\u0171sorhoz!<\/p>\n<p>[\/et_pb_text][et_pb_image src=&#8221;\/wp-content\/uploads\/2021\/11\/EA8A99CB-0E36-4829-884C-DAC122EFC65B-1024&#215;682-1.jpeg&#8221; _builder_version=&#8221;4.14.1&#8243; _module_preset=&#8221;default&#8221; theme_builder_area=&#8221;post_content&#8221; title_text=&#8221;EA8A99CB-0E36-4829-884C-DAC122EFC65B-1024&#215;682&#8243; hover_enabled=&#8221;0&#8243; sticky_enabled=&#8221;0&#8243;][\/et_pb_image][\/et_pb_column][\/et_pb_row][\/et_pb_section]<\/p>\n","protected":false},"excerpt":{"rendered":"<p>\u201cJ\u00f6n m\u00e1r, itt a Mikul\u00e1s! Feh\u00e9rpr\u00e9mes, h\u00f3sapk\u00e1s\u2026\u201dDr\u00f3tpost\u00e1n \u00e9rkezett az \u00fczenet a MIKUL\u00c1ST\u00d3L, hogy 2020.december 6-\u00e1n,ha t\u00f6rik, ha szakad, valahogy m\u00e9giscsak megl\u00e1togatja a feh\u00e9rv\u00e1ri gyerekeket! A man\u00f3i, \u00e9s a nagy messzel\u00e1t\u00f3ja [&hellip;]<\/p>\n","protected":false},"author":2,"featured_media":0,"parent":83,"menu_order":0,"comment_status":"closed","ping_status":"closed","template":"","meta":{"_et_pb_use_builder":"on","_et_pb_old_content":"","_et_gb_content_width":"","_price":"","_stock":"","_tribe_ticket_header":"","_tribe_default_ticket_provider":"","_ticket_start_date":"","_ticket_end_date":"","_tribe_ticket_show_description":"","_tribe_ticket_show_not_going":false,"_tribe_ticket_use_global_stock":"","_tribe_ticket_global_stock_level":"","_global_stock_mode":"","_global_stock_cap":"","_tribe_rsvp_for_event":"","_tribe_ticket_going_count":"","_tribe_ticket_not_going_count":"","_tribe_tickets_list":"[]","_tribe_ticket_has_attendee_info_fields":false,"footnotes":"","_tec_slr_enabled":"","_tec_slr_layout":""},"class_list":["post-3427","page","type-page","status-publish","hentry"],"yoast_head":"<!-- This site is optimized with the Yoast SEO plugin v25.0 - https:\/\/yoast.com\/wordpress\/plugins\/seo\/ -->\n<title>\u201cJ\u00f6n m\u00e1r, itt a Mikul\u00e1s! Feh\u00e9rpr\u00e9mes, h\u00f3sapk\u00e1s\u2026\u201d - Szabad Sz\u00ednh\u00e1z<\/title>\n<meta name=\"robots\" content=\"index, follow, max-snippet:-1, max-image-preview:large, max-video-preview:-1\" \/>\n<link rel=\"canonical\" href=\"https:\/\/www.szabadszinhaz.hu\/en\/gyermekeloadasok\/jon-mar-itt-a-mikulas-feherpremes-hosapkas\/\" \/>\n<meta property=\"og:locale\" content=\"en_US\" \/>\n<meta property=\"og:type\" content=\"article\" \/>\n<meta property=\"og:title\" content=\"\u201cJ\u00f6n m\u00e1r, itt a Mikul\u00e1s! Feh\u00e9rpr\u00e9mes, h\u00f3sapk\u00e1s\u2026\u201d - Szabad Sz\u00ednh\u00e1z\" \/>\n<meta property=\"og:description\" content=\"\u201cJ\u00f6n m\u00e1r, itt a Mikul\u00e1s! Feh\u00e9rpr\u00e9mes, h\u00f3sapk\u00e1s\u2026\u201dDr\u00f3tpost\u00e1n \u00e9rkezett az \u00fczenet a MIKUL\u00c1ST\u00d3L, hogy 2020.december 6-\u00e1n,ha t\u00f6rik, ha szakad, valahogy m\u00e9giscsak megl\u00e1togatja a feh\u00e9rv\u00e1ri gyerekeket! A man\u00f3i, \u00e9s a nagy messzel\u00e1t\u00f3ja [&hellip;]\" \/>\n<meta property=\"og:url\" content=\"https:\/\/www.szabadszinhaz.hu\/en\/gyermekeloadasok\/jon-mar-itt-a-mikulas-feherpremes-hosapkas\/\" \/>\n<meta property=\"og:site_name\" content=\"Szabad Sz\u00ednh\u00e1z\" \/>\n<meta property=\"article:publisher\" content=\"https:\/\/www.facebook.com\/szabadszinhaz\" \/>\n<meta property=\"article:modified_time\" content=\"2021-11-30T16:03:25+00:00\" \/>\n<meta name=\"twitter:card\" content=\"summary_large_image\" \/>\n<meta name=\"twitter:label1\" content=\"Est. reading time\" \/>\n\t<meta name=\"twitter:data1\" content=\"2 minutes\" \/>\n<script type=\"application\/ld+json\" class=\"yoast-schema-graph\">{\"@context\":\"https:\/\/schema.org\",\"@graph\":[{\"@type\":\"WebPage\",\"@id\":\"https:\/\/www.szabadszinhaz.hu\/gyermekeloadasok\/jon-mar-itt-a-mikulas-feherpremes-hosapkas\/\",\"url\":\"https:\/\/www.szabadszinhaz.hu\/gyermekeloadasok\/jon-mar-itt-a-mikulas-feherpremes-hosapkas\/\",\"name\":\"\u201cJ\u00f6n m\u00e1r, itt a Mikul\u00e1s! Feh\u00e9rpr\u00e9mes, h\u00f3sapk\u00e1s\u2026\u201d - Szabad Sz\u00ednh\u00e1z\",\"isPartOf\":{\"@id\":\"https:\/\/www.szabadszinhaz.hu\/#website\"},\"datePublished\":\"2021-11-30T15:58:52+00:00\",\"dateModified\":\"2021-11-30T16:03:25+00:00\",\"breadcrumb\":{\"@id\":\"https:\/\/www.szabadszinhaz.hu\/gyermekeloadasok\/jon-mar-itt-a-mikulas-feherpremes-hosapkas\/#breadcrumb\"},\"inLanguage\":\"en-US\",\"potentialAction\":[{\"@type\":\"ReadAction\",\"target\":[\"https:\/\/www.szabadszinhaz.hu\/gyermekeloadasok\/jon-mar-itt-a-mikulas-feherpremes-hosapkas\/\"]}]},{\"@type\":\"BreadcrumbList\",\"@id\":\"https:\/\/www.szabadszinhaz.hu\/gyermekeloadasok\/jon-mar-itt-a-mikulas-feherpremes-hosapkas\/#breadcrumb\",\"itemListElement\":[{\"@type\":\"ListItem\",\"position\":1,\"name\":\"Kezd\u0151lap\",\"item\":\"https:\/\/www.szabadszinhaz.hu\/\"},{\"@type\":\"ListItem\",\"position\":2,\"name\":\"Gyermekel\u0151ad\u00e1sok\",\"item\":\"https:\/\/www.szabadszinhaz.hu\/gyermekeloadasok\/\"},{\"@type\":\"ListItem\",\"position\":3,\"name\":\"\u201cJ\u00f6n m\u00e1r, itt a Mikul\u00e1s! Feh\u00e9rpr\u00e9mes, h\u00f3sapk\u00e1s\u2026\u201d\"}]},{\"@type\":\"WebSite\",\"@id\":\"https:\/\/www.szabadszinhaz.hu\/#website\",\"url\":\"https:\/\/www.szabadszinhaz.hu\/\",\"name\":\"Szabad Sz\u00ednh\u00e1z\",\"description\":\"Szabad Sz\u00ednh\u00e1z\",\"publisher\":{\"@id\":\"https:\/\/www.szabadszinhaz.hu\/#organization\"},\"potentialAction\":[{\"@type\":\"SearchAction\",\"target\":{\"@type\":\"EntryPoint\",\"urlTemplate\":\"https:\/\/www.szabadszinhaz.hu\/?s={search_term_string}\"},\"query-input\":{\"@type\":\"PropertyValueSpecification\",\"valueRequired\":true,\"valueName\":\"search_term_string\"}}],\"inLanguage\":\"en-US\"},{\"@type\":\"Organization\",\"@id\":\"https:\/\/www.szabadszinhaz.hu\/#organization\",\"name\":\"Szabad Sz\u00ednh\u00e1z SZ\u00cdN-T\u00c9R Egyes\u00fclet\",\"url\":\"https:\/\/www.szabadszinhaz.hu\/\",\"logo\":{\"@type\":\"ImageObject\",\"inLanguage\":\"en-US\",\"@id\":\"https:\/\/www.szabadszinhaz.hu\/#\/schema\/logo\/image\/\",\"url\":\"https:\/\/www.szabadszinhaz.hu\/wp-content\/uploads\/2025\/01\/images.jpg\",\"contentUrl\":\"https:\/\/www.szabadszinhaz.hu\/wp-content\/uploads\/2025\/01\/images.jpg\",\"width\":178,\"height\":284,\"caption\":\"Szabad Sz\u00ednh\u00e1z SZ\u00cdN-T\u00c9R Egyes\u00fclet\"},\"image\":{\"@id\":\"https:\/\/www.szabadszinhaz.hu\/#\/schema\/logo\/image\/\"},\"sameAs\":[\"https:\/\/www.facebook.com\/szabadszinhaz\"]}]}<\/script>\n<!-- \/ Yoast SEO plugin. -->","yoast_head_json":{"title":"\u201cJ\u00f6n m\u00e1r, itt a Mikul\u00e1s! Feh\u00e9rpr\u00e9mes, h\u00f3sapk\u00e1s\u2026\u201d - Szabad Sz\u00ednh\u00e1z","robots":{"index":"index","follow":"follow","max-snippet":"max-snippet:-1","max-image-preview":"max-image-preview:large","max-video-preview":"max-video-preview:-1"},"canonical":"https:\/\/www.szabadszinhaz.hu\/en\/gyermekeloadasok\/jon-mar-itt-a-mikulas-feherpremes-hosapkas\/","og_locale":"en_US","og_type":"article","og_title":"\u201cJ\u00f6n m\u00e1r, itt a Mikul\u00e1s! Feh\u00e9rpr\u00e9mes, h\u00f3sapk\u00e1s\u2026\u201d - Szabad Sz\u00ednh\u00e1z","og_description":"\u201cJ\u00f6n m\u00e1r, itt a Mikul\u00e1s! Feh\u00e9rpr\u00e9mes, h\u00f3sapk\u00e1s\u2026\u201dDr\u00f3tpost\u00e1n \u00e9rkezett az \u00fczenet a MIKUL\u00c1ST\u00d3L, hogy 2020.december 6-\u00e1n,ha t\u00f6rik, ha szakad, valahogy m\u00e9giscsak megl\u00e1togatja a feh\u00e9rv\u00e1ri gyerekeket! A man\u00f3i, \u00e9s a nagy messzel\u00e1t\u00f3ja [&hellip;]","og_url":"https:\/\/www.szabadszinhaz.hu\/en\/gyermekeloadasok\/jon-mar-itt-a-mikulas-feherpremes-hosapkas\/","og_site_name":"Szabad Sz\u00ednh\u00e1z","article_publisher":"https:\/\/www.facebook.com\/szabadszinhaz","article_modified_time":"2021-11-30T16:03:25+00:00","twitter_card":"summary_large_image","twitter_misc":{"Est. reading time":"2 minutes"},"schema":{"@context":"https:\/\/schema.org","@graph":[{"@type":"WebPage","@id":"https:\/\/www.szabadszinhaz.hu\/gyermekeloadasok\/jon-mar-itt-a-mikulas-feherpremes-hosapkas\/","url":"https:\/\/www.szabadszinhaz.hu\/gyermekeloadasok\/jon-mar-itt-a-mikulas-feherpremes-hosapkas\/","name":"\u201cJ\u00f6n m\u00e1r, itt a Mikul\u00e1s! Feh\u00e9rpr\u00e9mes, h\u00f3sapk\u00e1s\u2026\u201d - Szabad Sz\u00ednh\u00e1z","isPartOf":{"@id":"https:\/\/www.szabadszinhaz.hu\/#website"},"datePublished":"2021-11-30T15:58:52+00:00","dateModified":"2021-11-30T16:03:25+00:00","breadcrumb":{"@id":"https:\/\/www.szabadszinhaz.hu\/gyermekeloadasok\/jon-mar-itt-a-mikulas-feherpremes-hosapkas\/#breadcrumb"},"inLanguage":"en-US","potentialAction":[{"@type":"ReadAction","target":["https:\/\/www.szabadszinhaz.hu\/gyermekeloadasok\/jon-mar-itt-a-mikulas-feherpremes-hosapkas\/"]}]},{"@type":"BreadcrumbList","@id":"https:\/\/www.szabadszinhaz.hu\/gyermekeloadasok\/jon-mar-itt-a-mikulas-feherpremes-hosapkas\/#breadcrumb","itemListElement":[{"@type":"ListItem","position":1,"name":"Kezd\u0151lap","item":"https:\/\/www.szabadszinhaz.hu\/"},{"@type":"ListItem","position":2,"name":"Gyermekel\u0151ad\u00e1sok","item":"https:\/\/www.szabadszinhaz.hu\/gyermekeloadasok\/"},{"@type":"ListItem","position":3,"name":"\u201cJ\u00f6n m\u00e1r, itt a Mikul\u00e1s! Feh\u00e9rpr\u00e9mes, h\u00f3sapk\u00e1s\u2026\u201d"}]},{"@type":"WebSite","@id":"https:\/\/www.szabadszinhaz.hu\/#website","url":"https:\/\/www.szabadszinhaz.hu\/","name":"Free Theatre - Szabad Sz\u00ednh\u00e1z","description":"Free Theatre - Szabad Sz\u00ednh\u00e1z","publisher":{"@id":"https:\/\/www.szabadszinhaz.hu\/#organization"},"potentialAction":[{"@type":"SearchAction","target":{"@type":"EntryPoint","urlTemplate":"https:\/\/www.szabadszinhaz.hu\/?s={search_term_string}"},"query-input":{"@type":"PropertyValueSpecification","valueRequired":true,"valueName":"search_term_string"}}],"inLanguage":"en-US"},{"@type":"Organization","@id":"https:\/\/www.szabadszinhaz.hu\/#organization","name":"Szabad Sz\u00ednh\u00e1z SZ\u00cdN-T\u00c9R Egyes\u00fclet","url":"https:\/\/www.szabadszinhaz.hu\/","logo":{"@type":"ImageObject","inLanguage":"en-US","@id":"https:\/\/www.szabadszinhaz.hu\/#\/schema\/logo\/image\/","url":"https:\/\/www.szabadszinhaz.hu\/wp-content\/uploads\/2025\/01\/images.jpg","contentUrl":"https:\/\/www.szabadszinhaz.hu\/wp-content\/uploads\/2025\/01\/images.jpg","width":178,"height":284,"caption":"Szabad Sz\u00ednh\u00e1z SZ\u00cdN-T\u00c9R Egyes\u00fclet"},"image":{"@id":"https:\/\/www.szabadszinhaz.hu\/#\/schema\/logo\/image\/"},"sameAs":["https:\/\/www.facebook.com\/szabadszinhaz"]}]}},"ticketed":false,"_links":{"self":[{"href":"https:\/\/www.szabadszinhaz.hu\/en\/wp-json\/wp\/v2\/pages\/3427","targetHints":{"allow":["GET"]}}],"collection":[{"href":"https:\/\/www.szabadszinhaz.hu\/en\/wp-json\/wp\/v2\/pages"}],"about":[{"href":"https:\/\/www.szabadszinhaz.hu\/en\/wp-json\/wp\/v2\/types\/page"}],"author":[{"embeddable":true,"href":"https:\/\/www.szabadszinhaz.hu\/en\/wp-json\/wp\/v2\/users\/2"}],"replies":[{"embeddable":true,"href":"https:\/\/www.szabadszinhaz.hu\/en\/wp-json\/wp\/v2\/comments?post=3427"}],"version-history":[{"count":3,"href":"https:\/\/www.szabadszinhaz.hu\/en\/wp-json\/wp\/v2\/pages\/3427\/revisions"}],"predecessor-version":[{"id":3433,"href":"https:\/\/www.szabadszinhaz.hu\/en\/wp-json\/wp\/v2\/pages\/3427\/revisions\/3433"}],"up":[{"embeddable":true,"href":"https:\/\/www.szabadszinhaz.hu\/en\/wp-json\/wp\/v2\/pages\/83"}],"wp:attachment":[{"href":"https:\/\/www.szabadszinhaz.hu\/en\/wp-json\/wp\/v2\/media?parent=3427"}],"curies":[{"name":"wp","href":"https:\/\/api.w.org\/{rel}","templated":true}]}}