{"id":3364,"date":"2021-11-30T16:31:57","date_gmt":"2021-11-30T15:31:57","guid":{"rendered":"http:\/\/www.szabszinhaz.hu\/?page_id=3364"},"modified":"2021-11-30T16:37:33","modified_gmt":"2021-11-30T15:37:33","slug":"kozepkori-piacter","status":"publish","type":"page","link":"https:\/\/www.szabadszinhaz.hu\/en\/szabadteri-produkciok\/kozepkori-piacter\/","title":{"rendered":"Medieval market"},"content":{"rendered":"<p>[et_pb_section fb_built=&#8221;1&#8243; _builder_version=&#8221;4.14.1&#8243; _module_preset=&#8221;default&#8221; background_color=&#8221;#fff1d0&#8243; global_colors_info=&#8221;{}&#8221;][et_pb_row _builder_version=&#8221;4.14.1&#8243; _module_preset=&#8221;default&#8221; global_colors_info=&#8221;{}&#8221;][et_pb_column type=&#8221;4_4&#8243; _builder_version=&#8221;4.14.1&#8243; _module_preset=&#8221;default&#8221; global_colors_info=&#8221;{}&#8221;][et_pb_text _builder_version=&#8221;4.14.1&#8243; _module_preset=&#8221;default&#8221; text_text_color=&#8221;#000000&#8243; text_font_size=&#8221;28px&#8221; hover_enabled=&#8221;0&#8243; global_colors_info=&#8221;{}&#8221; sticky_enabled=&#8221;0&#8243;]<\/p>\n<p><strong>K\u00f6z\u00e9pkori piact\u00e9r<\/strong><\/p>\n<p>[\/et_pb_text][\/et_pb_column][\/et_pb_row][et_pb_row _builder_version=&#8221;4.14.1&#8243; _module_preset=&#8221;default&#8221; custom_padding=&#8221;3px||0px|||&#8221; global_colors_info=&#8221;{}&#8221;][et_pb_column type=&#8221;4_4&#8243; _builder_version=&#8221;4.14.1&#8243; _module_preset=&#8221;default&#8221; global_colors_info=&#8221;{}&#8221;][et_pb_divider color=&#8221;#000000&#8243; divider_weight=&#8221;4px&#8221; _builder_version=&#8221;4.14.1&#8243; _module_preset=&#8221;default&#8221; custom_margin=&#8221;||-58px|||&#8221; global_colors_info=&#8221;{}&#8221;][\/et_pb_divider][\/et_pb_column][\/et_pb_row][et_pb_row _builder_version=&#8221;4.14.1&#8243; _module_preset=&#8221;default&#8221; custom_margin=&#8221;22px|auto||auto||&#8221; custom_padding=&#8221;3px|||||&#8221; global_colors_info=&#8221;{}&#8221;][et_pb_column type=&#8221;4_4&#8243; _builder_version=&#8221;4.14.1&#8243; _module_preset=&#8221;default&#8221; global_colors_info=&#8221;{}&#8221;][et_pb_text _builder_version=&#8221;4.14.1&#8243; _module_preset=&#8221;default&#8221; text_text_color=&#8221;#000000&#8243; text_font_size=&#8221;17px&#8221; text_orientation=&#8221;justified&#8221; global_colors_info=&#8221;{}&#8221;]<\/p>\n<p>Boszork\u00e1ny outlet, f\u00e9l\u00e1ras vessz\u0151z\u00e9s, alkalmi sz\u00fcl\u00e9slevezet\u00e9s f\u00e9rfiaknak, szem\u00e9lyre szabott szellemszabad\u00edt\u00f3 ter\u00e1pi\u00e1k n\u0151knek, ingyenes perpatvarok mindenkinek- ezen k\u00edv\u00fcl f\u00e9ktelen j\u00f3kedv, v\u00e1s\u00e1ri \u00e9letk\u00e9pek, perg\u0151 nyelv\u0171 kof\u00e1k \u00e9s borvir\u00e1gos pof\u00e1k, ravasz kalm\u00e1rok \u00e9s r\u00e9mh\u00edrkelt\u0151 pletyk\u00e1sok, korhely kom\u00e9di\u00e1sok \u00e9s d\u00e9vaj mutatv\u00e1nyosok, l\u00e9h\u0171t\u0151 igricek \u00e9s naplop\u00f3 bikficek, megsz\u00e1llottak \u00e9s m\u00e1ni\u00e1sok, \u00f6ngy\u00f3gy\u00edt\u00f3 felcser \u00e9s k\u00f6z\u00e9pkori t\u00e9bolyd\u00e1ja, tolvajok, javasasszonyok, b\u0171b\u00e1josok, lid\u00e9rcl\u00e1t\u00f3k, piaci b\u00edr\u00f3 \u00e9s p\u00e9ldamutat\u00f3 b\u00fcntet\u00e9sei, k\u00f6z\u00e9pkori k\u00f6pk\u00f6d\u0151, \u00e1llat-olimpia a j\u00f3sz\u00e1gokra k\u00f6thet\u0151 fogad\u00e1sokkal, v\u00e1s\u00e1ri j\u00e1t\u00e9kok, fogad\u00f3 korabeli harapni- \u00e9s h\u00f6rpenteni val\u00f3kkal a V\u00e1rosh\u00e1z t\u00e9ren.<\/p>\n<p>&nbsp;<\/p>\n<p>[\/et_pb_text][\/et_pb_column][\/et_pb_row][et_pb_row _builder_version=&#8221;4.14.1&#8243; _module_preset=&#8221;default&#8221; global_colors_info=&#8221;{}&#8221;][et_pb_column type=&#8221;4_4&#8243; _builder_version=&#8221;4.14.1&#8243; _module_preset=&#8221;default&#8221; global_colors_info=&#8221;{}&#8221;][et_pb_gallery gallery_ids=&#8221;3375,3376,3377,3378,3379,3380,3381&#8243; posts_number=&#8221;12&#8243; show_title_and_caption=&#8221;off&#8221; _builder_version=&#8221;4.14.1&#8243; _module_preset=&#8221;default&#8221; global_colors_info=&#8221;{}&#8221;][\/et_pb_gallery][\/et_pb_column][\/et_pb_row][\/et_pb_section]<\/p>\n","protected":false},"excerpt":{"rendered":"<p>K\u00f6z\u00e9pkori piact\u00e9rBoszork\u00e1ny outlet, f\u00e9l\u00e1ras vessz\u0151z\u00e9s, alkalmi sz\u00fcl\u00e9slevezet\u00e9s f\u00e9rfiaknak, szem\u00e9lyre szabott szellemszabad\u00edt\u00f3 ter\u00e1pi\u00e1k n\u0151knek, ingyenes perpatvarok mindenkinek- ezen k\u00edv\u00fcl f\u00e9ktelen j\u00f3kedv, v\u00e1s\u00e1ri \u00e9letk\u00e9pek, perg\u0151 nyelv\u0171 kof\u00e1k \u00e9s borvir\u00e1gos pof\u00e1k, ravasz kalm\u00e1rok [&hellip;]<\/p>\n","protected":false},"author":2,"featured_media":0,"parent":78,"menu_order":0,"comment_status":"closed","ping_status":"closed","template":"","meta":{"_et_pb_use_builder":"on","_et_pb_old_content":"","_et_gb_content_width":"","_price":"","_stock":"","_tribe_ticket_header":"","_tribe_default_ticket_provider":"","_ticket_start_date":"","_ticket_end_date":"","_tribe_ticket_show_description":"","_tribe_ticket_show_not_going":false,"_tribe_ticket_use_global_stock":"","_tribe_ticket_global_stock_level":"","_global_stock_mode":"","_global_stock_cap":"","_tribe_rsvp_for_event":"","_tribe_ticket_going_count":"","_tribe_ticket_not_going_count":"","_tribe_tickets_list":"[]","_tribe_ticket_has_attendee_info_fields":false,"footnotes":"","_tec_slr_enabled":"","_tec_slr_layout":""},"class_list":["post-3364","page","type-page","status-publish","hentry"],"yoast_head":"<!-- This site is optimized with the Yoast SEO plugin v25.0 - https:\/\/yoast.com\/wordpress\/plugins\/seo\/ -->\n<title>K\u00f6z\u00e9pkori piact\u00e9r - Szabad Sz\u00ednh\u00e1z<\/title>\n<meta name=\"robots\" content=\"index, follow, max-snippet:-1, max-image-preview:large, max-video-preview:-1\" \/>\n<link rel=\"canonical\" href=\"https:\/\/www.szabadszinhaz.hu\/en\/szabadteri-produkciok\/kozepkori-piacter\/\" \/>\n<meta property=\"og:locale\" content=\"en_US\" \/>\n<meta property=\"og:type\" content=\"article\" \/>\n<meta property=\"og:title\" content=\"K\u00f6z\u00e9pkori piact\u00e9r - Szabad Sz\u00ednh\u00e1z\" \/>\n<meta property=\"og:description\" content=\"K\u00f6z\u00e9pkori piact\u00e9rBoszork\u00e1ny outlet, f\u00e9l\u00e1ras vessz\u0151z\u00e9s, alkalmi sz\u00fcl\u00e9slevezet\u00e9s f\u00e9rfiaknak, szem\u00e9lyre szabott szellemszabad\u00edt\u00f3 ter\u00e1pi\u00e1k n\u0151knek, ingyenes perpatvarok mindenkinek- ezen k\u00edv\u00fcl f\u00e9ktelen j\u00f3kedv, v\u00e1s\u00e1ri \u00e9letk\u00e9pek, perg\u0151 nyelv\u0171 kof\u00e1k \u00e9s borvir\u00e1gos pof\u00e1k, ravasz kalm\u00e1rok [&hellip;]\" \/>\n<meta property=\"og:url\" content=\"https:\/\/www.szabadszinhaz.hu\/en\/szabadteri-produkciok\/kozepkori-piacter\/\" \/>\n<meta property=\"og:site_name\" content=\"Szabad Sz\u00ednh\u00e1z\" \/>\n<meta property=\"article:publisher\" content=\"https:\/\/www.facebook.com\/szabadszinhaz\" \/>\n<meta property=\"article:modified_time\" content=\"2021-11-30T15:37:33+00:00\" \/>\n<meta name=\"twitter:card\" content=\"summary_large_image\" \/>\n<meta name=\"twitter:label1\" content=\"Est. reading time\" \/>\n\t<meta name=\"twitter:data1\" content=\"2 minutes\" \/>\n<script type=\"application\/ld+json\" class=\"yoast-schema-graph\">{\"@context\":\"https:\/\/schema.org\",\"@graph\":[{\"@type\":\"WebPage\",\"@id\":\"https:\/\/www.szabadszinhaz.hu\/szabadteri-produkciok\/kozepkori-piacter\/\",\"url\":\"https:\/\/www.szabadszinhaz.hu\/szabadteri-produkciok\/kozepkori-piacter\/\",\"name\":\"K\u00f6z\u00e9pkori piact\u00e9r - Szabad Sz\u00ednh\u00e1z\",\"isPartOf\":{\"@id\":\"https:\/\/www.szabadszinhaz.hu\/#website\"},\"datePublished\":\"2021-11-30T15:31:57+00:00\",\"dateModified\":\"2021-11-30T15:37:33+00:00\",\"breadcrumb\":{\"@id\":\"https:\/\/www.szabadszinhaz.hu\/szabadteri-produkciok\/kozepkori-piacter\/#breadcrumb\"},\"inLanguage\":\"en-US\",\"potentialAction\":[{\"@type\":\"ReadAction\",\"target\":[\"https:\/\/www.szabadszinhaz.hu\/szabadteri-produkciok\/kozepkori-piacter\/\"]}]},{\"@type\":\"BreadcrumbList\",\"@id\":\"https:\/\/www.szabadszinhaz.hu\/szabadteri-produkciok\/kozepkori-piacter\/#breadcrumb\",\"itemListElement\":[{\"@type\":\"ListItem\",\"position\":1,\"name\":\"Kezd\u0151lap\",\"item\":\"https:\/\/www.szabadszinhaz.hu\/\"},{\"@type\":\"ListItem\",\"position\":2,\"name\":\"Szabadt\u00e9ri produkci\u00f3k\",\"item\":\"https:\/\/www.szabadszinhaz.hu\/szabadteri-produkciok\/\"},{\"@type\":\"ListItem\",\"position\":3,\"name\":\"K\u00f6z\u00e9pkori piact\u00e9r\"}]},{\"@type\":\"WebSite\",\"@id\":\"https:\/\/www.szabadszinhaz.hu\/#website\",\"url\":\"https:\/\/www.szabadszinhaz.hu\/\",\"name\":\"Szabad Sz\u00ednh\u00e1z\",\"description\":\"Szabad Sz\u00ednh\u00e1z\",\"publisher\":{\"@id\":\"https:\/\/www.szabadszinhaz.hu\/#organization\"},\"potentialAction\":[{\"@type\":\"SearchAction\",\"target\":{\"@type\":\"EntryPoint\",\"urlTemplate\":\"https:\/\/www.szabadszinhaz.hu\/?s={search_term_string}\"},\"query-input\":{\"@type\":\"PropertyValueSpecification\",\"valueRequired\":true,\"valueName\":\"search_term_string\"}}],\"inLanguage\":\"en-US\"},{\"@type\":\"Organization\",\"@id\":\"https:\/\/www.szabadszinhaz.hu\/#organization\",\"name\":\"Szabad Sz\u00ednh\u00e1z SZ\u00cdN-T\u00c9R Egyes\u00fclet\",\"url\":\"https:\/\/www.szabadszinhaz.hu\/\",\"logo\":{\"@type\":\"ImageObject\",\"inLanguage\":\"en-US\",\"@id\":\"https:\/\/www.szabadszinhaz.hu\/#\/schema\/logo\/image\/\",\"url\":\"https:\/\/www.szabadszinhaz.hu\/wp-content\/uploads\/2025\/01\/images.jpg\",\"contentUrl\":\"https:\/\/www.szabadszinhaz.hu\/wp-content\/uploads\/2025\/01\/images.jpg\",\"width\":178,\"height\":284,\"caption\":\"Szabad Sz\u00ednh\u00e1z SZ\u00cdN-T\u00c9R Egyes\u00fclet\"},\"image\":{\"@id\":\"https:\/\/www.szabadszinhaz.hu\/#\/schema\/logo\/image\/\"},\"sameAs\":[\"https:\/\/www.facebook.com\/szabadszinhaz\"]}]}<\/script>\n<!-- \/ Yoast SEO plugin. -->","yoast_head_json":{"title":"K\u00f6z\u00e9pkori piact\u00e9r - Szabad Sz\u00ednh\u00e1z","robots":{"index":"index","follow":"follow","max-snippet":"max-snippet:-1","max-image-preview":"max-image-preview:large","max-video-preview":"max-video-preview:-1"},"canonical":"https:\/\/www.szabadszinhaz.hu\/en\/szabadteri-produkciok\/kozepkori-piacter\/","og_locale":"en_US","og_type":"article","og_title":"K\u00f6z\u00e9pkori piact\u00e9r - Szabad Sz\u00ednh\u00e1z","og_description":"K\u00f6z\u00e9pkori piact\u00e9rBoszork\u00e1ny outlet, f\u00e9l\u00e1ras vessz\u0151z\u00e9s, alkalmi sz\u00fcl\u00e9slevezet\u00e9s f\u00e9rfiaknak, szem\u00e9lyre szabott szellemszabad\u00edt\u00f3 ter\u00e1pi\u00e1k n\u0151knek, ingyenes perpatvarok mindenkinek- ezen k\u00edv\u00fcl f\u00e9ktelen j\u00f3kedv, v\u00e1s\u00e1ri \u00e9letk\u00e9pek, perg\u0151 nyelv\u0171 kof\u00e1k \u00e9s borvir\u00e1gos pof\u00e1k, ravasz kalm\u00e1rok [&hellip;]","og_url":"https:\/\/www.szabadszinhaz.hu\/en\/szabadteri-produkciok\/kozepkori-piacter\/","og_site_name":"Szabad Sz\u00ednh\u00e1z","article_publisher":"https:\/\/www.facebook.com\/szabadszinhaz","article_modified_time":"2021-11-30T15:37:33+00:00","twitter_card":"summary_large_image","twitter_misc":{"Est. reading time":"2 minutes"},"schema":{"@context":"https:\/\/schema.org","@graph":[{"@type":"WebPage","@id":"https:\/\/www.szabadszinhaz.hu\/szabadteri-produkciok\/kozepkori-piacter\/","url":"https:\/\/www.szabadszinhaz.hu\/szabadteri-produkciok\/kozepkori-piacter\/","name":"K\u00f6z\u00e9pkori piact\u00e9r - Szabad Sz\u00ednh\u00e1z","isPartOf":{"@id":"https:\/\/www.szabadszinhaz.hu\/#website"},"datePublished":"2021-11-30T15:31:57+00:00","dateModified":"2021-11-30T15:37:33+00:00","breadcrumb":{"@id":"https:\/\/www.szabadszinhaz.hu\/szabadteri-produkciok\/kozepkori-piacter\/#breadcrumb"},"inLanguage":"en-US","potentialAction":[{"@type":"ReadAction","target":["https:\/\/www.szabadszinhaz.hu\/szabadteri-produkciok\/kozepkori-piacter\/"]}]},{"@type":"BreadcrumbList","@id":"https:\/\/www.szabadszinhaz.hu\/szabadteri-produkciok\/kozepkori-piacter\/#breadcrumb","itemListElement":[{"@type":"ListItem","position":1,"name":"Kezd\u0151lap","item":"https:\/\/www.szabadszinhaz.hu\/"},{"@type":"ListItem","position":2,"name":"Szabadt\u00e9ri produkci\u00f3k","item":"https:\/\/www.szabadszinhaz.hu\/szabadteri-produkciok\/"},{"@type":"ListItem","position":3,"name":"K\u00f6z\u00e9pkori piact\u00e9r"}]},{"@type":"WebSite","@id":"https:\/\/www.szabadszinhaz.hu\/#website","url":"https:\/\/www.szabadszinhaz.hu\/","name":"Free Theatre - Szabad Sz\u00ednh\u00e1z","description":"Free Theatre - Szabad Sz\u00ednh\u00e1z","publisher":{"@id":"https:\/\/www.szabadszinhaz.hu\/#organization"},"potentialAction":[{"@type":"SearchAction","target":{"@type":"EntryPoint","urlTemplate":"https:\/\/www.szabadszinhaz.hu\/?s={search_term_string}"},"query-input":{"@type":"PropertyValueSpecification","valueRequired":true,"valueName":"search_term_string"}}],"inLanguage":"en-US"},{"@type":"Organization","@id":"https:\/\/www.szabadszinhaz.hu\/#organization","name":"Szabad Sz\u00ednh\u00e1z SZ\u00cdN-T\u00c9R Egyes\u00fclet","url":"https:\/\/www.szabadszinhaz.hu\/","logo":{"@type":"ImageObject","inLanguage":"en-US","@id":"https:\/\/www.szabadszinhaz.hu\/#\/schema\/logo\/image\/","url":"https:\/\/www.szabadszinhaz.hu\/wp-content\/uploads\/2025\/01\/images.jpg","contentUrl":"https:\/\/www.szabadszinhaz.hu\/wp-content\/uploads\/2025\/01\/images.jpg","width":178,"height":284,"caption":"Szabad Sz\u00ednh\u00e1z SZ\u00cdN-T\u00c9R Egyes\u00fclet"},"image":{"@id":"https:\/\/www.szabadszinhaz.hu\/#\/schema\/logo\/image\/"},"sameAs":["https:\/\/www.facebook.com\/szabadszinhaz"]}]}},"ticketed":false,"_links":{"self":[{"href":"https:\/\/www.szabadszinhaz.hu\/en\/wp-json\/wp\/v2\/pages\/3364","targetHints":{"allow":["GET"]}}],"collection":[{"href":"https:\/\/www.szabadszinhaz.hu\/en\/wp-json\/wp\/v2\/pages"}],"about":[{"href":"https:\/\/www.szabadszinhaz.hu\/en\/wp-json\/wp\/v2\/types\/page"}],"author":[{"embeddable":true,"href":"https:\/\/www.szabadszinhaz.hu\/en\/wp-json\/wp\/v2\/users\/2"}],"replies":[{"embeddable":true,"href":"https:\/\/www.szabadszinhaz.hu\/en\/wp-json\/wp\/v2\/comments?post=3364"}],"version-history":[{"count":5,"href":"https:\/\/www.szabadszinhaz.hu\/en\/wp-json\/wp\/v2\/pages\/3364\/revisions"}],"predecessor-version":[{"id":3383,"href":"https:\/\/www.szabadszinhaz.hu\/en\/wp-json\/wp\/v2\/pages\/3364\/revisions\/3383"}],"up":[{"embeddable":true,"href":"https:\/\/www.szabadszinhaz.hu\/en\/wp-json\/wp\/v2\/pages\/78"}],"wp:attachment":[{"href":"https:\/\/www.szabadszinhaz.hu\/en\/wp-json\/wp\/v2\/media?parent=3364"}],"curies":[{"name":"wp","href":"https:\/\/api.w.org\/{rel}","templated":true}]}}