{"id":131,"date":"2021-11-29T12:08:41","date_gmt":"2021-11-29T12:08:41","guid":{"rendered":"http:\/\/www.szabszinhaz.hu\/?page_id=131"},"modified":"2025-04-07T16:53:08","modified_gmt":"2025-04-07T14:53:08","slug":"partnerek","status":"publish","type":"page","link":"https:\/\/www.szabadszinhaz.hu\/en\/partnerek\/","title":{"rendered":"Our partners"},"content":{"rendered":"<p>[et_pb_section fb_built=&#8221;1&#8243; _builder_version=&#8221;4.16&#8243; _module_preset=&#8221;default&#8221; background_color=&#8221;#fff1d0&#8243; global_colors_info=&#8221;{}&#8221;][et_pb_row _builder_version=&#8221;4.16&#8243; _module_preset=&#8221;default&#8221; global_colors_info=&#8221;{}&#8221;][et_pb_column type=&#8221;4_4&#8243; _builder_version=&#8221;4.16&#8243; _module_preset=&#8221;default&#8221; global_colors_info=&#8221;{}&#8221;][et_pb_text _builder_version=&#8221;4.27.4&#8243; _module_preset=&#8221;default&#8221; hover_enabled=&#8221;0&#8243; global_colors_info=&#8221;{}&#8221; sticky_enabled=&#8221;0&#8243;]<\/p>\n<h1><strong>EGYES\u00dcLET \u2013 Partnerek<\/strong><\/h1>\n<p>[\/et_pb_text][et_pb_divider color=&#8221;#000000&#8243; divider_weight=&#8221;4px&#8221; _builder_version=&#8221;4.16&#8243; _module_preset=&#8221;default&#8221; global_colors_info=&#8221;{}&#8221;][\/et_pb_divider][\/et_pb_column][\/et_pb_row][et_pb_row column_structure=&#8221;1_2,1_2&#8243; _builder_version=&#8221;4.16&#8243; _module_preset=&#8221;default&#8221; global_colors_info=&#8221;{}&#8221;][et_pb_column type=&#8221;1_2&#8243; _builder_version=&#8221;4.16&#8243; _module_preset=&#8221;default&#8221; global_colors_info=&#8221;{}&#8221;][et_pb_image src=&#8221;\/wp-content\/uploads\/2022\/03\/fehervar.jpg&#8221; title_text=&#8221;fehervar&#8221; url=&#8221;https:\/\/www.szekesfehervar.hu\/&#8221; url_new_window=&#8221;on&#8221; _builder_version=&#8221;4.16&#8243; _module_preset=&#8221;default&#8221; height=&#8221;352px&#8221; global_colors_info=&#8221;{}&#8221;][\/et_pb_image][\/et_pb_column][et_pb_column type=&#8221;1_2&#8243; _builder_version=&#8221;4.16&#8243; _module_preset=&#8221;default&#8221; global_colors_info=&#8221;{}&#8221;][et_pb_image src=&#8221;\/wp-content\/uploads\/2022\/03\/vorosmarty-szinhaz.jpg&#8221; title_text=&#8221;vorosmarty-szinhaz&#8221; url=&#8221;https:\/\/www.vorosmartyszinhaz.hu\/&#8221; url_new_window=&#8221;on&#8221; align=&#8221;center&#8221; _builder_version=&#8221;4.16&#8243; _module_preset=&#8221;default&#8221; height=&#8221;352px&#8221; custom_padding=&#8221;||0px|||&#8221; global_colors_info=&#8221;{}&#8221;][\/et_pb_image][\/et_pb_column][\/et_pb_row][et_pb_row _builder_version=&#8221;4.16&#8243; _module_preset=&#8221;default&#8221; custom_padding=&#8221;0px|||||&#8221; global_colors_info=&#8221;{}&#8221;][et_pb_column type=&#8221;4_4&#8243; _builder_version=&#8221;4.16&#8243; _module_preset=&#8221;default&#8221; global_colors_info=&#8221;{}&#8221;][et_pb_image src=&#8221;\/wp-content\/uploads\/2022\/03\/szkk_noimage.jpg&#8221; title_text=&#8221;szkk_noimage&#8221; url=&#8221;https:\/\/fehervariprogram.hu\/&#8221; url_new_window=&#8221;on&#8221; align=&#8221;center&#8221; _builder_version=&#8221;4.16&#8243; _module_preset=&#8221;default&#8221; module_alignment=&#8221;center&#8221; height=&#8221;370px&#8221; global_colors_info=&#8221;{}&#8221;][\/et_pb_image][\/et_pb_column][\/et_pb_row][et_pb_row _builder_version=&#8221;4.16&#8243; _module_preset=&#8221;default&#8221; global_colors_info=&#8221;{}&#8221;][et_pb_column type=&#8221;4_4&#8243; _builder_version=&#8221;4.16&#8243; _module_preset=&#8221;default&#8221; global_colors_info=&#8221;{}&#8221;][et_pb_text _builder_version=&#8221;4.27.4&#8243; _module_preset=&#8221;default&#8221; text_text_color=&#8221;#000000&#8243; hover_enabled=&#8221;0&#8243; global_colors_info=&#8221;{}&#8221; sticky_enabled=&#8221;0&#8243;]<\/p>\n<p><strong>\u00d6nkorm\u00e1nyzatok:<\/strong><\/p>\n<ul>\n<li><a href=\"https:\/\/www.szekesfehervar.hu\/\">Sz\u00e9kesfeh\u00e9rv\u00e1r Megyei Jog\u00fa V\u00e1ros \u00d6nkorm\u00e1nyzata<\/a><\/li>\n<li><a href=\"https:\/\/www.fejer.hu\/\">Fej\u00e9r megye \u00d6nkorm\u00e1nyzata<\/a><\/li>\n<li><a href=\"http:\/\/www.bakonykuti.hu\/\">Bakonyk\u00fati \u00d6nkorm\u00e1nyzata<\/a><\/li>\n<li><a href=\"http:\/\/www.csor.hu\/nyitolap.php\/\">Cs\u00f3r K\u00f6zs\u00e9g<\/a><\/li>\n<li><a href=\"https:\/\/www.igar.hu\/\">Igar K\u00f6zs\u00e9g \u00d6nkorm\u00e1nyzata\/<\/a><\/li>\n<li><a href=\"https:\/\/iszkaszentgyorgy.hu\/onkormanyzat\/\">Iszkaszentgy\u00f6rgy \u00d6nkorm\u00e1nyzata<\/a><\/li>\n<li><a href=\"http:\/\/www.lepseny.hu\/\">Leps\u00e9ny \u00d6nkorm\u00e1nyzata<\/a><\/li>\n<li><a href=\"https:\/\/mor.hu\/\">M\u00f3r V\u00e1ros \u00d6nkorm\u00e1nyzata<\/a><\/li>\n<li><a href=\"https:\/\/obarok.hu\/\">\u00d3barok-Nagyegyh\u00e1za<\/a><\/li>\n<li><a href=\"http:\/\/pazmand.hu\/\">P\u00e1zm\u00e1nd \u00d6nkorm\u00e1nyzata<\/a><\/li>\n<li><a href=\"http:\/\/sarkeresztur.hu\/\">S\u00e1rkereszt\u00far \u00d6nkorm\u00e1nyzata<\/a><\/li>\n<li><a href=\"http:\/\/www.sarszentmihaly.hu\/\">S\u00e1rszentmih\u00e1ly \u00d6nkorm\u00e1nyzata<\/a><\/li>\n<li><a href=\"https:\/\/szabadegyhaza.hu\/\">Szabadegyh\u00e1za \u00d6nkorm\u00e1nyzata<\/a><\/li>\n<li><a href=\"http:\/\/tac.hu\/\">T\u00e1c K\u00f6zs\u00e9g \u00d6nkorm\u00e1nyzata<\/a><\/li>\n<li><a href=\"http:\/\/vajta.hu\/\">Vajta \u00d6nkorm\u00e1nyzata<\/a><\/li>\n<li><a href=\"http:\/\/www.velence.hu\/Hirek\">Velence \u00d6nkorm\u00e1nyzata<\/a><\/li>\n<\/ul>\n<p><strong>Programszervez\u0151k:<\/strong><\/p>\n<ul>\n<li><a href=\"https:\/\/turizmus.szekesfehervar.hu\/tourinform\">Tourinform K\u00f6zhaszn\u00fa Nonprofit Kft.<\/a><\/li>\n<li><a href=\"https:\/\/fehervariprogram.hu\/\">Feh\u00e9rv\u00e1ri Programszervez\u0151 Kft.<\/a><\/li>\n<li><a href=\"https:\/\/www.facebook.com\/profile.php?id=150101175108234&amp;ref=br_rs\">Velencei-t\u00f3 Turizmus\u00e1\u00e9rt TDM Egyes\u00fclet<\/a><\/li>\n<\/ul>\n<p><strong>K\u00f6zm\u0171vel\u0151d\u00e9si Int\u00e9zm\u00e9nyek, \u00e9s iskol\u00e1k<\/strong><\/p>\n<ul>\n<li><a href=\"https:\/\/aszmh.hu\/\">A Szabadm\u0171vel\u0151d\u00e9s H\u00e1za<\/a><\/li>\n<li><a href=\"http:\/\/www.abaigimnazium.hu\/\">Attila kir\u00e1ly Gimn\u00e1zium, \u00c1ltal\u00e1nos Iskola \u00e9s AMI<\/a><\/li>\n<li><a href=\"https:\/\/uni-bge.hu\/kkk\">Budapesti Gazdas\u00e1gi Egyetem K\u00fclkereskedelmi Kar<\/a><\/li>\n<li><a href=\"https:\/\/www.ggmuvhaz.hu\/\">G\u00e1rdonyi G\u00e9za M\u0171vel\u0151d\u00e9si H\u00e1z \u00e9s K\u00f6nyvt\u00e1r<\/a><\/li>\n<li><a href=\"https:\/\/hangszinter.hu\/site\/\">Hang-Sz\u00edn- T\u00e9r M\u0171v\u00e9szeti Iskola, Gimn\u00e1zium \u00e9s AMI<\/a><\/li>\n<li><a href=\"https:\/\/nmi.hu\/\">Nemzeti M\u0171vel\u0151d\u00e9si Int\u00e9zet<\/a><\/li>\n<li><a href=\"http:\/\/muvhaz.szabadegyhaza.hu\/\">Szabadegyh\u00e1za M\u0171vel\u0151d\u00e9si H\u00e1z<\/a><\/li>\n<li><a href=\"https:\/\/www.kodaly-szfvar.sulinet.hu\/\">Sz\u00e9kesfeh\u00e9rv\u00e1ri Kod\u00e1ly Zolt\u00e1n \u00c1ltal\u00e1nos Iskola, Gimn\u00e1zium \u00e9s AMI<\/a><\/li>\n<li><a href=\"http:\/\/szentistvanmuvelodesihaz.hu\/\">Szent Istv\u00e1n M\u0171vel\u0151d\u00e9si H\u00e1z<\/a><\/li>\n<li><a href=\"https:\/\/szikm.hu\/\">Szent Istv\u00e1n Kir\u00e1ly M\u00fazeum<\/a><\/li>\n<li><a href=\"http:\/\/www.vasvarigimn.hu\/vpg\/\">Vasv\u00e1ri P\u00e1l Gimn\u00e1zium<\/a><\/li>\n<li><a href=\"http:\/\/www.deakgyujtemeny.hu\/\">V\u00e1rosi K\u00e9pt\u00e1r<\/a><\/li>\n<li><a href=\"https:\/\/www.voxmirabilis.hu\/en\/kezdolap-english\/\" target=\"_blank\" rel=\"noopener\">Vox Mirabilis K\u00f3rus<\/a><\/li>\n<li><a href=\"https:\/\/www.vorosmartyszinhaz.hu\/\">V\u00f6r\u00f6smarty Sz\u00ednh\u00e1z<\/a><\/li>\n<li><a href=\"https:\/\/www.vmk.hu\/\">V\u00f6r\u00f6smarty Mih\u00e1ly Megyei K\u00f6nyvt\u00e1r<\/a><\/li>\n<li><a href=\"https:\/\/turizmus.szekesfehervar.hu\/tourinform\" target=\"_blank\" rel=\"noopener\">Sz\u00e9kesfeh\u00e9rv\u00e1r Turizmus<\/a><\/li>\n<\/ul>\n<p><strong>M\u00e9diumok:<\/strong><\/p>\n<ul>\n<li><a href=\"https:\/\/www.fehervartv.hu\/\">Feh\u00e9rv\u00e1r M\u00e9diacentrum Kft.<\/a><\/li>\n<li><a href=\"https:\/\/www.feol.hu\/\">Fej\u00e9r megyei H\u00edrlap, feol. hu<\/a><\/li>\n<li><a href=\"http:\/\/fehervar.net\/\">Fehervar.net<\/a><\/li>\n<li><a href=\"https:\/\/www.szekesfehervar.hu\/\">szekesfehervar.hu<\/a><\/li>\n<li><a href=\"http:\/\/www.teleelettel.hu\/\">Sz\u00e9kesfeh\u00e9rv\u00e1r tele \u00e9lettel<\/a><\/li>\n<li><a href=\"http:\/\/nyolcezer.hu\/\">nyolcezer.hu<\/a><\/li>\n<li><a href=\"https:\/\/www.vorosmartyradio.hu\/\">V\u00f6r\u00f6smarty R\u00e1di\u00f3<\/a><\/li>\n<\/ul>\n<p><strong>Civil szervezetek, alap\u00edtv\u00e1nyok, mag\u00e1nszem\u00e9lyek, m\u0171v\u00e9szi csoportok:<\/strong><\/p>\n<ul>\n<li>A Szabad Sz\u00ednh\u00e1z \u00f6nk\u00e9ntesei<\/li>\n<li><a href=\"https:\/\/www.facebook.com\/thisismork\" target=\"_blank\" rel=\"noopener\">M\u00d6RK zenekar<\/a><\/li>\n<li><a href=\"https:\/\/www.facebook.com\/noemozenekar\" target=\"_blank\" rel=\"noopener\">No\u00e9mo Zenekar<\/a><\/li>\n<li><a href=\"https:\/\/www.facebook.com\/andraskiralylovagrend\" target=\"_blank\" rel=\"noopener\">I. Andr\u00e1s Kir\u00e1ly Lovagrend<\/a><\/li>\n<li><a href=\"https:\/\/www.facebook.com\/AegisAlapitvany\/?ref=profile_intro_card\">Aegis Kult\u00far\u00e1\u00e9rt \u00e9s M\u0171v\u00e9szet\u00e9rt Alap\u00edtv\u00e1ny<\/a><\/li>\n<li><a href=\"https:\/\/web.archive.org\/web\/20151006082728\/http:\/\/www.andraskiraly.hu\/\">I. Andr\u00e1s Lovagrend<\/a><\/li>\n<li><a href=\"http:\/\/civilcentrum.hu\/\">Civil Centrum K\u00f6zhaszn\u00fa Egyes\u00fclet<\/a><\/li>\n<li><a href=\"https:\/\/www.csillamvilag.hu\/rolunk\/tarsadalmi-felelossegvallalas\/remeny-es-szepseg-nap\/\">Csill\u00e1mvil\u00e1g\/Rem\u00e9ny projekt (Rem\u00e9ny \u00e9s Sz\u00e9ps\u00e9g napja)<\/a><\/li>\n<li>Cseh Katalin (<a href=\"http:\/\/www.mcskdesign.hu\/\">MCSK Design<\/a>,\u00a0<a href=\"http:\/\/www.kissa.hu\/\">Kissa Divat<\/a>)<\/li>\n<li><a href=\"https:\/\/www.fehervarikezmuvesek.hu\/\">Feh\u00e9rv\u00e1ri K\u00e9zm\u0171vesek Egyes\u00fclete<\/a><\/li>\n<li><a href=\"http:\/\/fehervarart.hu\/\">Feh\u00e9rv\u00e1ri M\u0171v\u00e9szek T\u00e1rsas\u00e1ga<\/a><\/li>\n<li>Fej\u00e9r megyei K\u00e9zm\u0171vesek Egyes\u00fclete<\/li>\n<li>Fon\u00f3d\u00e1s Kultur\u00e1lis Egyes\u00fclet<\/li>\n<li>Kissn\u00e9 Beke \u00c1gnes rajztan\u00e1r<\/li>\n<li><a href=\"https:\/\/www.facebook.com\/Magyar-Kir%C3%A1lyi-Kardforgat%C3%B3k-Rendje-136482829821112\" target=\"_blank\" rel=\"noopener\">Magyar Kir\u00e1lyi Kardforgat\u00f3k Rendje<\/a><\/li>\n<li><a href=\"https:\/\/aosz.hu\/mas-fogyatekos-gyermekekert-alapitvany-bemutatkozasa\/\">M\u00e1s Fogyat\u00e9kos Gyermekek\u00e9rt Alap\u00edtv\u00e1ny<\/a><\/li>\n<li><a href=\"https:\/\/mmkegyesulet.wixsite.com\/mmke\">Matolcsy Mikl\u00f3s Kultur\u00e1lis Egyes\u00fclet<\/a><\/li>\n<li><a href=\"http:\/\/www.mehkasaula.hu\/\">M\u00e9hkasaula Egyes\u00fclet<\/a><\/li>\n<li><a href=\"https:\/\/noe.hu\/\">Nagycsal\u00e1dosok Egyes\u00fclete<\/a><\/li>\n<li><a href=\"http:\/\/www.nka.hu\/\">Nemzeti Kultur\u00e1lis Alap<\/a><\/li>\n<li>Ny\u00e1ri Be\u00e1ta fejleszt\u0151 terepauta<\/li>\n<li>Nyugd\u00edjas Egyes\u00fcletek<\/li>\n<li><a href=\"https:\/\/mmkegyesulet.wixsite.com\/mmke\/pentek-3\">P\u00e9ntek 3 Tej\u00e1trum<\/a><\/li>\n<li><a href=\"https:\/\/hu.wikipedia.org\/wiki\/Sohonyai_Edit\">Sohonyai Edit \u00edr\u00f3<\/a><\/li>\n<li>Somos \u00c1kos \u00fajs\u00e1g\u00edr\u00f3, sz\u00edn\u00e9sz<\/li>\n<li><a href=\"http:\/\/telapo.datatrans.hu\/szkeptikus\/\">TELAPO Tudom\u00e1nyos Egyes\u00fclet<\/a><\/li>\n<li><a href=\"http:\/\/www.vasvarigimn.hu\/vpg\/\">Vasv\u00e1ri P\u00e1l Gimn\u00e1zium<\/a><\/li>\n<li><a href=\"https:\/\/www.facebook.com\/ZomboriBand\">Zombori akusztik zenekar<\/a><\/li>\n<\/ul>\n<p><strong>Gazdas\u00e1gi v\u00e1llalkoz\u00e1sok:<\/strong><strong>\u00a0<\/strong><\/p>\n<ul>\n<li><a href=\"https:\/\/www.eurofamily.hu\/\">Euro Family Kft.<\/a><\/li>\n<li><a href=\"https:\/\/fehervarteto.hu\/\">Feh\u00e9rv\u00e1r Tet\u0151 Kft.<\/a><\/li>\n<li>Tietokone Kft<\/li>\n<\/ul>\n<p>[\/et_pb_text][\/et_pb_column][\/et_pb_row][\/et_pb_section]<\/p>\n","protected":false},"excerpt":{"rendered":"<p>EGYES\u00dcLET \u2013 Partnerek\u00d6nkorm\u00e1nyzatok: Sz\u00e9kesfeh\u00e9rv\u00e1r Megyei Jog\u00fa V\u00e1ros \u00d6nkorm\u00e1nyzata Fej\u00e9r megye \u00d6nkorm\u00e1nyzata Bakonyk\u00fati \u00d6nkorm\u00e1nyzata Cs\u00f3r K\u00f6zs\u00e9g Igar K\u00f6zs\u00e9g \u00d6nkorm\u00e1nyzata\/ Iszkaszentgy\u00f6rgy \u00d6nkorm\u00e1nyzata Leps\u00e9ny \u00d6nkorm\u00e1nyzata M\u00f3r V\u00e1ros \u00d6nkorm\u00e1nyzata \u00d3barok-Nagyegyh\u00e1za P\u00e1zm\u00e1nd \u00d6nkorm\u00e1nyzata S\u00e1rkereszt\u00far \u00d6nkorm\u00e1nyzata [&hellip;]<\/p>\n","protected":false},"author":2,"featured_media":0,"parent":0,"menu_order":0,"comment_status":"closed","ping_status":"closed","template":"","meta":{"_et_pb_use_builder":"on","_et_pb_old_content":"","_et_gb_content_width":"","_price":"","_stock":"","_tribe_ticket_header":"","_tribe_default_ticket_provider":"TEC\\Tickets\\Commerce\\Module","_ticket_start_date":"","_ticket_end_date":"","_tribe_ticket_show_description":"","_tribe_ticket_show_not_going":false,"_tribe_ticket_use_global_stock":"","_tribe_ticket_global_stock_level":"","_global_stock_mode":"","_global_stock_cap":"","_tribe_rsvp_for_event":"","_tribe_ticket_going_count":"","_tribe_ticket_not_going_count":"","_tribe_tickets_list":"[]","_tribe_ticket_has_attendee_info_fields":false,"footnotes":"","_tec_slr_enabled":"","_tec_slr_layout":""},"class_list":["post-131","page","type-page","status-publish","hentry"],"yoast_head":"<!-- This site is optimized with the Yoast SEO plugin v25.0 - https:\/\/yoast.com\/wordpress\/plugins\/seo\/ -->\n<title>Partnerek - Szabad Sz\u00ednh\u00e1z<\/title>\n<meta name=\"robots\" content=\"index, follow, max-snippet:-1, max-image-preview:large, max-video-preview:-1\" \/>\n<link rel=\"canonical\" href=\"https:\/\/www.szabadszinhaz.hu\/en\/partnerek\/\" \/>\n<meta property=\"og:locale\" content=\"en_US\" \/>\n<meta property=\"og:type\" content=\"article\" \/>\n<meta property=\"og:title\" content=\"Partnerek - Szabad Sz\u00ednh\u00e1z\" \/>\n<meta property=\"og:description\" content=\"EGYES\u00dcLET \u2013 Partnerek\u00d6nkorm\u00e1nyzatok: Sz\u00e9kesfeh\u00e9rv\u00e1r Megyei Jog\u00fa V\u00e1ros \u00d6nkorm\u00e1nyzata Fej\u00e9r megye \u00d6nkorm\u00e1nyzata Bakonyk\u00fati \u00d6nkorm\u00e1nyzata Cs\u00f3r K\u00f6zs\u00e9g Igar K\u00f6zs\u00e9g \u00d6nkorm\u00e1nyzata\/ Iszkaszentgy\u00f6rgy \u00d6nkorm\u00e1nyzata Leps\u00e9ny \u00d6nkorm\u00e1nyzata M\u00f3r V\u00e1ros \u00d6nkorm\u00e1nyzata \u00d3barok-Nagyegyh\u00e1za P\u00e1zm\u00e1nd \u00d6nkorm\u00e1nyzata S\u00e1rkereszt\u00far \u00d6nkorm\u00e1nyzata [&hellip;]\" \/>\n<meta property=\"og:url\" content=\"https:\/\/www.szabadszinhaz.hu\/en\/partnerek\/\" \/>\n<meta property=\"og:site_name\" content=\"Szabad Sz\u00ednh\u00e1z\" \/>\n<meta property=\"article:publisher\" content=\"https:\/\/www.facebook.com\/szabadszinhaz\" \/>\n<meta property=\"article:modified_time\" content=\"2025-04-07T14:53:08+00:00\" \/>\n<meta name=\"twitter:card\" content=\"summary_large_image\" \/>\n<meta name=\"twitter:label1\" content=\"Est. reading time\" \/>\n\t<meta name=\"twitter:data1\" content=\"2 minutes\" \/>\n<script type=\"application\/ld+json\" class=\"yoast-schema-graph\">{\"@context\":\"https:\/\/schema.org\",\"@graph\":[{\"@type\":\"WebPage\",\"@id\":\"https:\/\/www.szabadszinhaz.hu\/partnerek\/\",\"url\":\"https:\/\/www.szabadszinhaz.hu\/partnerek\/\",\"name\":\"Partnerek - Szabad Sz\u00ednh\u00e1z\",\"isPartOf\":{\"@id\":\"https:\/\/www.szabadszinhaz.hu\/#website\"},\"datePublished\":\"2021-11-29T12:08:41+00:00\",\"dateModified\":\"2025-04-07T14:53:08+00:00\",\"breadcrumb\":{\"@id\":\"https:\/\/www.szabadszinhaz.hu\/partnerek\/#breadcrumb\"},\"inLanguage\":\"en-US\",\"potentialAction\":[{\"@type\":\"ReadAction\",\"target\":[\"https:\/\/www.szabadszinhaz.hu\/partnerek\/\"]}]},{\"@type\":\"BreadcrumbList\",\"@id\":\"https:\/\/www.szabadszinhaz.hu\/partnerek\/#breadcrumb\",\"itemListElement\":[{\"@type\":\"ListItem\",\"position\":1,\"name\":\"Kezd\u0151lap\",\"item\":\"https:\/\/www.szabadszinhaz.hu\/\"},{\"@type\":\"ListItem\",\"position\":2,\"name\":\"Partnerek\"}]},{\"@type\":\"WebSite\",\"@id\":\"https:\/\/www.szabadszinhaz.hu\/#website\",\"url\":\"https:\/\/www.szabadszinhaz.hu\/\",\"name\":\"Szabad Sz\u00ednh\u00e1z\",\"description\":\"Szabad Sz\u00ednh\u00e1z\",\"publisher\":{\"@id\":\"https:\/\/www.szabadszinhaz.hu\/#organization\"},\"potentialAction\":[{\"@type\":\"SearchAction\",\"target\":{\"@type\":\"EntryPoint\",\"urlTemplate\":\"https:\/\/www.szabadszinhaz.hu\/?s={search_term_string}\"},\"query-input\":{\"@type\":\"PropertyValueSpecification\",\"valueRequired\":true,\"valueName\":\"search_term_string\"}}],\"inLanguage\":\"en-US\"},{\"@type\":\"Organization\",\"@id\":\"https:\/\/www.szabadszinhaz.hu\/#organization\",\"name\":\"Szabad Sz\u00ednh\u00e1z SZ\u00cdN-T\u00c9R Egyes\u00fclet\",\"url\":\"https:\/\/www.szabadszinhaz.hu\/\",\"logo\":{\"@type\":\"ImageObject\",\"inLanguage\":\"en-US\",\"@id\":\"https:\/\/www.szabadszinhaz.hu\/#\/schema\/logo\/image\/\",\"url\":\"https:\/\/www.szabadszinhaz.hu\/wp-content\/uploads\/2025\/01\/images.jpg\",\"contentUrl\":\"https:\/\/www.szabadszinhaz.hu\/wp-content\/uploads\/2025\/01\/images.jpg\",\"width\":178,\"height\":284,\"caption\":\"Szabad Sz\u00ednh\u00e1z SZ\u00cdN-T\u00c9R Egyes\u00fclet\"},\"image\":{\"@id\":\"https:\/\/www.szabadszinhaz.hu\/#\/schema\/logo\/image\/\"},\"sameAs\":[\"https:\/\/www.facebook.com\/szabadszinhaz\"]}]}<\/script>\n<!-- \/ Yoast SEO plugin. -->","yoast_head_json":{"title":"Partnerek - Szabad Sz\u00ednh\u00e1z","robots":{"index":"index","follow":"follow","max-snippet":"max-snippet:-1","max-image-preview":"max-image-preview:large","max-video-preview":"max-video-preview:-1"},"canonical":"https:\/\/www.szabadszinhaz.hu\/en\/partnerek\/","og_locale":"en_US","og_type":"article","og_title":"Partnerek - Szabad Sz\u00ednh\u00e1z","og_description":"EGYES\u00dcLET \u2013 Partnerek\u00d6nkorm\u00e1nyzatok: Sz\u00e9kesfeh\u00e9rv\u00e1r Megyei Jog\u00fa V\u00e1ros \u00d6nkorm\u00e1nyzata Fej\u00e9r megye \u00d6nkorm\u00e1nyzata Bakonyk\u00fati \u00d6nkorm\u00e1nyzata Cs\u00f3r K\u00f6zs\u00e9g Igar K\u00f6zs\u00e9g \u00d6nkorm\u00e1nyzata\/ Iszkaszentgy\u00f6rgy \u00d6nkorm\u00e1nyzata Leps\u00e9ny \u00d6nkorm\u00e1nyzata M\u00f3r V\u00e1ros \u00d6nkorm\u00e1nyzata \u00d3barok-Nagyegyh\u00e1za P\u00e1zm\u00e1nd \u00d6nkorm\u00e1nyzata S\u00e1rkereszt\u00far \u00d6nkorm\u00e1nyzata [&hellip;]","og_url":"https:\/\/www.szabadszinhaz.hu\/en\/partnerek\/","og_site_name":"Szabad Sz\u00ednh\u00e1z","article_publisher":"https:\/\/www.facebook.com\/szabadszinhaz","article_modified_time":"2025-04-07T14:53:08+00:00","twitter_card":"summary_large_image","twitter_misc":{"Est. reading time":"2 minutes"},"schema":{"@context":"https:\/\/schema.org","@graph":[{"@type":"WebPage","@id":"https:\/\/www.szabadszinhaz.hu\/partnerek\/","url":"https:\/\/www.szabadszinhaz.hu\/partnerek\/","name":"Partnerek - Szabad Sz\u00ednh\u00e1z","isPartOf":{"@id":"https:\/\/www.szabadszinhaz.hu\/#website"},"datePublished":"2021-11-29T12:08:41+00:00","dateModified":"2025-04-07T14:53:08+00:00","breadcrumb":{"@id":"https:\/\/www.szabadszinhaz.hu\/partnerek\/#breadcrumb"},"inLanguage":"en-US","potentialAction":[{"@type":"ReadAction","target":["https:\/\/www.szabadszinhaz.hu\/partnerek\/"]}]},{"@type":"BreadcrumbList","@id":"https:\/\/www.szabadszinhaz.hu\/partnerek\/#breadcrumb","itemListElement":[{"@type":"ListItem","position":1,"name":"Kezd\u0151lap","item":"https:\/\/www.szabadszinhaz.hu\/"},{"@type":"ListItem","position":2,"name":"Partnerek"}]},{"@type":"WebSite","@id":"https:\/\/www.szabadszinhaz.hu\/#website","url":"https:\/\/www.szabadszinhaz.hu\/","name":"Free Theatre - Szabad Sz\u00ednh\u00e1z","description":"Free Theatre - Szabad Sz\u00ednh\u00e1z","publisher":{"@id":"https:\/\/www.szabadszinhaz.hu\/#organization"},"potentialAction":[{"@type":"SearchAction","target":{"@type":"EntryPoint","urlTemplate":"https:\/\/www.szabadszinhaz.hu\/?s={search_term_string}"},"query-input":{"@type":"PropertyValueSpecification","valueRequired":true,"valueName":"search_term_string"}}],"inLanguage":"en-US"},{"@type":"Organization","@id":"https:\/\/www.szabadszinhaz.hu\/#organization","name":"Szabad Sz\u00ednh\u00e1z SZ\u00cdN-T\u00c9R Egyes\u00fclet","url":"https:\/\/www.szabadszinhaz.hu\/","logo":{"@type":"ImageObject","inLanguage":"en-US","@id":"https:\/\/www.szabadszinhaz.hu\/#\/schema\/logo\/image\/","url":"https:\/\/www.szabadszinhaz.hu\/wp-content\/uploads\/2025\/01\/images.jpg","contentUrl":"https:\/\/www.szabadszinhaz.hu\/wp-content\/uploads\/2025\/01\/images.jpg","width":178,"height":284,"caption":"Szabad Sz\u00ednh\u00e1z SZ\u00cdN-T\u00c9R Egyes\u00fclet"},"image":{"@id":"https:\/\/www.szabadszinhaz.hu\/#\/schema\/logo\/image\/"},"sameAs":["https:\/\/www.facebook.com\/szabadszinhaz"]}]}},"ticketed":false,"_links":{"self":[{"href":"https:\/\/www.szabadszinhaz.hu\/en\/wp-json\/wp\/v2\/pages\/131","targetHints":{"allow":["GET"]}}],"collection":[{"href":"https:\/\/www.szabadszinhaz.hu\/en\/wp-json\/wp\/v2\/pages"}],"about":[{"href":"https:\/\/www.szabadszinhaz.hu\/en\/wp-json\/wp\/v2\/types\/page"}],"author":[{"embeddable":true,"href":"https:\/\/www.szabadszinhaz.hu\/en\/wp-json\/wp\/v2\/users\/2"}],"replies":[{"embeddable":true,"href":"https:\/\/www.szabadszinhaz.hu\/en\/wp-json\/wp\/v2\/comments?post=131"}],"version-history":[{"count":6,"href":"https:\/\/www.szabadszinhaz.hu\/en\/wp-json\/wp\/v2\/pages\/131\/revisions"}],"predecessor-version":[{"id":9207,"href":"https:\/\/www.szabadszinhaz.hu\/en\/wp-json\/wp\/v2\/pages\/131\/revisions\/9207"}],"wp:attachment":[{"href":"https:\/\/www.szabadszinhaz.hu\/en\/wp-json\/wp\/v2\/media?parent=131"}],"curies":[{"name":"wp","href":"https:\/\/api.w.org\/{rel}","templated":true}]}}