{"id":129,"date":"2021-11-29T12:08:33","date_gmt":"2021-11-29T12:08:33","guid":{"rendered":"http:\/\/www.szabszinhaz.hu\/?page_id=129"},"modified":"2025-04-03T22:33:12","modified_gmt":"2025-04-03T20:33:12","slug":"szakmai-program","status":"publish","type":"page","link":"https:\/\/www.szabadszinhaz.hu\/en\/szakmai-program\/","title":{"rendered":"Professional programs"},"content":{"rendered":"<p>[et_pb_section fb_built=&#8221;1&#8243; _builder_version=&#8221;4.16&#8243; _module_preset=&#8221;default&#8221; background_color=&#8221;#fff1d0&#8243; global_colors_info=&#8221;{}&#8221;][et_pb_row _builder_version=&#8221;4.16&#8243; _module_preset=&#8221;default&#8221; global_colors_info=&#8221;{}&#8221;][et_pb_column type=&#8221;4_4&#8243; _builder_version=&#8221;4.16&#8243; _module_preset=&#8221;default&#8221; global_colors_info=&#8221;{}&#8221;][et_pb_text _builder_version=&#8221;4.27.4&#8243; _module_preset=&#8221;default&#8221; global_colors_info=&#8221;{}&#8221;]<\/p>\n<h1><strong>EGYES\u00dcLET \u2013 Szakmai program<\/strong><\/h1>\n<p>[\/et_pb_text][et_pb_divider color=&#8221;#000000&#8243; divider_weight=&#8221;4px&#8221; _builder_version=&#8221;4.16&#8243; _module_preset=&#8221;default&#8221; global_colors_info=&#8221;{}&#8221;][\/et_pb_divider][et_pb_text _builder_version=&#8221;4.27.4&#8243; _module_preset=&#8221;default&#8221; hover_enabled=&#8221;0&#8243; global_colors_info=&#8221;{}&#8221; sticky_enabled=&#8221;0&#8243;]<\/p>\n<h2 style=\"text-align: center;\"><strong>2024-es dokumentumok<\/strong><\/h2>\n<ul>\n<li style=\"text-align: left;\"><a href=\"\/wp-content\/uploads\/2024\/03\/Szakmai-es-mukod-terv-Szabad-Szinhaz-2024.pdf\">Szakmai \u00e9s m\u0171k\u00f6d\u00e9si terv Szabad Sz\u00ednh\u00e1z 2024<\/a><\/li>\n<li><a href=\"https:\/\/view.officeapps.live.com\/op\/view.aspx?src=https%3A%2F%2Fwww.szabadszinhaz.hu%2Fwp-content%2Fuploads%2F2024%2F04%2FSzakmai-beszamolo-35-135-3-2023-ramogatashoz.docx&amp;wdOrigin=BROWSELINK\">Besz\u00e1mol\u00f3 2024<\/a><\/li>\n<\/ul>\n<p>[\/et_pb_text][et_pb_text _builder_version=&#8221;4.27.4&#8243; _module_preset=&#8221;default&#8221; hover_enabled=&#8221;0&#8243; global_colors_info=&#8221;{}&#8221; sticky_enabled=&#8221;0&#8243;]<\/p>\n<h2 style=\"text-align: center;\"><strong>2023-as dokumentumok<\/strong><\/h2>\n<ul>\n<li style=\"text-align: left;\"><a href=\"\/wp-content\/uploads\/2023\/03\/Szakmai-es-mukod-terv-Szabad-Szinhaz-2023-1.pdf\">Szakmai \u00e9s m\u0171k\u00f6d\u00e9si terv Szabad Sz\u00ednh\u00e1z 2023<\/a><\/li>\n<li><a href=\"https:\/\/drive.google.com\/file\/d\/1ENpm93NKT_GdHCpirMQESCGv2PU0lotl\/view?usp=sharing\">Besz\u00e1mol\u00f3 2023<\/a><\/li>\n<\/ul>\n<p>[\/et_pb_text][et_pb_text _builder_version=&#8221;4.27.4&#8243; _module_preset=&#8221;default&#8221; global_colors_info=&#8221;{}&#8221;]<\/p>\n<h2 style=\"text-align: center;\"><strong>2022-es dokumentumok<\/strong><\/h2>\n<ul>\n<li style=\"text-align: left;\"><a href=\"\/wp-content\/uploads\/2022\/03\/Szakmai-es-mukod-terv-Szabad-Szinhaz-2022.pdf\">Szakmai \u00e9s m\u0171k\u00f6d\u00e9si terv \u2013 Szabad Sz\u00ednh\u00e1z 2022<\/a><\/li>\n<li><a href=\"\/wp-content\/uploads\/2023\/03\/Szakmai-beszamolo-2022-rol-SZIN-TER-Egyesulet.pdf\">Szakmai besz\u00e1mol\u00f3 2022<\/a><\/li>\n<\/ul>\n<p>&nbsp;<\/p>\n<p>[\/et_pb_text][et_pb_text _builder_version=&#8221;4.27.4&#8243; _module_preset=&#8221;default&#8221; global_colors_info=&#8221;{}&#8221;]<\/p>\n<h2 style=\"text-align: center;\"><strong>2021-es dokumentumok<\/strong><\/h2>\n<p>[\/et_pb_text][et_pb_text _builder_version=&#8221;4.16&#8243; _module_preset=&#8221;default&#8221; text_text_color=&#8221;#0C71C3&#8243; custom_margin=&#8221;||-1px|||&#8221; link_option_url=&#8221;\/wp-content\/uploads\/2022\/01\/Szakmai-es-mukod-terv-Szabad-Szinhaz-2021.pdf&#8221; link_option_url_new_window=&#8221;on&#8221; global_colors_info=&#8221;{}&#8221;]<\/p>\n<ul>\n<li>Szakmai \u00e9s M\u0171k\u00f6d\u00e9si Terv &#8211; Szabad Sz\u00ednh\u00e1z 2021<\/li>\n<\/ul>\n<p>[\/et_pb_text][et_pb_text _builder_version=&#8221;4.16&#8243; _module_preset=&#8221;default&#8221; text_text_color=&#8221;#0C71C3&#8243; custom_margin=&#8221;||-1px|||&#8221; link_option_url=&#8221;\/wp-content\/uploads\/2022\/03\/Szakmai-beszamolo-2021-rol-SZIN-TER-Egyesulet.pdf&#8221; link_option_url_new_window=&#8221;on&#8221; global_colors_info=&#8221;{}&#8221;]<\/p>\n<ul>\n<li>Szakmai besz\u00e1mol\u00f3 &#8211; 2021<\/li>\n<\/ul>\n<p>[\/et_pb_text][et_pb_text _builder_version=&#8221;4.16&#8243; _module_preset=&#8221;default&#8221; custom_padding=&#8221;14px|||||&#8221; global_colors_info=&#8221;{}&#8221;]<\/p>\n<h2 style=\"text-align: center;\"><strong>2020-as dokumentumok<\/strong><\/h2>\n<p>[\/et_pb_text][et_pb_text _builder_version=&#8221;4.16&#8243; _module_preset=&#8221;default&#8221; text_text_color=&#8221;#0C71C3&#8243; custom_margin=&#8221;||-1px|||&#8221; link_option_url=&#8221;\/wp-content\/uploads\/2022\/01\/Szakmai-beszamolo-2020.pdf&#8221; link_option_url_new_window=&#8221;on&#8221; global_colors_info=&#8221;{}&#8221;]<\/p>\n<ul>\n<li>Szakmai-besz\u00e1mol\u00f3-2020<\/li>\n<\/ul>\n<p>[\/et_pb_text][et_pb_text _builder_version=&#8221;4.16&#8243; _module_preset=&#8221;default&#8221; text_text_color=&#8221;#0C71C3&#8243; custom_margin=&#8221;||-1px|||&#8221; link_option_url=&#8221;\/wp-content\/uploads\/2022\/02\/Szakmai-es-mukod-terv-Szabad-Szinhaz-2020.pdf&#8221; link_option_url_new_window=&#8221;on&#8221; global_colors_info=&#8221;{}&#8221;]<\/p>\n<ul>\n<li>Szakmai \u00e9s m\u0171k\u00f6d\u00e9si terv Szabad Sz\u00ednh\u00e1z 2020<\/li>\n<\/ul>\n<p>[\/et_pb_text][et_pb_text _builder_version=&#8221;4.16&#8243; _module_preset=&#8221;default&#8221; global_colors_info=&#8221;{}&#8221;]<\/p>\n<h2 style=\"text-align: center;\"><strong>2019-es dokumentumok<\/strong><\/h2>\n<p>[\/et_pb_text][et_pb_text _builder_version=&#8221;4.16&#8243; _module_preset=&#8221;default&#8221; text_text_color=&#8221;#0C71C3&#8243; custom_margin=&#8221;||-1px|||&#8221; link_option_url=&#8221;\/wp-content\/uploads\/2022\/01\/Szakmai-beszamolo-2019-rol-honlapra.docx&#8221; link_option_url_new_window=&#8221;on&#8221; global_colors_info=&#8221;{}&#8221;]<\/p>\n<ul>\n<li>Szakmai besz\u00e1mol\u00f3 2019<\/li>\n<\/ul>\n<p>[\/et_pb_text][et_pb_text _builder_version=&#8221;4.16&#8243; _module_preset=&#8221;default&#8221; text_text_color=&#8221;#0C71C3&#8243; custom_margin=&#8221;||-1px|||&#8221; link_option_url=&#8221;\/wp-content\/uploads\/2022\/02\/Szakmai-es-mukod-terv-Szabad-Szinhaz-20191.pdf&#8221; link_option_url_new_window=&#8221;on&#8221; global_colors_info=&#8221;{}&#8221;]<\/p>\n<ul>\n<li>Szakmai \u00e9s m\u0171k\u00f6d\u00e9si terv Szabad Sz\u00ednh\u00e1z 2019<\/li>\n<\/ul>\n<p>[\/et_pb_text][et_pb_text _builder_version=&#8221;4.16&#8243; _module_preset=&#8221;default&#8221; global_colors_info=&#8221;{}&#8221;]<\/p>\n<h2 style=\"text-align: center;\"><strong>2018-as dokumentumok<\/strong><\/h2>\n<p>[\/et_pb_text][et_pb_text _builder_version=&#8221;4.16&#8243; _module_preset=&#8221;default&#8221; text_text_color=&#8221;#0C71C3&#8243; custom_margin=&#8221;||-1px|||&#8221; link_option_url=&#8221;\/wp-content\/uploads\/2022\/02\/Szakmai-beszamolo-2018-Szin-Ter.pdf&#8221; link_option_url_new_window=&#8221;on&#8221; global_colors_info=&#8221;{}&#8221;]<\/p>\n<ul>\n<li>Szakmai besz\u00e1mol\u00f3 2018 Sz\u00edn-T\u00e9r<\/li>\n<\/ul>\n<p>[\/et_pb_text][\/et_pb_column][\/et_pb_row][\/et_pb_section]<\/p>\n","protected":false},"excerpt":{"rendered":"<p>EGYES\u00dcLET \u2013 Szakmai program2024-es dokumentumok Szakmai \u00e9s m\u0171k\u00f6d\u00e9si terv Szabad Sz\u00ednh\u00e1z 2024 Besz\u00e1mol\u00f3 2024 2023-as dokumentumok Szakmai \u00e9s m\u0171k\u00f6d\u00e9si terv Szabad Sz\u00ednh\u00e1z 2023 Besz\u00e1mol\u00f3 2023 2022-es dokumentumok Szakmai \u00e9s m\u0171k\u00f6d\u00e9si [&hellip;]<\/p>\n","protected":false},"author":2,"featured_media":0,"parent":0,"menu_order":0,"comment_status":"closed","ping_status":"closed","template":"","meta":{"_et_pb_use_builder":"on","_et_pb_old_content":"","_et_gb_content_width":"","_price":"","_stock":"","_tribe_ticket_header":"","_tribe_default_ticket_provider":"TEC\\Tickets\\Commerce\\Module","_ticket_start_date":"","_ticket_end_date":"","_tribe_ticket_show_description":"","_tribe_ticket_show_not_going":false,"_tribe_ticket_use_global_stock":"","_tribe_ticket_global_stock_level":"","_global_stock_mode":"","_global_stock_cap":"","_tribe_rsvp_for_event":"","_tribe_ticket_going_count":"","_tribe_ticket_not_going_count":"","_tribe_tickets_list":"[]","_tribe_ticket_has_attendee_info_fields":false,"footnotes":"","_tec_slr_enabled":"","_tec_slr_layout":""},"class_list":["post-129","page","type-page","status-publish","hentry"],"yoast_head":"<!-- This site is optimized with the Yoast SEO plugin v25.0 - https:\/\/yoast.com\/wordpress\/plugins\/seo\/ -->\n<title>Szakmai program - Szabad Sz\u00ednh\u00e1z<\/title>\n<meta name=\"robots\" content=\"index, follow, max-snippet:-1, max-image-preview:large, max-video-preview:-1\" \/>\n<link rel=\"canonical\" href=\"https:\/\/www.szabadszinhaz.hu\/en\/szakmai-program\/\" \/>\n<meta property=\"og:locale\" content=\"en_US\" \/>\n<meta property=\"og:type\" content=\"article\" \/>\n<meta property=\"og:title\" content=\"Szakmai program - Szabad Sz\u00ednh\u00e1z\" \/>\n<meta property=\"og:description\" content=\"EGYES\u00dcLET \u2013 Szakmai program2024-es dokumentumok Szakmai \u00e9s m\u0171k\u00f6d\u00e9si terv Szabad Sz\u00ednh\u00e1z 2024 Besz\u00e1mol\u00f3 2024 2023-as dokumentumok Szakmai \u00e9s m\u0171k\u00f6d\u00e9si terv Szabad Sz\u00ednh\u00e1z 2023 Besz\u00e1mol\u00f3 2023 2022-es dokumentumok Szakmai \u00e9s m\u0171k\u00f6d\u00e9si [&hellip;]\" \/>\n<meta property=\"og:url\" content=\"https:\/\/www.szabadszinhaz.hu\/en\/szakmai-program\/\" \/>\n<meta property=\"og:site_name\" content=\"Szabad Sz\u00ednh\u00e1z\" \/>\n<meta property=\"article:publisher\" content=\"https:\/\/www.facebook.com\/szabadszinhaz\" \/>\n<meta property=\"article:modified_time\" content=\"2025-04-03T20:33:12+00:00\" \/>\n<meta name=\"twitter:card\" content=\"summary_large_image\" \/>\n<meta name=\"twitter:label1\" content=\"Est. reading time\" \/>\n\t<meta name=\"twitter:data1\" content=\"1 minute\" \/>\n<script type=\"application\/ld+json\" class=\"yoast-schema-graph\">{\"@context\":\"https:\/\/schema.org\",\"@graph\":[{\"@type\":\"WebPage\",\"@id\":\"https:\/\/www.szabadszinhaz.hu\/szakmai-program\/\",\"url\":\"https:\/\/www.szabadszinhaz.hu\/szakmai-program\/\",\"name\":\"Szakmai program - Szabad Sz\u00ednh\u00e1z\",\"isPartOf\":{\"@id\":\"https:\/\/www.szabadszinhaz.hu\/#website\"},\"datePublished\":\"2021-11-29T12:08:33+00:00\",\"dateModified\":\"2025-04-03T20:33:12+00:00\",\"breadcrumb\":{\"@id\":\"https:\/\/www.szabadszinhaz.hu\/szakmai-program\/#breadcrumb\"},\"inLanguage\":\"en-US\",\"potentialAction\":[{\"@type\":\"ReadAction\",\"target\":[\"https:\/\/www.szabadszinhaz.hu\/szakmai-program\/\"]}]},{\"@type\":\"BreadcrumbList\",\"@id\":\"https:\/\/www.szabadszinhaz.hu\/szakmai-program\/#breadcrumb\",\"itemListElement\":[{\"@type\":\"ListItem\",\"position\":1,\"name\":\"Kezd\u0151lap\",\"item\":\"https:\/\/www.szabadszinhaz.hu\/\"},{\"@type\":\"ListItem\",\"position\":2,\"name\":\"Szakmai program\"}]},{\"@type\":\"WebSite\",\"@id\":\"https:\/\/www.szabadszinhaz.hu\/#website\",\"url\":\"https:\/\/www.szabadszinhaz.hu\/\",\"name\":\"Szabad Sz\u00ednh\u00e1z\",\"description\":\"Szabad Sz\u00ednh\u00e1z\",\"publisher\":{\"@id\":\"https:\/\/www.szabadszinhaz.hu\/#organization\"},\"potentialAction\":[{\"@type\":\"SearchAction\",\"target\":{\"@type\":\"EntryPoint\",\"urlTemplate\":\"https:\/\/www.szabadszinhaz.hu\/?s={search_term_string}\"},\"query-input\":{\"@type\":\"PropertyValueSpecification\",\"valueRequired\":true,\"valueName\":\"search_term_string\"}}],\"inLanguage\":\"en-US\"},{\"@type\":\"Organization\",\"@id\":\"https:\/\/www.szabadszinhaz.hu\/#organization\",\"name\":\"Szabad Sz\u00ednh\u00e1z SZ\u00cdN-T\u00c9R Egyes\u00fclet\",\"url\":\"https:\/\/www.szabadszinhaz.hu\/\",\"logo\":{\"@type\":\"ImageObject\",\"inLanguage\":\"en-US\",\"@id\":\"https:\/\/www.szabadszinhaz.hu\/#\/schema\/logo\/image\/\",\"url\":\"https:\/\/www.szabadszinhaz.hu\/wp-content\/uploads\/2025\/01\/images.jpg\",\"contentUrl\":\"https:\/\/www.szabadszinhaz.hu\/wp-content\/uploads\/2025\/01\/images.jpg\",\"width\":178,\"height\":284,\"caption\":\"Szabad Sz\u00ednh\u00e1z SZ\u00cdN-T\u00c9R Egyes\u00fclet\"},\"image\":{\"@id\":\"https:\/\/www.szabadszinhaz.hu\/#\/schema\/logo\/image\/\"},\"sameAs\":[\"https:\/\/www.facebook.com\/szabadszinhaz\"]}]}<\/script>\n<!-- \/ Yoast SEO plugin. -->","yoast_head_json":{"title":"Szakmai program - Szabad Sz\u00ednh\u00e1z","robots":{"index":"index","follow":"follow","max-snippet":"max-snippet:-1","max-image-preview":"max-image-preview:large","max-video-preview":"max-video-preview:-1"},"canonical":"https:\/\/www.szabadszinhaz.hu\/en\/szakmai-program\/","og_locale":"en_US","og_type":"article","og_title":"Szakmai program - Szabad Sz\u00ednh\u00e1z","og_description":"EGYES\u00dcLET \u2013 Szakmai program2024-es dokumentumok Szakmai \u00e9s m\u0171k\u00f6d\u00e9si terv Szabad Sz\u00ednh\u00e1z 2024 Besz\u00e1mol\u00f3 2024 2023-as dokumentumok Szakmai \u00e9s m\u0171k\u00f6d\u00e9si terv Szabad Sz\u00ednh\u00e1z 2023 Besz\u00e1mol\u00f3 2023 2022-es dokumentumok Szakmai \u00e9s m\u0171k\u00f6d\u00e9si [&hellip;]","og_url":"https:\/\/www.szabadszinhaz.hu\/en\/szakmai-program\/","og_site_name":"Szabad Sz\u00ednh\u00e1z","article_publisher":"https:\/\/www.facebook.com\/szabadszinhaz","article_modified_time":"2025-04-03T20:33:12+00:00","twitter_card":"summary_large_image","twitter_misc":{"Est. reading time":"1 minute"},"schema":{"@context":"https:\/\/schema.org","@graph":[{"@type":"WebPage","@id":"https:\/\/www.szabadszinhaz.hu\/szakmai-program\/","url":"https:\/\/www.szabadszinhaz.hu\/szakmai-program\/","name":"Szakmai program - Szabad Sz\u00ednh\u00e1z","isPartOf":{"@id":"https:\/\/www.szabadszinhaz.hu\/#website"},"datePublished":"2021-11-29T12:08:33+00:00","dateModified":"2025-04-03T20:33:12+00:00","breadcrumb":{"@id":"https:\/\/www.szabadszinhaz.hu\/szakmai-program\/#breadcrumb"},"inLanguage":"en-US","potentialAction":[{"@type":"ReadAction","target":["https:\/\/www.szabadszinhaz.hu\/szakmai-program\/"]}]},{"@type":"BreadcrumbList","@id":"https:\/\/www.szabadszinhaz.hu\/szakmai-program\/#breadcrumb","itemListElement":[{"@type":"ListItem","position":1,"name":"Kezd\u0151lap","item":"https:\/\/www.szabadszinhaz.hu\/"},{"@type":"ListItem","position":2,"name":"Szakmai program"}]},{"@type":"WebSite","@id":"https:\/\/www.szabadszinhaz.hu\/#website","url":"https:\/\/www.szabadszinhaz.hu\/","name":"Free Theatre - Szabad Sz\u00ednh\u00e1z","description":"Free Theatre - Szabad Sz\u00ednh\u00e1z","publisher":{"@id":"https:\/\/www.szabadszinhaz.hu\/#organization"},"potentialAction":[{"@type":"SearchAction","target":{"@type":"EntryPoint","urlTemplate":"https:\/\/www.szabadszinhaz.hu\/?s={search_term_string}"},"query-input":{"@type":"PropertyValueSpecification","valueRequired":true,"valueName":"search_term_string"}}],"inLanguage":"en-US"},{"@type":"Organization","@id":"https:\/\/www.szabadszinhaz.hu\/#organization","name":"Szabad Sz\u00ednh\u00e1z SZ\u00cdN-T\u00c9R Egyes\u00fclet","url":"https:\/\/www.szabadszinhaz.hu\/","logo":{"@type":"ImageObject","inLanguage":"en-US","@id":"https:\/\/www.szabadszinhaz.hu\/#\/schema\/logo\/image\/","url":"https:\/\/www.szabadszinhaz.hu\/wp-content\/uploads\/2025\/01\/images.jpg","contentUrl":"https:\/\/www.szabadszinhaz.hu\/wp-content\/uploads\/2025\/01\/images.jpg","width":178,"height":284,"caption":"Szabad Sz\u00ednh\u00e1z SZ\u00cdN-T\u00c9R Egyes\u00fclet"},"image":{"@id":"https:\/\/www.szabadszinhaz.hu\/#\/schema\/logo\/image\/"},"sameAs":["https:\/\/www.facebook.com\/szabadszinhaz"]}]}},"ticketed":false,"_links":{"self":[{"href":"https:\/\/www.szabadszinhaz.hu\/en\/wp-json\/wp\/v2\/pages\/129","targetHints":{"allow":["GET"]}}],"collection":[{"href":"https:\/\/www.szabadszinhaz.hu\/en\/wp-json\/wp\/v2\/pages"}],"about":[{"href":"https:\/\/www.szabadszinhaz.hu\/en\/wp-json\/wp\/v2\/types\/page"}],"author":[{"embeddable":true,"href":"https:\/\/www.szabadszinhaz.hu\/en\/wp-json\/wp\/v2\/users\/2"}],"replies":[{"embeddable":true,"href":"https:\/\/www.szabadszinhaz.hu\/en\/wp-json\/wp\/v2\/comments?post=129"}],"version-history":[{"count":14,"href":"https:\/\/www.szabadszinhaz.hu\/en\/wp-json\/wp\/v2\/pages\/129\/revisions"}],"predecessor-version":[{"id":9169,"href":"https:\/\/www.szabadszinhaz.hu\/en\/wp-json\/wp\/v2\/pages\/129\/revisions\/9169"}],"wp:attachment":[{"href":"https:\/\/www.szabadszinhaz.hu\/en\/wp-json\/wp\/v2\/media?parent=129"}],"curies":[{"name":"wp","href":"https:\/\/api.w.org\/{rel}","templated":true}]}}