{"id":4675,"date":"2022-02-20T10:20:42","date_gmt":"2022-02-20T09:20:42","guid":{"rendered":"http:\/\/www.szabszinhaz.hu\/?page_id=4675"},"modified":"2022-02-20T10:22:14","modified_gmt":"2022-02-20T09:22:14","slug":"fenyomanok","status":"publish","type":"page","link":"http:\/\/www.szabadszinhaz.hu\/en\/gyermekeloadasok\/fenyomanok\/","title":{"rendered":"Feny\u0151man\u00f3k"},"content":{"rendered":"<p>[et_pb_section fb_built=&#8221;1&#8243; _builder_version=&#8221;4.14.1&#8243; _module_preset=&#8221;default&#8221; background_color=&#8221;#fff1d0&#8243; global_colors_info=&#8221;{}&#8221;][et_pb_row _builder_version=&#8221;4.14.1&#8243; _module_preset=&#8221;default&#8221; global_colors_info=&#8221;{}&#8221;][et_pb_column type=&#8221;4_4&#8243; _builder_version=&#8221;4.14.1&#8243; _module_preset=&#8221;default&#8221; global_colors_info=&#8221;{}&#8221;][et_pb_text _builder_version=&#8221;4.14.4&#8243; _module_preset=&#8221;default&#8221; text_text_color=&#8221;#000000&#8243; text_font_size=&#8221;28px&#8221; hover_enabled=&#8221;0&#8243; global_colors_info=&#8221;{}&#8221; sticky_enabled=&#8221;0&#8243;]<\/p>\n<p><strong>Feny\u0151man\u00f3k<\/strong><\/p>\n<p>[\/et_pb_text][\/et_pb_column][\/et_pb_row][et_pb_row _builder_version=&#8221;4.14.1&#8243; _module_preset=&#8221;default&#8221; custom_padding=&#8221;3px||0px|||&#8221; global_colors_info=&#8221;{}&#8221;][et_pb_column type=&#8221;4_4&#8243; _builder_version=&#8221;4.14.1&#8243; _module_preset=&#8221;default&#8221; global_colors_info=&#8221;{}&#8221;][et_pb_divider color=&#8221;#000000&#8243; divider_weight=&#8221;4px&#8221; _builder_version=&#8221;4.14.1&#8243; _module_preset=&#8221;default&#8221; custom_margin=&#8221;-10px||-58px|||&#8221; global_colors_info=&#8221;{}&#8221;][\/et_pb_divider][\/et_pb_column][\/et_pb_row][et_pb_row _builder_version=&#8221;4.14.1&#8243; _module_preset=&#8221;default&#8221; custom_padding=&#8221;3px|||||&#8221; global_colors_info=&#8221;{}&#8221;][et_pb_column type=&#8221;4_4&#8243; _builder_version=&#8221;4.14.1&#8243; _module_preset=&#8221;default&#8221; global_colors_info=&#8221;{}&#8221;][et_pb_text _builder_version=&#8221;4.14.4&#8243; _module_preset=&#8221;default&#8221; text_text_color=&#8221;#000000&#8243; text_font_size=&#8221;17px&#8221; text_orientation=&#8221;justified&#8221; hover_enabled=&#8221;0&#8243; global_colors_info=&#8221;{}&#8221; sticky_enabled=&#8221;0&#8243;]<\/p>\n<p>K\u00f6zeledik a Kar\u00e1csony a bar\u00e1ts\u00e1gos Bergeng\u00f3ci\u00e1ban. A man\u00f3k a k\u00e9sz\u00fcl\u0151d\u00e9ssel t\u00f6ltik az idej\u00fcket, ki a kar\u00e1csonyi kugl\u00f3fot, ki a t\u00f6lt\u00f6tt k\u00e1poszt\u00e1t k\u00e9sz\u00edti az \u00fcnnepekre, mikor v\u00e1ratlan l\u00e1togat\u00f3 \u00e9rkezik. A cs\u00faf \u00e9s gonosz \u00c1gota, a r\u00e9zorr\u00fa boszork\u00e1ny szeretn\u00e9 t\u00f6nkretenni a bar\u00e1ts\u00e1gos Bergeng\u00f3ciaiak Kar\u00e1csony\u00e1t, \u00e9s elrabolja a kar\u00e1csony csillag\u00e1t. Azt pedig a legkisebbek is tudhatj\u00e1k, hogy a Kar\u00e1csony csillaga n\u00e9lk\u00fcl nem lehet boldog kar\u00e1csonyt tartani\u2026<br \/>Egy es\u00e9lye marad a Bergeng\u00f3ciaiknak, Atanz\u00e1z, a man\u00f3k legb\u00f6lcsebb \u00e9s leg\u00f6regebb lesz\u00e1rmazottja, aki tal\u00e1n vissza tudja szerezni a kar\u00e1csony csillag\u00e1t, ehhez azonban a gyerekek seg\u00edts\u00e9g\u00e9re is sz\u00fcks\u00e9ge lesz. ..<\/p>\n<p>A Szabad Sz\u00ednh\u00e1z Bajusz mes\u00e9k c\u00edm\u0171 b\u00e1bsorozat\u00e1nak egyik \u00fajabb t\u00f6rt\u00e9net\u00e9vel v\u00e1rjuk a kicsiket \u00e9s nagyokat, mely ez\u00fattal a kar\u00e1csonyi k\u00e9sz\u00fcl\u0151d\u00e9sr\u0151l \u00e9s az odafigyel\u00e9sr\u0151l sz\u00f3l. Az interakt\u00edv b\u00e1bel\u0151ad\u00e1st, \u00e9l\u0151zen\u00e9vel a Zombori zenekar k\u00eds\u00e9ri.<\/p>\n<p>[\/et_pb_text][et_pb_image src=&#8221;\/wp-content\/uploads\/2022\/01\/fenyomano.jpg&#8221; title_text=&#8221;fenyomano&#8221; align=&#8221;center&#8221; _builder_version=&#8221;4.14.4&#8243; _module_preset=&#8221;default&#8221; hover_enabled=&#8221;0&#8243; global_colors_info=&#8221;{}&#8221; sticky_enabled=&#8221;0&#8243;][\/et_pb_image][\/et_pb_column][\/et_pb_row][\/et_pb_section]<\/p>\n","protected":false},"excerpt":{"rendered":"<p>Feny\u0151man\u00f3kK\u00f6zeledik a Kar\u00e1csony a bar\u00e1ts\u00e1gos Bergeng\u00f3ci\u00e1ban. A man\u00f3k a k\u00e9sz\u00fcl\u0151d\u00e9ssel t\u00f6ltik az idej\u00fcket, ki a kar\u00e1csonyi kugl\u00f3fot, ki a t\u00f6lt\u00f6tt k\u00e1poszt\u00e1t k\u00e9sz\u00edti az \u00fcnnepekre, mikor v\u00e1ratlan l\u00e1togat\u00f3 \u00e9rkezik. A cs\u00faf [&hellip;]<\/p>\n","protected":false},"author":2,"featured_media":0,"parent":83,"menu_order":0,"comment_status":"closed","ping_status":"closed","template":"","meta":{"_et_pb_use_builder":"on","_et_pb_old_content":"","_et_gb_content_width":"","_price":"","_stock":"","_tribe_ticket_header":"","_tribe_default_ticket_provider":"","_ticket_start_date":"","_ticket_end_date":"","_tribe_ticket_show_description":"","_tribe_ticket_show_not_going":false,"_tribe_ticket_use_global_stock":"","_tribe_ticket_global_stock_level":"","_global_stock_mode":"","_global_stock_cap":"","_tribe_rsvp_for_event":"","_tribe_ticket_going_count":"","_tribe_ticket_not_going_count":"","_tribe_tickets_list":"[]","_tribe_ticket_has_attendee_info_fields":false,"footnotes":"","_tec_slr_enabled":"","_tec_slr_layout":""},"class_list":["post-4675","page","type-page","status-publish","hentry"],"yoast_head":"<!-- This site is optimized with the Yoast SEO plugin v25.0 - https:\/\/yoast.com\/wordpress\/plugins\/seo\/ -->\n<title>Feny\u0151man\u00f3k - Szabad Sz\u00ednh\u00e1z<\/title>\n<meta name=\"robots\" content=\"index, follow, max-snippet:-1, max-image-preview:large, max-video-preview:-1\" \/>\n<link rel=\"canonical\" href=\"https:\/\/www.szabadszinhaz.hu\/en\/gyermekeloadasok\/fenyomanok\/\" \/>\n<meta property=\"og:locale\" content=\"en_US\" \/>\n<meta property=\"og:type\" content=\"article\" \/>\n<meta property=\"og:title\" content=\"Feny\u0151man\u00f3k - Szabad Sz\u00ednh\u00e1z\" \/>\n<meta property=\"og:description\" content=\"Feny\u0151man\u00f3kK\u00f6zeledik a Kar\u00e1csony a bar\u00e1ts\u00e1gos Bergeng\u00f3ci\u00e1ban. A man\u00f3k a k\u00e9sz\u00fcl\u0151d\u00e9ssel t\u00f6ltik az idej\u00fcket, ki a kar\u00e1csonyi kugl\u00f3fot, ki a t\u00f6lt\u00f6tt k\u00e1poszt\u00e1t k\u00e9sz\u00edti az \u00fcnnepekre, mikor v\u00e1ratlan l\u00e1togat\u00f3 \u00e9rkezik. A cs\u00faf [&hellip;]\" \/>\n<meta property=\"og:url\" content=\"https:\/\/www.szabadszinhaz.hu\/en\/gyermekeloadasok\/fenyomanok\/\" \/>\n<meta property=\"og:site_name\" content=\"Szabad Sz\u00ednh\u00e1z\" \/>\n<meta property=\"article:publisher\" content=\"https:\/\/www.facebook.com\/szabadszinhaz\" \/>\n<meta property=\"article:modified_time\" content=\"2022-02-20T09:22:14+00:00\" \/>\n<meta name=\"twitter:card\" content=\"summary_large_image\" \/>\n<meta name=\"twitter:label1\" content=\"Est. reading time\" \/>\n\t<meta name=\"twitter:data1\" content=\"2 minutes\" \/>\n<script type=\"application\/ld+json\" class=\"yoast-schema-graph\">{\"@context\":\"https:\/\/schema.org\",\"@graph\":[{\"@type\":\"WebPage\",\"@id\":\"https:\/\/www.szabadszinhaz.hu\/gyermekeloadasok\/fenyomanok\/\",\"url\":\"https:\/\/www.szabadszinhaz.hu\/gyermekeloadasok\/fenyomanok\/\",\"name\":\"Feny\u0151man\u00f3k - Szabad Sz\u00ednh\u00e1z\",\"isPartOf\":{\"@id\":\"https:\/\/www.szabadszinhaz.hu\/#website\"},\"datePublished\":\"2022-02-20T09:20:42+00:00\",\"dateModified\":\"2022-02-20T09:22:14+00:00\",\"breadcrumb\":{\"@id\":\"https:\/\/www.szabadszinhaz.hu\/gyermekeloadasok\/fenyomanok\/#breadcrumb\"},\"inLanguage\":\"en-US\",\"potentialAction\":[{\"@type\":\"ReadAction\",\"target\":[\"https:\/\/www.szabadszinhaz.hu\/gyermekeloadasok\/fenyomanok\/\"]}]},{\"@type\":\"BreadcrumbList\",\"@id\":\"https:\/\/www.szabadszinhaz.hu\/gyermekeloadasok\/fenyomanok\/#breadcrumb\",\"itemListElement\":[{\"@type\":\"ListItem\",\"position\":1,\"name\":\"Kezd\u0151lap\",\"item\":\"https:\/\/www.szabadszinhaz.hu\/\"},{\"@type\":\"ListItem\",\"position\":2,\"name\":\"Gyermekel\u0151ad\u00e1sok\",\"item\":\"https:\/\/www.szabadszinhaz.hu\/gyermekeloadasok\/\"},{\"@type\":\"ListItem\",\"position\":3,\"name\":\"Feny\u0151man\u00f3k\"}]},{\"@type\":\"WebSite\",\"@id\":\"https:\/\/www.szabadszinhaz.hu\/#website\",\"url\":\"https:\/\/www.szabadszinhaz.hu\/\",\"name\":\"Szabad Sz\u00ednh\u00e1z\",\"description\":\"Szabad Sz\u00ednh\u00e1z\",\"publisher\":{\"@id\":\"https:\/\/www.szabadszinhaz.hu\/#organization\"},\"potentialAction\":[{\"@type\":\"SearchAction\",\"target\":{\"@type\":\"EntryPoint\",\"urlTemplate\":\"https:\/\/www.szabadszinhaz.hu\/?s={search_term_string}\"},\"query-input\":{\"@type\":\"PropertyValueSpecification\",\"valueRequired\":true,\"valueName\":\"search_term_string\"}}],\"inLanguage\":\"en-US\"},{\"@type\":\"Organization\",\"@id\":\"https:\/\/www.szabadszinhaz.hu\/#organization\",\"name\":\"Szabad Sz\u00ednh\u00e1z SZ\u00cdN-T\u00c9R Egyes\u00fclet\",\"url\":\"https:\/\/www.szabadszinhaz.hu\/\",\"logo\":{\"@type\":\"ImageObject\",\"inLanguage\":\"en-US\",\"@id\":\"https:\/\/www.szabadszinhaz.hu\/#\/schema\/logo\/image\/\",\"url\":\"https:\/\/www.szabadszinhaz.hu\/wp-content\/uploads\/2025\/01\/images.jpg\",\"contentUrl\":\"https:\/\/www.szabadszinhaz.hu\/wp-content\/uploads\/2025\/01\/images.jpg\",\"width\":178,\"height\":284,\"caption\":\"Szabad Sz\u00ednh\u00e1z SZ\u00cdN-T\u00c9R Egyes\u00fclet\"},\"image\":{\"@id\":\"https:\/\/www.szabadszinhaz.hu\/#\/schema\/logo\/image\/\"},\"sameAs\":[\"https:\/\/www.facebook.com\/szabadszinhaz\"]}]}<\/script>\n<!-- \/ Yoast SEO plugin. -->","yoast_head_json":{"title":"Feny\u0151man\u00f3k - Szabad Sz\u00ednh\u00e1z","robots":{"index":"index","follow":"follow","max-snippet":"max-snippet:-1","max-image-preview":"max-image-preview:large","max-video-preview":"max-video-preview:-1"},"canonical":"https:\/\/www.szabadszinhaz.hu\/en\/gyermekeloadasok\/fenyomanok\/","og_locale":"en_US","og_type":"article","og_title":"Feny\u0151man\u00f3k - Szabad Sz\u00ednh\u00e1z","og_description":"Feny\u0151man\u00f3kK\u00f6zeledik a Kar\u00e1csony a bar\u00e1ts\u00e1gos Bergeng\u00f3ci\u00e1ban. A man\u00f3k a k\u00e9sz\u00fcl\u0151d\u00e9ssel t\u00f6ltik az idej\u00fcket, ki a kar\u00e1csonyi kugl\u00f3fot, ki a t\u00f6lt\u00f6tt k\u00e1poszt\u00e1t k\u00e9sz\u00edti az \u00fcnnepekre, mikor v\u00e1ratlan l\u00e1togat\u00f3 \u00e9rkezik. A cs\u00faf [&hellip;]","og_url":"https:\/\/www.szabadszinhaz.hu\/en\/gyermekeloadasok\/fenyomanok\/","og_site_name":"Szabad Sz\u00ednh\u00e1z","article_publisher":"https:\/\/www.facebook.com\/szabadszinhaz","article_modified_time":"2022-02-20T09:22:14+00:00","twitter_card":"summary_large_image","twitter_misc":{"Est. reading time":"2 minutes"},"schema":{"@context":"https:\/\/schema.org","@graph":[{"@type":"WebPage","@id":"https:\/\/www.szabadszinhaz.hu\/gyermekeloadasok\/fenyomanok\/","url":"https:\/\/www.szabadszinhaz.hu\/gyermekeloadasok\/fenyomanok\/","name":"Feny\u0151man\u00f3k - Szabad Sz\u00ednh\u00e1z","isPartOf":{"@id":"https:\/\/www.szabadszinhaz.hu\/#website"},"datePublished":"2022-02-20T09:20:42+00:00","dateModified":"2022-02-20T09:22:14+00:00","breadcrumb":{"@id":"https:\/\/www.szabadszinhaz.hu\/gyermekeloadasok\/fenyomanok\/#breadcrumb"},"inLanguage":"en-US","potentialAction":[{"@type":"ReadAction","target":["https:\/\/www.szabadszinhaz.hu\/gyermekeloadasok\/fenyomanok\/"]}]},{"@type":"BreadcrumbList","@id":"https:\/\/www.szabadszinhaz.hu\/gyermekeloadasok\/fenyomanok\/#breadcrumb","itemListElement":[{"@type":"ListItem","position":1,"name":"Kezd\u0151lap","item":"https:\/\/www.szabadszinhaz.hu\/"},{"@type":"ListItem","position":2,"name":"Gyermekel\u0151ad\u00e1sok","item":"https:\/\/www.szabadszinhaz.hu\/gyermekeloadasok\/"},{"@type":"ListItem","position":3,"name":"Feny\u0151man\u00f3k"}]},{"@type":"WebSite","@id":"https:\/\/www.szabadszinhaz.hu\/#website","url":"https:\/\/www.szabadszinhaz.hu\/","name":"Free Theatre - Szabad Sz\u00ednh\u00e1z","description":"Free Theatre - Szabad Sz\u00ednh\u00e1z","publisher":{"@id":"https:\/\/www.szabadszinhaz.hu\/#organization"},"potentialAction":[{"@type":"SearchAction","target":{"@type":"EntryPoint","urlTemplate":"https:\/\/www.szabadszinhaz.hu\/?s={search_term_string}"},"query-input":{"@type":"PropertyValueSpecification","valueRequired":true,"valueName":"search_term_string"}}],"inLanguage":"en-US"},{"@type":"Organization","@id":"https:\/\/www.szabadszinhaz.hu\/#organization","name":"Szabad Sz\u00ednh\u00e1z SZ\u00cdN-T\u00c9R Egyes\u00fclet","url":"https:\/\/www.szabadszinhaz.hu\/","logo":{"@type":"ImageObject","inLanguage":"en-US","@id":"https:\/\/www.szabadszinhaz.hu\/#\/schema\/logo\/image\/","url":"https:\/\/www.szabadszinhaz.hu\/wp-content\/uploads\/2025\/01\/images.jpg","contentUrl":"https:\/\/www.szabadszinhaz.hu\/wp-content\/uploads\/2025\/01\/images.jpg","width":178,"height":284,"caption":"Szabad Sz\u00ednh\u00e1z SZ\u00cdN-T\u00c9R Egyes\u00fclet"},"image":{"@id":"https:\/\/www.szabadszinhaz.hu\/#\/schema\/logo\/image\/"},"sameAs":["https:\/\/www.facebook.com\/szabadszinhaz"]}]}},"ticketed":false,"_links":{"self":[{"href":"http:\/\/www.szabadszinhaz.hu\/en\/wp-json\/wp\/v2\/pages\/4675","targetHints":{"allow":["GET"]}}],"collection":[{"href":"http:\/\/www.szabadszinhaz.hu\/en\/wp-json\/wp\/v2\/pages"}],"about":[{"href":"http:\/\/www.szabadszinhaz.hu\/en\/wp-json\/wp\/v2\/types\/page"}],"author":[{"embeddable":true,"href":"http:\/\/www.szabadszinhaz.hu\/en\/wp-json\/wp\/v2\/users\/2"}],"replies":[{"embeddable":true,"href":"http:\/\/www.szabadszinhaz.hu\/en\/wp-json\/wp\/v2\/comments?post=4675"}],"version-history":[{"count":4,"href":"http:\/\/www.szabadszinhaz.hu\/en\/wp-json\/wp\/v2\/pages\/4675\/revisions"}],"predecessor-version":[{"id":4680,"href":"http:\/\/www.szabadszinhaz.hu\/en\/wp-json\/wp\/v2\/pages\/4675\/revisions\/4680"}],"up":[{"embeddable":true,"href":"http:\/\/www.szabadszinhaz.hu\/en\/wp-json\/wp\/v2\/pages\/83"}],"wp:attachment":[{"href":"http:\/\/www.szabadszinhaz.hu\/en\/wp-json\/wp\/v2\/media?parent=4675"}],"curies":[{"name":"wp","href":"https:\/\/api.w.org\/{rel}","templated":true}]}}